{"id":967,"date":"2020-12-28T18:20:35","date_gmt":"2020-12-28T17:20:35","guid":{"rendered":"http:\/\/moniteur.ovh\/?page_id=967"},"modified":"2022-02-19T18:59:40","modified_gmt":"2022-02-19T17:59:40","slug":"proces-verbal-conseil-dagglomeration-du-23-septembre-2020","status":"publish","type":"page","link":"https:\/\/www.alternative-citoyenne.fr\/index.php\/proces-verbal-conseil-dagglomeration-du-23-septembre-2020\/","title":{"rendered":"23 septembre 2020"},"content":{"rendered":"\n<p><a href=\"http:\/\/moniteur.ovh\/wp-content\/uploads\/2020\/12\/20200923-PV-23-septembre-2020.pdf\" target=\"_blank\" rel=\"noreferrer noopener\">PV du conseil d&rsquo;agglom\u00e9ration du 23 septembre 2020<\/a><\/p>\n\n\n\n<p>Bertrand Coisne intervient sur le rapport de gestion 2019 de la SPL L&rsquo;Or Am\u00e9nagement. (Rapport 1 page 4).<\/p>\n\n\n\n<p>Daniel Bourguet fait remarquer que la parit\u00e9 n&rsquo;est pas respect\u00e9e dans le bureau de l&rsquo;Agglom\u00e9ration (pas d&rsquo;\u00e9lues femmes parmi les maires des huit communes). Il demande que dans les repr\u00e9sentations de l&rsquo;Agglom\u00e9ration, les vice-pr\u00e9sidentes d\u00e9sign\u00e9es par le Pr\u00e9sident de l&rsquo;Agglo soient mises en avant. (Rapport 10 page 11).<\/p>\n\n\n\n<p>Daniel Bourguet demande un rapport sur le retrait des poubelles des plages. (Rapport 11 page 12).<\/p>\n\n\n\n<p>Daniel Bourguet demande \u00e0 qui doivent s&rsquo;adresser les gens qui veulent obtenir des poubelles jaunes plus grandes. (Rapport 12 page 13).<\/p>\n","protected":false},"excerpt":{"rendered":"<p>PV du conseil d&rsquo;agglom\u00e9ration du 23 septembre 2020 Bertrand Coisne intervient sur le rapport de gestion 2019 de la SPL L&rsquo;Or Am\u00e9nagement. (Rapport 1 page 4). Daniel Bourguet fait remarquer que la parit\u00e9 n&rsquo;est pas respect\u00e9e dans le bureau de&hellip;<\/p>\n<p class=\"more-link-p\"><a class=\"more-link\" href=\"https:\/\/www.alternative-citoyenne.fr\/index.php\/proces-verbal-conseil-dagglomeration-du-23-septembre-2020\/\">Read more &rarr;<\/a><\/p>\n","protected":false},"author":2,"featured_media":0,"parent":0,"menu_order":0,"comment_status":"closed","ping_status":"closed","template":"","meta":[],"_links":{"self":[{"href":"https:\/\/www.alternative-citoyenne.fr\/index.php\/wp-json\/wp\/v2\/pages\/967"}],"collection":[{"href":"https:\/\/www.alternative-citoyenne.fr\/index.php\/wp-json\/wp\/v2\/pages"}],"about":[{"href":"https:\/\/www.alternative-citoyenne.fr\/index.php\/wp-json\/wp\/v2\/types\/page"}],"author":[{"embeddable":true,"href":"https:\/\/www.alternative-citoyenne.fr\/index.php\/wp-json\/wp\/v2\/users\/2"}],"replies":[{"embeddable":true,"href":"https:\/\/www.alternative-citoyenne.fr\/index.php\/wp-json\/wp\/v2\/comments?post=967"}],"version-history":[{"count":7,"href":"https:\/\/www.alternative-citoyenne.fr\/index.php\/wp-json\/wp\/v2\/pages\/967\/revisions"}],"predecessor-version":[{"id":1655,"href":"https:\/\/www.alternative-citoyenne.fr\/index.php\/wp-json\/wp\/v2\/pages\/967\/revisions\/1655"}],"wp:attachment":[{"href":"https:\/\/www.alternative-citoyenne.fr\/index.php\/wp-json\/wp\/v2\/media?parent=967"}],"curies":[{"name":"wp","href":"https:\/\/api.w.org\/{rel}","templated":true}]}}