{"id":766,"date":"2020-10-12T17:21:58","date_gmt":"2020-10-12T15:21:58","guid":{"rendered":"http:\/\/moniteur.ovh\/?page_id=766"},"modified":"2020-10-12T17:36:35","modified_gmt":"2020-10-12T15:36:35","slug":"scot-du-pays-de-lor","status":"publish","type":"page","link":"https:\/\/moniteur.ovh\/index.php\/scot-du-pays-de-lor\/","title":{"rendered":"Projet de r\u00e9vision du SCoT du pays de l&rsquo;Or"},"content":{"rendered":"\n<p class=\"has-text-color has-very-dark-gray-color\"> Le Sch\u00e9ma de coh\u00e9rence territoriale (SCoT) est un document d&rsquo;urbanisme qui d\u00e9termine, \u00e0 l\u2019\u00e9chelle de plusieurs communes un projet de territoire visant \u00e0 mettre en coh\u00e9rence l&rsquo;ensemble des  politiques sectorielles, notamment en mati\u00e8re d\u2019habitat, de mobilit\u00e9,  d\u2019am\u00e9nagement commercial, d\u2019environnement et de paysage.  Il engage ces territoires pour de nombreuses ann\u00e9es, d&rsquo;o\u00f9 son importance. Ci-dessous vous trouverez le rapport \u00e9tabli \u00e0 l&rsquo;issu de l&rsquo;enqu\u00eate d&rsquo;utilit\u00e9 publique dans lequel figure les observations de plusieurs des actuels \u00e9lus de l&rsquo;Alternative Citoyenne.<\/p>\n\n\n\n<p><a rel=\"noreferrer noopener\" href=\"http:\/\/moniteur.ovh\/wp-content\/uploads\/2020\/10\/Rapport_enquete_publique.pdf\" target=\"_blank\">Rapport \u00e9tabli \u00e0 l&rsquo;issu de l&rsquo;enqu\u00eate d&rsquo;utilit\u00e9 publique concernant la r\u00e9vision du SCoT des communes de l&rsquo;agglom\u00e9ration du pays de l&rsquo;Or<\/a><\/p>\n","protected":false},"excerpt":{"rendered":"<p>Le Sch\u00e9ma de coh\u00e9rence territoriale (SCoT) est un document d&rsquo;urbanisme qui d\u00e9termine, \u00e0 l\u2019\u00e9chelle de plusieurs communes un projet de territoire visant \u00e0 mettre en coh\u00e9rence l&rsquo;ensemble des politiques sectorielles, notamment en mati\u00e8re d\u2019habitat, de mobilit\u00e9, d\u2019am\u00e9nagement commercial, d\u2019environnement et&hellip;<\/p>\n<p class=\"more-link-p\"><a class=\"more-link\" href=\"https:\/\/moniteur.ovh\/index.php\/scot-du-pays-de-lor\/\">Read more &rarr;<\/a><\/p>\n","protected":false},"author":1,"featured_media":0,"parent":0,"menu_order":0,"comment_status":"closed","ping_status":"closed","template":"","meta":[],"_links":{"self":[{"href":"https:\/\/moniteur.ovh\/index.php\/wp-json\/wp\/v2\/pages\/766"}],"collection":[{"href":"https:\/\/moniteur.ovh\/index.php\/wp-json\/wp\/v2\/pages"}],"about":[{"href":"https:\/\/moniteur.ovh\/index.php\/wp-json\/wp\/v2\/types\/page"}],"author":[{"embeddable":true,"href":"https:\/\/moniteur.ovh\/index.php\/wp-json\/wp\/v2\/users\/1"}],"replies":[{"embeddable":true,"href":"https:\/\/moniteur.ovh\/index.php\/wp-json\/wp\/v2\/comments?post=766"}],"version-history":[{"count":6,"href":"https:\/\/moniteur.ovh\/index.php\/wp-json\/wp\/v2\/pages\/766\/revisions"}],"predecessor-version":[{"id":774,"href":"https:\/\/moniteur.ovh\/index.php\/wp-json\/wp\/v2\/pages\/766\/revisions\/774"}],"wp:attachment":[{"href":"https:\/\/moniteur.ovh\/index.php\/wp-json\/wp\/v2\/media?parent=766"}],"curies":[{"name":"wp","href":"https:\/\/api.w.org\/{rel}","templated":true}]}}