{"id":735,"date":"2020-10-12T16:06:26","date_gmt":"2020-10-12T14:06:26","guid":{"rendered":"http:\/\/moniteur.ovh\/?page_id=735"},"modified":"2025-11-06T21:13:04","modified_gmt":"2025-11-06T20:13:04","slug":"qui-sommes-nous","status":"publish","type":"page","link":"https:\/\/moniteur.ovh\/index.php\/qui-sommes-nous\/","title":{"rendered":"Qui sommes nous ?"},"content":{"rendered":"\n<p>L&rsquo;Alternative citoyenne est issue de La Fabrique citoyenne, une association dans laquelle nos \u00e9lus se sont investis depuis 2014.<\/p>\n\n\n\n<p>Une assembl\u00e9e g\u00e9n\u00e9rale de la Fabrique citoyenne a d\u00e9cid\u00e9 que Fabrique et Alternative se r\u00e9partiraient les missions.<\/p>\n\n\n\n<p>L&rsquo;Alternative citoyenne, qui a men\u00e9 la campagne pour les derni\u00e8res municipales se consacre aux activit\u00e9s militantes de politique locale. La Fabrique citoyenne conserve toutes les autres activit\u00e9s collectives partag\u00e9es, d&rsquo;\u00e9changes, d&rsquo;apprentissages, de f\u00eates.<\/p>\n\n\n\n<figure class=\"wp-block-embed is-type-video is-provider-youtube wp-block-embed-youtube wp-embed-aspect-16-9 wp-has-aspect-ratio\"><div class=\"wp-block-embed__wrapper\">\n<iframe title=\"L&#039;alternative citoyenne - Pr\u00e9sentation\" width=\"752\" height=\"423\" src=\"https:\/\/www.youtube.com\/embed\/nq72RRVSyKc?feature=oembed\" frameborder=\"0\" allow=\"accelerometer; autoplay; clipboard-write; encrypted-media; gyroscope; picture-in-picture; web-share\" referrerpolicy=\"strict-origin-when-cross-origin\" allowfullscreen><\/iframe>\n<\/div><\/figure>\n\n\n\n<p>Les \u00e9lus de l&rsquo;Alternative Citoyenne sont au nombre de 5 conseillers municipaux \u00e0 la municipalit\u00e9 de Mauguio et Carnon, et parmi eux 3 conseillers communautaires \u00e0 l&rsquo;agglom\u00e9ration du Pays de l&rsquo;Or.<\/p>\n\n\n\n<div class=\"wp-block-columns\">\n<div class=\"wp-block-column\">\n<figure class=\"wp-block-image size-large\"><img loading=\"lazy\" width=\"150\" height=\"150\" src=\"http:\/\/moniteur.ovh\/wp-content\/uploads\/2021\/07\/Daniel-150x150-1.jpg\" alt=\"\" class=\"wp-image-1329\"\/><figcaption>Daniel Bourguet, entrepreneur, conseiller municipal et communautaire. Mauguio<\/figcaption><\/figure>\n<\/div>\n\n\n\n<div class=\"wp-block-column\">\n<figure class=\"wp-block-image size-large\"><img loading=\"lazy\" width=\"150\" height=\"150\" src=\"http:\/\/moniteur.ovh\/wp-content\/uploads\/2021\/07\/Marianne-150x150-1.jpg\" alt=\"\" class=\"wp-image-1330\"\/><figcaption>Marianne Pelletier, enseignante, conseill\u00e8re municipale et communautaire. Carnon<\/figcaption><\/figure>\n<\/div>\n\n\n\n<div class=\"wp-block-column\">\n<figure class=\"wp-block-image size-large\"><img loading=\"lazy\" width=\"150\" height=\"150\" src=\"http:\/\/moniteur.ovh\/wp-content\/uploads\/2021\/07\/Bertrand-150x150-1.jpg\" alt=\"\" class=\"wp-image-1331\"\/><figcaption>Bertrand Coisne, Urbaniste, conseiller municipal et communautaire. Mauguio<\/figcaption><\/figure>\n\n\n\n<p><\/p>\n<\/div>\n<\/div>\n\n\n\n<div class=\"wp-block-columns\">\n<div class=\"wp-block-column\">\n<div class=\"wp-block-image\"><figure class=\"aligncenter size-large\"><img loading=\"lazy\" width=\"150\" height=\"150\" src=\"http:\/\/moniteur.ovh\/wp-content\/uploads\/2021\/07\/Simone-150x150-1.jpg\" alt=\"\" class=\"wp-image-1334\"\/><figcaption>Simone Gr\u00e8s-Blazin, secr\u00e9taire \u00c9ducation Nationale, conseill\u00e8re municipale. Mauguio<\/figcaption><\/figure><\/div>\n<\/div>\n\n\n\n<div class=\"wp-block-column\">\n<div class=\"wp-block-image\"><figure class=\"aligncenter size-large is-resized\"><img loading=\"lazy\" src=\"http:\/\/moniteur.ovh\/wp-content\/uploads\/2021\/07\/Pascale-150x150-1.jpg\" alt=\"\" class=\"wp-image-1335\" width=\"151\" height=\"151\"\/><figcaption>Pascale Guidault, remplac\u00e9e par<\/figcaption><\/figure><\/div>\n\n\n\n<div class=\"wp-block-image\"><figure class=\"aligncenter size-large is-resized\"><img loading=\"lazy\" src=\"https:\/\/moniteur.ovh\/wp-content\/uploads\/2024\/02\/Pierre-Delcant.jpg\" alt=\"\" class=\"wp-image-2541\" width=\"154\" height=\"115\" srcset=\"https:\/\/moniteur.ovh\/wp-content\/uploads\/2024\/02\/Pierre-Delcant.jpg 208w, https:\/\/moniteur.ovh\/wp-content\/uploads\/2024\/02\/Pierre-Delcant-160x119.jpg 160w\" sizes=\"(max-width: 154px) 100vw, 154px\" \/><figcaption>Pierre Delcant,<br>directeur g\u00e9n\u00e9ral SA, conseiller municipal. Carnon<\/figcaption><\/figure><\/div>\n<\/div>\n<\/div>\n\n\n\n<p>Ci dessous, quatre portraits de nos \u00e9lus :<\/p>\n\n\n\n<figure class=\"wp-block-embed is-type-video is-provider-youtube wp-block-embed-youtube wp-embed-aspect-16-9 wp-has-aspect-ratio\"><div class=\"wp-block-embed__wrapper\">\n<iframe title=\"Pr\u00e9sentation de Marianne Pelletier\" width=\"752\" height=\"423\" src=\"https:\/\/www.youtube.com\/embed\/XgpFVu5aPck?feature=oembed\" frameborder=\"0\" allow=\"accelerometer; autoplay; clipboard-write; encrypted-media; gyroscope; picture-in-picture; web-share\" referrerpolicy=\"strict-origin-when-cross-origin\" allowfullscreen><\/iframe>\n<\/div><figcaption>Pr\u00e9sentation de la conseill\u00e8re municipale\/communautaire d&rsquo;opposition Marianne Pelletier<\/figcaption><\/figure>\n\n\n\n<figure class=\"wp-block-embed is-type-video is-provider-youtube wp-block-embed-youtube wp-embed-aspect-16-9 wp-has-aspect-ratio\"><div class=\"wp-block-embed__wrapper\">\n<iframe title=\"Pr\u00e9sentation de Bertrand Coisne\" width=\"752\" height=\"423\" src=\"https:\/\/www.youtube.com\/embed\/zA8BnSTt2_c?feature=oembed\" frameborder=\"0\" allow=\"accelerometer; autoplay; clipboard-write; encrypted-media; gyroscope; picture-in-picture; web-share\" referrerpolicy=\"strict-origin-when-cross-origin\" allowfullscreen><\/iframe>\n<\/div><figcaption>Pr\u00e9sentation du conseill\u00e8r municipal\/communautaire d&rsquo;opposition Bertrand Coisne<\/figcaption><\/figure>\n\n\n\n<figure class=\"wp-block-embed is-type-video is-provider-youtube wp-block-embed-youtube wp-embed-aspect-16-9 wp-has-aspect-ratio\"><div class=\"wp-block-embed__wrapper\">\n<iframe title=\"Pr\u00e9sentation de Simone Gr\u00e8s\" width=\"752\" height=\"423\" src=\"https:\/\/www.youtube.com\/embed\/DrkETcV4HpM?feature=oembed\" frameborder=\"0\" allow=\"accelerometer; autoplay; clipboard-write; encrypted-media; gyroscope; picture-in-picture; web-share\" referrerpolicy=\"strict-origin-when-cross-origin\" allowfullscreen><\/iframe>\n<\/div><figcaption>Pr\u00e9sentation de la conseill\u00e8re municipale d&rsquo;opposition Simone Gr\u00e8s<\/figcaption><\/figure>\n\n\n\n<figure class=\"wp-block-embed is-type-video is-provider-youtube wp-block-embed-youtube wp-embed-aspect-16-9 wp-has-aspect-ratio\"><div class=\"wp-block-embed__wrapper\">\n<iframe title=\"Pr\u00e9sentation de Daniel Bourguet\" width=\"752\" height=\"423\" src=\"https:\/\/www.youtube.com\/embed\/fTSPKTWJoJU?feature=oembed\" frameborder=\"0\" allow=\"accelerometer; autoplay; clipboard-write; encrypted-media; gyroscope; picture-in-picture; web-share\" referrerpolicy=\"strict-origin-when-cross-origin\" allowfullscreen><\/iframe>\n<\/div><figcaption>Pr\u00e9sentation du conseiller municipal\/communautaire d&rsquo;opposition Daniel Bourguet<\/figcaption><\/figure>\n","protected":false},"excerpt":{"rendered":"<p>L&rsquo;Alternative citoyenne est issue de La Fabrique citoyenne, une association dans laquelle nos \u00e9lus se sont investis depuis 2014. Une assembl\u00e9e g\u00e9n\u00e9rale de la Fabrique citoyenne a d\u00e9cid\u00e9 que Fabrique et Alternative se r\u00e9partiraient les missions. L&rsquo;Alternative citoyenne, qui a&hellip;<\/p>\n<p class=\"more-link-p\"><a class=\"more-link\" href=\"https:\/\/moniteur.ovh\/index.php\/qui-sommes-nous\/\">Read more &rarr;<\/a><\/p>\n","protected":false},"author":1,"featured_media":0,"parent":0,"menu_order":0,"comment_status":"closed","ping_status":"closed","template":"","meta":[],"_links":{"self":[{"href":"https:\/\/moniteur.ovh\/index.php\/wp-json\/wp\/v2\/pages\/735"}],"collection":[{"href":"https:\/\/moniteur.ovh\/index.php\/wp-json\/wp\/v2\/pages"}],"about":[{"href":"https:\/\/moniteur.ovh\/index.php\/wp-json\/wp\/v2\/types\/page"}],"author":[{"embeddable":true,"href":"https:\/\/moniteur.ovh\/index.php\/wp-json\/wp\/v2\/users\/1"}],"replies":[{"embeddable":true,"href":"https:\/\/moniteur.ovh\/index.php\/wp-json\/wp\/v2\/comments?post=735"}],"version-history":[{"count":22,"href":"https:\/\/moniteur.ovh\/index.php\/wp-json\/wp\/v2\/pages\/735\/revisions"}],"predecessor-version":[{"id":2930,"href":"https:\/\/moniteur.ovh\/index.php\/wp-json\/wp\/v2\/pages\/735\/revisions\/2930"}],"wp:attachment":[{"href":"https:\/\/moniteur.ovh\/index.php\/wp-json\/wp\/v2\/media?parent=735"}],"curies":[{"name":"wp","href":"https:\/\/api.w.org\/{rel}","templated":true}]}}