{"id":2813,"date":"2025-05-21T11:15:37","date_gmt":"2025-05-21T09:15:37","guid":{"rendered":"http:\/\/moniteur.ovh\/?page_id=2813"},"modified":"2025-05-21T11:15:37","modified_gmt":"2025-05-21T09:15:37","slug":"conseil-municipal-du-19-mai-2025","status":"publish","type":"page","link":"https:\/\/moniteur.ovh\/index.php\/conseil-municipal-du-19-mai-2025\/","title":{"rendered":"Conseil municipal du 19 mai 2025"},"content":{"rendered":"\n<p>Enregistrement vid\u00e9o de la totalit\u00e9 du conseil<\/p>\n\n\n\n<figure class=\"wp-block-embed is-type-video is-provider-youtube wp-block-embed-youtube wp-embed-aspect-16-9 wp-has-aspect-ratio\"><div class=\"wp-block-embed__wrapper\">\n<iframe title=\"Conseil Municipal du 19 Mai 2025\" width=\"752\" height=\"423\" src=\"https:\/\/www.youtube.com\/embed\/8N5AM61ECHw?feature=oembed\" frameborder=\"0\" allow=\"accelerometer; autoplay; clipboard-write; encrypted-media; gyroscope; picture-in-picture; web-share\" referrerpolicy=\"strict-origin-when-cross-origin\" allowfullscreen><\/iframe>\n<\/div><figcaption><span class=\"has-inline-color has-vivid-green-cyan-color\">enregistrement vid\u00e9o<\/span><\/figcaption><\/figure>\n\n\n\n<p>Enregistrement audio de la totalit\u00e9 du conseil<\/p>\n\n\n\n<figure class=\"wp-block-audio\"><audio controls src=\"http:\/\/moniteur.ovh\/wp-content\/uploads\/2025\/05\/110101-000003.MP3\"><\/audio><figcaption><span class=\"has-inline-color has-vivid-cyan-blue-color\">enregistrement audio<\/span><\/figcaption><\/figure>\n\n\n\n<p><strong>Point 2 : maintien ou pas des fonctions des trois adjointes d\u00e9missionnaires<\/strong>. Daniel Bourguet fait remarquer que, m\u00eame si le maire a toujours une courte majorit\u00e9 (17 voix majorit\u00e9 \/ 16 voix opposition), les bancs de l&rsquo;opposition repr\u00e9sentent beaucoup plus d&rsquo;\u00e9lecteurs que ceux de la majorit\u00e9. Il demande au maire de changer le mode de fonctionnement du conseil (des propositions seront faites au point 5 portant sur la modification du r\u00e9glement int\u00e9rieur). Il lui demande \u00e9galement de faire un moratoire sur la politique d&rsquo;urbanisme. (<span class=\"has-inline-color has-vivid-green-cyan-color\">Rep\u00e8res vid\u00e9o 34m20s &#8211; 36m31s<\/span>)<\/p>\n\n\n\n<figure class=\"wp-block-audio\"><audio controls src=\"https:\/\/moniteur.ovh\/wp-content\/uploads\/2025\/05\/Point-2-Daniel-Bourguet-moratoire-PLU.mp3\"><\/audio><figcaption><span class=\"has-inline-color has-vivid-cyan-blue-color\">Point 2 Demande de moratoire pour le PLU<\/span><\/figcaption><\/figure>\n\n\n\n<p><strong>Point 6 : Approbation de l&rsquo;avenant n\u00b06 \u00e0 la concession ZAC de La Font de Mauguio. <\/strong>Daniel Bourguet fait remarquer que la Font ne r\u00e9pond pas aux attentes \u00e9nonc\u00e9es par la majorit\u00e9. On n&rsquo;observe pas de rajeunissement de la population, c&rsquo;est un \u00e9chec urbanistique, elle fait courir un risque financier important \u00e0 la commune. (<span class=\"has-inline-color has-vivid-green-cyan-color\">Rep\u00e8res vid\u00e9o 1h23m15s &#8211; 1h24m21s<\/span>)<\/p>\n\n\n\n<figure class=\"wp-block-audio\"><audio controls src=\"https:\/\/moniteur.ovh\/wp-content\/uploads\/2025\/05\/Point-6-Daniel-Bourguet-echec-Font.mp3\"><\/audio><figcaption><span class=\"has-inline-color has-vivid-cyan-blue-color\">La Font de Mauguio ne r\u00e9pond pas aux attentes de la majorit\u00e9<\/span><\/figcaption><\/figure>\n\n\n\n<p><strong>Point 7 : Demande de garantie d&#8217;emprunt A\/ de la SPL L&rsquo;Or Am\u00e9nagement dans le cadre des travaux d&rsquo;am\u00e9nagement de La Font de Mauguio. <\/strong>Daniel Bourguet insiste sur les risque financiers d\u00e9j\u00e0 \u00e9voqu\u00e9s au point 6. Ce n&rsquo;est pas la premi\u00e8re fois que la commune se porte garante pour la ZAC. Et il demande aux communicants de ne plus employer le terme d&rsquo;\u00e9co-quartier au sujet de La Font. (<span class=\"has-inline-color has-vivid-green-cyan-color\">Rep\u00e8res vid\u00e9o 1h37m18s &#8211; 1h37m55s<\/span>)<\/p>\n\n\n\n<figure class=\"wp-block-audio\"><audio controls src=\"https:\/\/moniteur.ovh\/wp-content\/uploads\/2025\/05\/Point-7A-Daniel-gantie-emprunts-ZAC.mp3\"><\/audio><figcaption><span class=\"has-inline-color has-vivid-cyan-blue-color\">La Font de Mauguio comporte des risques financiers pour la commune<\/span><\/figcaption><\/figure>\n\n\n\n<p><strong>Point 7 Demande de garantie d&#8217;emprunt B\/ de la soci\u00e9t\u00e9 Patrimoine SA La Languedocienne pour l&rsquo;op\u00e9ration \u00ab\u00a0TULUM PARK\u00a0\u00bb.<\/strong> Daniel Bourguet explique la raison de notre vote contre cette garantie d&#8217;emprunt. Nous avons toujours donn\u00e9 un avis favorable pour les garanties d&#8217;emprunt car elles permettent de d\u00e9velopper le logement social. C&rsquo;est parce que nous sommes contre ce projet immobilier que nous allons, pour une fois, voter contre la d\u00e9lib\u00e9ration. (<span class=\"has-inline-color has-vivid-green-cyan-color\">Rep\u00e8res 1h43m06s &#8211; 1h43m38s<\/span>)<\/p>\n\n\n\n<figure class=\"wp-block-audio\"><audio controls src=\"https:\/\/moniteur.ovh\/wp-content\/uploads\/2025\/05\/Point-7B-Daniel-Bourguet-TULUM-PARK.mp3\"><\/audio><figcaption><span class=\"has-inline-color has-vivid-cyan-blue-color\">Rejet du projet immobilier TULUM PARK \u00e0 Mauguio<\/span><\/figcaption><\/figure>\n\n\n\n<p><strong>Points 8 et 9 Office municipal du tourisme.<\/strong> Daniel Bourguet l&rsquo;avait d\u00e9j\u00e0 dit au d\u00e9but du mandat. Nous d\u00e9plorons qu&rsquo;il n&rsquo;y ait aucun repr\u00e9sentant de l&rsquo;opposition dans le conseil d&rsquo;administration de l&rsquo;office du tourisme. C&rsquo;est pourquoi nous nous abstenons pour les d\u00e9lib\u00e9rations 8 et 9 portant sur le compte administratif et sur le budget primitif de l&rsquo;OMT. (<span class=\"has-inline-color has-vivid-green-cyan-color\">Rep\u00e8res 1h58m52s &#8211; 2h00m23s<\/span>)<\/p>\n\n\n\n<figure class=\"wp-block-audio\"><audio controls src=\"https:\/\/moniteur.ovh\/wp-content\/uploads\/2025\/05\/Point-8-Daniel-OMT.mp3\"><\/audio><figcaption><span class=\"has-inline-color has-vivid-cyan-blue-color\">Regret de l&rsquo;absence de repr\u00e9sentation de l&rsquo;opposition au CA de l&rsquo;office de tourisme<\/span><\/figcaption><\/figure>\n\n\n\n<p><\/p>\n","protected":false},"excerpt":{"rendered":"<p>Enregistrement vid\u00e9o de la totalit\u00e9 du conseil Enregistrement audio de la totalit\u00e9 du conseil Point 2 : maintien ou pas des fonctions des trois adjointes d\u00e9missionnaires. Daniel Bourguet fait remarquer que, m\u00eame si le maire a toujours une courte majorit\u00e9&hellip;<\/p>\n<p class=\"more-link-p\"><a class=\"more-link\" href=\"https:\/\/moniteur.ovh\/index.php\/conseil-municipal-du-19-mai-2025\/\">Read more &rarr;<\/a><\/p>\n","protected":false},"author":2,"featured_media":0,"parent":0,"menu_order":0,"comment_status":"closed","ping_status":"closed","template":"","meta":[],"_links":{"self":[{"href":"https:\/\/moniteur.ovh\/index.php\/wp-json\/wp\/v2\/pages\/2813"}],"collection":[{"href":"https:\/\/moniteur.ovh\/index.php\/wp-json\/wp\/v2\/pages"}],"about":[{"href":"https:\/\/moniteur.ovh\/index.php\/wp-json\/wp\/v2\/types\/page"}],"author":[{"embeddable":true,"href":"https:\/\/moniteur.ovh\/index.php\/wp-json\/wp\/v2\/users\/2"}],"replies":[{"embeddable":true,"href":"https:\/\/moniteur.ovh\/index.php\/wp-json\/wp\/v2\/comments?post=2813"}],"version-history":[{"count":1,"href":"https:\/\/moniteur.ovh\/index.php\/wp-json\/wp\/v2\/pages\/2813\/revisions"}],"predecessor-version":[{"id":2814,"href":"https:\/\/moniteur.ovh\/index.php\/wp-json\/wp\/v2\/pages\/2813\/revisions\/2814"}],"wp:attachment":[{"href":"https:\/\/moniteur.ovh\/index.php\/wp-json\/wp\/v2\/media?parent=2813"}],"curies":[{"name":"wp","href":"https:\/\/api.w.org\/{rel}","templated":true}]}}