{"id":2734,"date":"2024-10-08T15:51:46","date_gmt":"2024-10-08T13:51:46","guid":{"rendered":"http:\/\/moniteur.ovh\/?page_id=2734"},"modified":"2024-10-08T15:52:30","modified_gmt":"2024-10-08T13:52:30","slug":"conseil-municipal-du-7-octobre-2024","status":"publish","type":"page","link":"https:\/\/moniteur.ovh\/index.php\/conseil-municipal-du-7-octobre-2024\/","title":{"rendered":"Conseil municipal du 7 octobre 2024"},"content":{"rendered":"\n<p>Enregistrement vid\u00e9o de la totalit\u00e9 du conseil<\/p>\n\n\n\n<figure class=\"wp-block-embed is-type-video is-provider-youtube wp-block-embed-youtube wp-embed-aspect-16-9 wp-has-aspect-ratio\"><div class=\"wp-block-embed__wrapper\">\n<iframe title=\"Conseil Municipal du 7 Octobre 2024\" width=\"752\" height=\"423\" src=\"https:\/\/www.youtube.com\/embed\/oLsXnpBg12Q?feature=oembed\" frameborder=\"0\" allow=\"accelerometer; autoplay; clipboard-write; encrypted-media; gyroscope; picture-in-picture; web-share\" referrerpolicy=\"strict-origin-when-cross-origin\" allowfullscreen><\/iframe>\n<\/div><figcaption><span class=\"has-inline-color has-vivid-green-cyan-color\">Enregistrement vid\u00e9o totalit\u00e9 conseil<\/span><\/figcaption><\/figure>\n\n\n\n<p>Enregistrement audio de la totalit\u00e9 du conseil<\/p>\n\n\n\n<figure class=\"wp-block-audio\"><audio controls src=\"http:\/\/moniteur.ovh\/wp-content\/uploads\/2024\/10\/241007-180932.MP3\"><\/audio><figcaption><span class=\"has-inline-color has-vivid-cyan-blue-color\">Enregistrement audio totalit\u00e9 conseil<\/span><\/figcaption><\/figure>\n\n\n\n<p>M. Bourrel explique pourquoi le point 21, pr\u00e9vu initialement dans les d\u00e9lib\u00e9rations du jour et qui devait permettre un d\u00e9bat entre les conseillers municipaux sur le Plan Local d&rsquo;Urbanisme, a \u00e9t\u00e9 annul\u00e9. M. Coisne demande des pr\u00e9cisions sur les d\u00e9saccords \u00e0 l&rsquo;int\u00e9rieur du groupe majoritaire et propose que la commission de d\u00e9veloppement du territoire se r\u00e9unisse pour partager entre tous les \u00e9lus (majoritaires et minoritaires) les r\u00e9flexions sur la r\u00e9vision du PLU. (<span class=\"has-inline-color has-vivid-green-cyan-color\">vid\u00e9o : de 7:50 \u00e0 10:28<\/span>)<\/p>\n\n\n\n<figure class=\"wp-block-audio\"><audio controls src=\"https:\/\/moniteur.ovh\/wp-content\/uploads\/2024\/10\/Retrait-point-21-PLU-PADD.mp3\"><\/audio><figcaption><span class=\"has-inline-color has-vivid-cyan-blue-color\">Bertrand Coisne : retrait point 21 PLU PADD<\/span><\/figcaption><\/figure>\n\n\n\n<p>Marianne Pelletier demande des pr\u00e9cisions sur les d\u00e9cisions municipales 111, 112 et 113.  Le contentieux avec ATC France ne concerne pas la convention d&rsquo;occupation sign\u00e9e avec cette entreprise pour l&rsquo;implantation d&rsquo;une station relais sur la passerelle Mertens \u00e0 Carnon. Il r\u00e9sulte du refus de la commune de permettre aux op\u00e9rateurs t\u00e9l\u00e9phoniques d&rsquo;implanter un pyl\u00f4ne de 24 m\u00e8tres \u00e0 Vaugui\u00e8res. (<span class=\"has-inline-color has-vivid-green-cyan-color\">vid\u00e9o : de 19:31 \u00e0 20:24<\/span>) <\/p>\n\n\n\n<figure class=\"wp-block-audio\"><audio controls src=\"https:\/\/moniteur.ovh\/wp-content\/uploads\/2024\/10\/02-Decisions-municipales-111-112-113-1TC.mp3\"><\/audio><figcaption><span class=\"has-inline-color has-vivid-cyan-blue-color\">Marianne Pelletier : Contentieux avec ATC France op\u00e9rateurs t\u00e9l\u00e9phonie<\/span><\/figcaption><\/figure>\n\n\n\n<p>Bertrand Coisne demande des pr\u00e9cisions sur le contenu du march\u00e9 pass\u00e9 avec EIFFAGE ENERGIE (Extension et maintenance du territoire connect\u00e9 de la ville de Mauguio Carnon et son port de plaisance). Il s&rsquo;agit principalement du contr\u00f4le d&rsquo;acc\u00e8s et de la vid\u00e9o surveillance. C&rsquo;est bien sur le budget du port que sont imput\u00e9s les travaux le concernant. (<span class=\"has-inline-color has-vivid-green-cyan-color\">vid\u00e9o : de 37:39 \u00e0 38:38<\/span>)<\/p>\n\n\n\n<figure class=\"wp-block-audio\"><audio controls src=\"https:\/\/moniteur.ovh\/wp-content\/uploads\/2024\/10\/03-marche-EIFFAGE-territoire-connecte.mp3\"><\/audio><figcaption><span class=\"has-inline-color has-vivid-cyan-blue-color\">Bertrand Coisne : March\u00e9 pass\u00e9 avec EIFFAGE territoire connect\u00e9<\/span><\/figcaption><\/figure>\n\n\n\n<p>Point 4 : Modification de l&rsquo;Autorisation de Programme (AP) et Cr\u00e9dits de Paiement (CP) au budget de la Commune Sch\u00e9ma directeur de Carnon. Bertrand Coisne renouvelle sa demande que les modifications d&rsquo;AP soient pr\u00e9sent\u00e9es de fa\u00e7on plus d\u00e9taill\u00e9e. Il demande l&rsquo;ajout de deux colonnes. Au lieu de ne trouver dans le tableau que le montant de l&rsquo;AP modifi\u00e9e, on pourrait retrouver le montant de l&rsquo;AP initiale, conna\u00eetre le montant de l&rsquo;AP modifi\u00e9e et mesurer la diff\u00e9rence entre les deux montants. Ce serait plus facile d&rsquo;appr\u00e9hender la hausse et les lignes suivantes permettraient de comprendre l&rsquo;origine de cette hausse. (<span class=\"has-inline-color has-vivid-green-cyan-color\">vid\u00e9o : de 1:01:00 \u00e0 1:03:30<\/span>)<\/p>\n\n\n\n<figure class=\"wp-block-audio\"><audio controls src=\"https:\/\/moniteur.ovh\/wp-content\/uploads\/2024\/10\/04-AP-CP-Carnon.mp3\"><\/audio><figcaption><span class=\"has-inline-color has-vivid-cyan-blue-color\">Bertrand Coisne : Point 4 AP CP Sch\u00e9ma directeur de Carnon<\/span><\/figcaption><\/figure>\n\n\n\n<p>Point 12 Travaux routiers pour r\u00e9tablir la continuit\u00e9 de l&rsquo;Eurov\u00e9lo 8. Tout en se f\u00e9licitant de l&rsquo;inscription de ces travaux au budget du d\u00e9partement et de la commune, Daniel Bourguet fait remarquer que l&rsquo;agglom\u00e9ration aurait pu \u00e9galement contribuer au financement car elle dispose de la comp\u00e9tence mobilit\u00e9. Ces travaux ne rel\u00e8vent pas des budgets mobilit\u00e9 mais des budgets voirie. (<span class=\"has-inline-color has-vivid-green-cyan-color\">vid\u00e9o : de 1:27:54 \u00e0 1:33:46<\/span>)<\/p>\n\n\n\n<figure class=\"wp-block-audio\"><audio controls src=\"https:\/\/moniteur.ovh\/wp-content\/uploads\/2024\/10\/05-Eurovelo-8.mp3\"><\/audio><figcaption><span class=\"has-inline-color has-vivid-cyan-blue-color\">Daniel Bourguet : Point 12 Eurov\u00e9lo 8 Carnon<\/span><\/figcaption><\/figure>\n\n\n\n<p>Point 13 R\u00e9ponses aux observations de la CRC (Chambre r\u00e9gionale des comptes) 5. <em>Consolider tous les projets d&rsquo;investissement pour la d\u00e9fense du trait de c\u00f4te avec ceux du renouvellement du patrimoine municipal et du projet Carnon 2030<\/em>. Marianne Pelletier fait remarquer que les actions envisag\u00e9es sont encore tr\u00e8s impr\u00e9cises. M. Bourrel lui r\u00e9pond que nous sommes dans une phase de diagnostic avec notamment l&rsquo;\u00e9laboration d&rsquo;une cartographie de l&rsquo;\u00e9volution du trait de c\u00f4te en collaboration avec l&rsquo;agglom\u00e9ration du Pays de l&rsquo;Or. (<span class=\"has-inline-color has-vivid-green-cyan-color\">vid\u00e9o : de 1:56:48 \u00e0 2:02:22<\/span>)<\/p>\n\n\n\n<figure class=\"wp-block-audio\"><audio controls src=\"https:\/\/moniteur.ovh\/wp-content\/uploads\/2024\/10\/06-CRC-Trait-de-cote.mp3\"><\/audio><figcaption><span class=\"has-inline-color has-vivid-cyan-blue-color\">Marianne Pelletier : Point 13 R\u00e9ponses CRC \u00c9volution du trait de c\u00f4te Carnon 2030<\/span><\/figcaption><\/figure>\n\n\n\n<p>Point 18 Rapport sur les actions entreprises \u00e0 la suite des remarques de la CRC. Bertrand Coisne attire l&rsquo;attention sur le r\u00f4le du cabinet de conseil SCET (Service Conseil Expertise Territoire) dans l&rsquo;entreprise BRL mais \u00e9galement dans les diff\u00e9rentes entit\u00e9s pr\u00e9sid\u00e9es par M. Bourrel : L&rsquo;Or am\u00e9nagement (SPL), L&rsquo;Or autrement (SEM) et LOA2 (GIE). (<span class=\"has-inline-color has-vivid-green-cyan-color\">vid\u00e9o : de 2:26:20 \u00e0 2:29:26<\/span>)<\/p>\n\n\n\n<figure class=\"wp-block-audio\"><audio controls src=\"https:\/\/moniteur.ovh\/wp-content\/uploads\/2024\/10\/07-SCET-BRL.mp3\"><\/audio><figcaption><span class=\"has-inline-color has-vivid-cyan-blue-color\">Bertrand Coisne : Point 18 Rapport CRC sur BRL R\u00f4le de la SCET<\/span><\/figcaption><\/figure>\n\n\n\n<p>Point 22 : Projet d&rsquo;implantation d&rsquo;un lyc\u00e9e \u00e0 Mauguio. Bertrand Coisne demande des pr\u00e9cisions sur les engagements. Y a-t-il une autorisation de programme ? Les terrains de handball et de basketball seront-ils accessibles aux habitants de l&rsquo;agglom\u00e9ration en dehors des temps scolaires ? (<span class=\"has-inline-color has-vivid-green-cyan-color\">vid\u00e9o : de 2:40:37 \u00e0 2:43:22<\/span>)<\/p>\n\n\n\n<figure class=\"wp-block-audio\"><audio controls src=\"https:\/\/moniteur.ovh\/wp-content\/uploads\/2024\/10\/08-nouveau-lycee.mp3\"><\/audio><figcaption><span class=\"has-inline-color has-vivid-cyan-blue-color\">Bertrand Coisne : Point 22 Nouveau lyc\u00e9e<\/span><\/figcaption><\/figure>\n","protected":false},"excerpt":{"rendered":"<p>Enregistrement vid\u00e9o de la totalit\u00e9 du conseil Enregistrement audio de la totalit\u00e9 du conseil M. Bourrel explique pourquoi le point 21, pr\u00e9vu initialement dans les d\u00e9lib\u00e9rations du jour et qui devait permettre un d\u00e9bat entre les conseillers municipaux sur le&hellip;<\/p>\n<p class=\"more-link-p\"><a class=\"more-link\" href=\"https:\/\/moniteur.ovh\/index.php\/conseil-municipal-du-7-octobre-2024\/\">Read more &rarr;<\/a><\/p>\n","protected":false},"author":2,"featured_media":0,"parent":0,"menu_order":0,"comment_status":"closed","ping_status":"closed","template":"","meta":[],"_links":{"self":[{"href":"https:\/\/moniteur.ovh\/index.php\/wp-json\/wp\/v2\/pages\/2734"}],"collection":[{"href":"https:\/\/moniteur.ovh\/index.php\/wp-json\/wp\/v2\/pages"}],"about":[{"href":"https:\/\/moniteur.ovh\/index.php\/wp-json\/wp\/v2\/types\/page"}],"author":[{"embeddable":true,"href":"https:\/\/moniteur.ovh\/index.php\/wp-json\/wp\/v2\/users\/2"}],"replies":[{"embeddable":true,"href":"https:\/\/moniteur.ovh\/index.php\/wp-json\/wp\/v2\/comments?post=2734"}],"version-history":[{"count":2,"href":"https:\/\/moniteur.ovh\/index.php\/wp-json\/wp\/v2\/pages\/2734\/revisions"}],"predecessor-version":[{"id":2736,"href":"https:\/\/moniteur.ovh\/index.php\/wp-json\/wp\/v2\/pages\/2734\/revisions\/2736"}],"wp:attachment":[{"href":"https:\/\/moniteur.ovh\/index.php\/wp-json\/wp\/v2\/media?parent=2734"}],"curies":[{"name":"wp","href":"https:\/\/api.w.org\/{rel}","templated":true}]}}