{"id":2650,"date":"2024-05-22T16:06:27","date_gmt":"2024-05-22T14:06:27","guid":{"rendered":"http:\/\/moniteur.ovh\/?page_id=2650"},"modified":"2024-05-22T16:06:27","modified_gmt":"2024-05-22T14:06:27","slug":"conseil-municipal-du-21-mai-2024","status":"publish","type":"page","link":"https:\/\/moniteur.ovh\/index.php\/conseil-municipal-du-21-mai-2024\/","title":{"rendered":"Conseil municipal du 21 mai 2024"},"content":{"rendered":"\n<p class=\"has-text-align-center\"><span class=\"has-inline-color has-vivid-green-cyan-color\">Enregistrement vid\u00e9o de la totalit\u00e9 du conseil<\/span><\/p>\n\n\n\n<figure class=\"wp-block-embed is-type-video is-provider-youtube wp-block-embed-youtube wp-embed-aspect-16-9 wp-has-aspect-ratio\"><div class=\"wp-block-embed__wrapper\">\n<iframe title=\"Conseil Municipal du 21 mai 2024\" width=\"752\" height=\"423\" src=\"https:\/\/www.youtube.com\/embed\/42lPsgq9D6o?feature=oembed\" frameborder=\"0\" allow=\"accelerometer; autoplay; clipboard-write; encrypted-media; gyroscope; picture-in-picture; web-share\" referrerpolicy=\"strict-origin-when-cross-origin\" allowfullscreen><\/iframe>\n<\/div><\/figure>\n\n\n\n<p class=\"has-text-align-center\"><span class=\"has-inline-color has-vivid-cyan-blue-color\">Enregistrement audio de la totalit\u00e9 du conseil<\/span><\/p>\n\n\n\n<figure class=\"wp-block-audio\"><audio controls src=\"http:\/\/moniteur.ovh\/wp-content\/uploads\/2024\/05\/240521-180804.MP3\"><\/audio><\/figure>\n\n\n\n<p><strong>M. le maire annonce que le point 10 pr\u00e9vu \u00e0 l&rsquo;ordre du jour sera report\u00e9 au prochain conseil.<\/strong> Il s&rsquo;agit de donner l&rsquo;avis de la commune sur l&rsquo;installation d&rsquo;une unit\u00e9 de valorisation \u00e9nerg\u00e9tique des boues de la station de traitement des eaux us\u00e9es MAERA. Bertrand Coisne demande que l&rsquo;\u00e9tude d&rsquo;impact de ce dossier soit communiqu\u00e9e \u00e0 tous les membres du conseil, avant la convocation pour le conseil de fin juin, afin qu&rsquo;ils aient le temps d&rsquo;\u00e9tudier s\u00e9rieusement les cons\u00e9quences de ce projet (<span class=\"has-inline-color has-vivid-green-cyan-color\">5min58s\/7min59s sur la vid\u00e9o<\/span>).<\/p>\n\n\n\n<figure class=\"wp-block-audio\"><audio controls src=\"https:\/\/moniteur.ovh\/wp-content\/uploads\/2024\/05\/report-point-10.mp3\"><\/audio><figcaption><span class=\"has-inline-color has-vivid-cyan-blue-color\">Report point 10 UVE boues MAERA<\/span><\/figcaption><\/figure>\n\n\n\n<p><strong>Point 1 D\u00e9cisions municipales et informations diverses. <\/strong>Marianne Pelletier demande des pr\u00e9cisions sur le point 47 (March\u00e9 de prestations intellectuelles confi\u00e9 \u00e0 la SPL L&rsquo;Or am\u00e9nagement Mise en place sch\u00e9ma directeur de Carnon) (<span class=\"has-inline-color has-vivid-green-cyan-color\">12min47s\/13min57s sur la vid\u00e9o<\/span>). Il s&rsquo;agit d&rsquo;un travail suppl\u00e9mentaire demand\u00e9 pour la r\u00e9alisation de perspectives Quai Meynier pour un montant de 3000\u20ac.<\/p>\n\n\n\n<p><strong>Point 5 Offre de v\u00e9los en libre-service en partenariat avec la SAS FRANCE V\u00c9LO CONNECTE.<\/strong> Bertrand Coisne demande des pr\u00e9cisions sur la convention de mandat pass\u00e9e avec cette entreprise. PM Chazot interroge le d\u00e9l\u00e9gu\u00e9 aux travaux sur la date de mise en place des s\u00e9parateurs v\u00e9los\/voitures visant \u00e0 s\u00e9curiser la rue de la plage. Marianne Pelletier compl\u00e8te cette demande en insistant sur la n\u00e9cessit\u00e9 de pr\u00e9voir des rangements pour les v\u00e9los. Elle v\u00e9rifie \u00e9galement que les loueurs de v\u00e9los d\u00e9j\u00e0 en place \u00e0 Carnon ont bien \u00e9t\u00e9 consult\u00e9s pour mettre au point cette nouvelle offre (<span class=\"has-inline-color has-vivid-green-cyan-color\">46min05s\/51min58s sur la vid\u00e9o<\/span>).<\/p>\n\n\n\n<figure class=\"wp-block-audio\"><audio controls src=\"https:\/\/moniteur.ovh\/wp-content\/uploads\/2024\/05\/02-point-5.mp3\"><\/audio><figcaption><span class=\"has-inline-color has-vivid-cyan-blue-color\">Point 5 Offre de v\u00e9los en libre-service Carnon<\/span><\/figcaption><\/figure>\n\n\n\n<p><strong>Point 6 Projet de plan partenarial de gestion de la demande de logement social.<\/strong> Bertrand Coisne demande si le crit\u00e8re \u00ab\u00a0<em>travailleurs essentiels<\/em>\u00a0\u00bb demand\u00e9 par l\u2019\u00c9tat a \u00e9t\u00e9 pris en compte par l&rsquo;Agglom\u00e9ration. Ce crit\u00e8re est retenu mais il est pond\u00e9r\u00e9 \u00e0 0 car la priorit\u00e9 du territoire est l&rsquo;insertion professionnelle des jeunes (<span class=\"has-inline-color has-vivid-green-cyan-color\">59min43s\/1h02min13s sur la vid\u00e9o<\/span>).<\/p>\n\n\n\n<figure class=\"wp-block-audio\"><audio controls src=\"https:\/\/moniteur.ovh\/wp-content\/uploads\/2024\/05\/03-Point-6.mp3\"><\/audio><figcaption><span class=\"has-inline-color has-vivid-cyan-blue-color\">Point 6 : crit\u00e8res d&rsquo;attribution du logement social<\/span><\/figcaption><\/figure>\n\n\n\n<p><strong>Point 11 Approbation convention avec l&rsquo;Insee pour la pr\u00e9paration et l&rsquo;ex\u00e9cution de l&rsquo;enqu\u00eate famille 2025.<\/strong> Bertrand Coisne tient \u00e0 s&rsquo;assurer que les agents municipaux charg\u00e9s de cette enqu\u00eate respecteront strictement les exigences de confidentialit\u00e9 car ils vont \u00eatre en possession d&rsquo;informations tr\u00e8s personnelles, voire intrusives d&rsquo;apr\u00e8s Frantz Denat (<span class=\"has-inline-color has-vivid-green-cyan-color\">1h17min32s\/1h21min56s sur la vid\u00e9o<\/span>).<\/p>\n\n\n\n<figure class=\"wp-block-audio\"><audio controls src=\"https:\/\/moniteur.ovh\/wp-content\/uploads\/2024\/05\/04-Point-11.mp3\"><\/audio><figcaption><span class=\"has-inline-color has-vivid-cyan-blue-color\">Point 11 : sous-traitance \u00e0 la commune de l&rsquo;enqu\u00eate Famille 2025 de l&rsquo;Insee<\/span><\/figcaption><\/figure>\n\n\n\n<p><strong>Point 12 Convention pluriannuelle d&rsquo;objectifs de l&rsquo;Office de tourisme de Carnon.<\/strong> Bertrand Coisne reprend ses demandes ant\u00e9rieures de disposer du rapport d&rsquo;activit\u00e9s et du bilan de l&rsquo;Office de tourisme. Il propose qu&rsquo;une antenne de l&rsquo;office de tourisme soit mise en place \u00e0 Mauguio (<span class=\"has-inline-color has-vivid-green-cyan-color\">1h26min42s\/1h30min08s sur la vid\u00e9o<\/span>).<\/p>\n\n\n\n<figure class=\"wp-block-audio\"><audio controls src=\"https:\/\/moniteur.ovh\/wp-content\/uploads\/2024\/05\/05-Point-12.mp3\"><\/audio><figcaption><span class=\"has-inline-color has-vivid-cyan-blue-color\">Point 12 Convention pluriannuelle d&rsquo;objectifs Office de tourisme<\/span><\/figcaption><\/figure>\n","protected":false},"excerpt":{"rendered":"<p>Enregistrement vid\u00e9o de la totalit\u00e9 du conseil Enregistrement audio de la totalit\u00e9 du conseil M. le maire annonce que le point 10 pr\u00e9vu \u00e0 l&rsquo;ordre du jour sera report\u00e9 au prochain conseil. Il s&rsquo;agit de donner l&rsquo;avis de la commune&hellip;<\/p>\n<p class=\"more-link-p\"><a class=\"more-link\" href=\"https:\/\/moniteur.ovh\/index.php\/conseil-municipal-du-21-mai-2024\/\">Read more &rarr;<\/a><\/p>\n","protected":false},"author":2,"featured_media":0,"parent":0,"menu_order":0,"comment_status":"closed","ping_status":"closed","template":"","meta":[],"_links":{"self":[{"href":"https:\/\/moniteur.ovh\/index.php\/wp-json\/wp\/v2\/pages\/2650"}],"collection":[{"href":"https:\/\/moniteur.ovh\/index.php\/wp-json\/wp\/v2\/pages"}],"about":[{"href":"https:\/\/moniteur.ovh\/index.php\/wp-json\/wp\/v2\/types\/page"}],"author":[{"embeddable":true,"href":"https:\/\/moniteur.ovh\/index.php\/wp-json\/wp\/v2\/users\/2"}],"replies":[{"embeddable":true,"href":"https:\/\/moniteur.ovh\/index.php\/wp-json\/wp\/v2\/comments?post=2650"}],"version-history":[{"count":1,"href":"https:\/\/moniteur.ovh\/index.php\/wp-json\/wp\/v2\/pages\/2650\/revisions"}],"predecessor-version":[{"id":2651,"href":"https:\/\/moniteur.ovh\/index.php\/wp-json\/wp\/v2\/pages\/2650\/revisions\/2651"}],"wp:attachment":[{"href":"https:\/\/moniteur.ovh\/index.php\/wp-json\/wp\/v2\/media?parent=2650"}],"curies":[{"name":"wp","href":"https:\/\/api.w.org\/{rel}","templated":true}]}}