{"id":2595,"date":"2024-02-15T08:19:43","date_gmt":"2024-02-15T07:19:43","guid":{"rendered":"http:\/\/moniteur.ovh\/?page_id=2595"},"modified":"2024-02-15T08:19:43","modified_gmt":"2024-02-15T07:19:43","slug":"conseil-municipal-du-9-fevrier-2024","status":"publish","type":"page","link":"https:\/\/moniteur.ovh\/index.php\/conseil-municipal-du-9-fevrier-2024\/","title":{"rendered":"Conseil municipal du 9 f\u00e9vrier 2024"},"content":{"rendered":"\n<p><span class=\"has-inline-color has-vivid-cyan-blue-color\">Enregistrement audio de la totalit\u00e9 du conseil<\/span><\/p>\n\n\n\n<figure class=\"wp-block-audio\"><audio controls src=\"http:\/\/moniteur.ovh\/wp-content\/uploads\/2024\/02\/240209-153527.MP3\"><\/audio><\/figure>\n\n\n\n<p><span class=\"has-inline-color has-vivid-cyan-blue-color\">Enregistrement audio de la totalit\u00e9 du conseil<\/span><\/p>\n\n\n\n<figure class=\"wp-block-embed is-type-video is-provider-youtube wp-block-embed-youtube wp-embed-aspect-16-9 wp-has-aspect-ratio\"><div class=\"wp-block-embed__wrapper\">\n<iframe title=\"Conseil Municipal du 9 F\u00e9vrier 2024\" width=\"752\" height=\"423\" src=\"https:\/\/www.youtube.com\/embed\/Yyln7oDVMvE?feature=oembed\" frameborder=\"0\" allow=\"accelerometer; autoplay; clipboard-write; encrypted-media; gyroscope; picture-in-picture; web-share\" allowfullscreen><\/iframe>\n<\/div><\/figure>\n\n\n\n<p>Vous trouverez ci-dessous des extraits des \u00e9changes. <span class=\"has-inline-color has-vivid-green-cyan-color\">Les rep\u00e8res indiqu\u00e9s en vert correspondent \u00e0 la vid\u00e9o<\/span>.<\/p>\n\n\n\n<p><strong>Adoption du proc\u00e8s-verbal du conseil municipal du 18 d\u00e9cembre 2023 <\/strong>: Certains propos sont indiqu\u00e9s \u00ab\u00a0inaudibles\u00a0\u00bb. Bertrand Coisne (<span class=\"has-inline-color has-vivid-green-cyan-color\">21m42s<\/span>) propose que les personnes charg\u00e9es de la retranscription contactent l&rsquo;Alternative citoyenne qui enregistre tous les \u00e9changes et qui pourra donner des pr\u00e9cisions. Frantz Denat (<span class=\"has-inline-color has-vivid-green-cyan-color\">23m32s<\/span>) demande que les PV de conseil soient envoy\u00e9s le plus t\u00f4t possible, de pr\u00e9f\u00e9rence avant l&rsquo;envoi de la convocation pour le conseil suivant. M.Bourrel r\u00e9pond favorablement \u00e0 cette demande mais M.Bank pr\u00e9cise que c&rsquo;est un prestataire ext\u00e9rieur qui effectue ce travail.<\/p>\n\n\n\n<figure class=\"wp-block-audio aligncenter\"><audio controls src=\"https:\/\/moniteur.ovh\/wp-content\/uploads\/2024\/02\/Adoption-PV-18-decembre-2023.mp3\"><\/audio><figcaption><span class=\"has-inline-color has-vivid-cyan-blue-color\">Remarques adoption proc\u00e8s-verbal conseil du 18 d\u00e9cembre 2023<\/span><\/figcaption><\/figure>\n\n\n\n<p><strong>Point 1 C\/ Suppression du seuil interm\u00e9diaire (5 000 \u20ac) de la commande publique : pas de publicit\u00e9 ni de mise en concurrence jusqu&rsquo;\u00e0 40 000 \u20ac.<\/strong> Bertrand Coisne (<span class=\"has-inline-color has-vivid-green-cyan-color\">50m34s<\/span>) demande que, de 5 000 \u20ac \u00e0 40 000 \u20ac, la mise en concurrence soit maintenue, par exemple en exigeant la fourniture de deux ou trois devis. Pierre-Martin Chazot fait remarquer que cet all\u00e8gement des proc\u00e9dures de commandes publiques devrait permettre \u00e0 des tr\u00e8s petites entreprises, notamment fran\u00e7aises, de participer \u00e0 des march\u00e9s (cas de la fourniture de v\u00eatements de travail des policiers municipaux par exemple). Frantz Denat pointe les dangers de corruption. En 2023, les poursuites p\u00e9nales ont augment\u00e9 de 15% chez les \u00e9lus et de 33% chez les fonctionnaires territoriaux. Marianne Pelletier pr\u00e9cise qu&rsquo;en r\u00e9ponse \u00e0 ces interrogations, la commission finances a indiqu\u00e9 que tous les achats respectent des proc\u00e9dures de tra\u00e7abilit\u00e9 mais reconna\u00eet qu&rsquo;il y a tout de m\u00eame un danger.<\/p>\n\n\n\n<figure class=\"wp-block-audio aligncenter\"><audio controls src=\"https:\/\/moniteur.ovh\/wp-content\/uploads\/2024\/02\/Point-1C-Suppression-seuil-intermediaire-marches-publics.mp3\"><\/audio><figcaption><span class=\"has-inline-color has-vivid-cyan-blue-color\">Point 1C : suppression seuil interm\u00e9diaire commandes publiques<\/span><\/figcaption><\/figure>\n\n\n\n<p><strong>Point 3 Budget primitif de la commune<\/strong> : Bertrand Coisne (<span class=\"has-inline-color has-vivid-green-cyan-color\">2h05m31s<\/span>) reprend une remarque d\u00e9j\u00e0 faite \u00e0 l&rsquo;occasion du vote des budgets primitifs. Puisque le Tr\u00e9sorier payeur calcule les r\u00e9sultats de l&rsquo;ann\u00e9e pr\u00e9c\u00e9dente, que nous reprenons donc de fa\u00e7on anticip\u00e9e dans le budget de l&rsquo;ann\u00e9e, il serait possible de comparer le budget 2024, non pas avec le budget 2023, mais avec les donn\u00e9es r\u00e9elles du compte administratif 2023. Il indique par exemple que la commune attendait le double de recettes r\u00e9sultant de la mise en place du stationnement payant \u00e0 Carnon (2 millions pr\u00e9vus et 1,351 million r\u00e9alis\u00e9). Ces recettes ne vont pas augmenter en 2024 car \u00a0\u00bb quand c&rsquo;est trop cher, on n&rsquo;ach\u00e8te plus \u00ab\u00a0. De la m\u00eame fa\u00e7on, pour les d\u00e9penses d&rsquo;investissement, pr\u00e9vues \u00e0 hauteur de 15 millions, la commune ne les fera pas en 2024, nous aurons encore des sommes non d\u00e9pens\u00e9es. Marianne Pelletier (<span class=\"has-inline-color has-vivid-green-cyan-color\">2h15m42s<\/span>), tout en soulignant l&rsquo;importance d&rsquo;avoir inscrit la commune dans la <em>Liste des communes impact\u00e9es par le recul du trait de c\u00f4te<\/em>, reprend les propos de Frantz Denat sur l&rsquo;absence de prise en compte de l&rsquo;\u00e9rosion du trait de c\u00f4te, des risques de submersion marine dans les op\u00e9rations budg\u00e9taires.<\/p>\n\n\n\n<figure class=\"wp-block-audio aligncenter\"><audio controls src=\"https:\/\/moniteur.ovh\/wp-content\/uploads\/2024\/02\/Point-3-Budget-primitif.mp3\"><\/audio><figcaption><span class=\"has-inline-color has-vivid-cyan-blue-color\">Point 3 Budget primitif 2024<\/span><\/figcaption><\/figure>\n\n\n\n<p><strong>Point 19 Gestion en flux des logements sociaux<\/strong> Pierre Delcant (<span class=\"has-inline-color has-vivid-green-cyan-color\">3h30m35s<\/span>) demande quel est le nombre de logements sociaux attribu\u00e9s \u00e0 Carnon. Bertrand Coisne (<span class=\"has-inline-color has-vivid-green-cyan-color\">3h33m53s<\/span>) fait remarquer que les conventions sign\u00e9es avec les 7 organismes bailleurs sont tr\u00e8s complexes \u00ab\u00a0des usines \u00e0 gaz\u00a0\u00bb. Il estime que les conventions devraient \u00eatre tripartites, sign\u00e9es avec la commune et l&rsquo;agglo.<\/p>\n\n\n\n<figure class=\"wp-block-audio aligncenter\"><audio controls src=\"http:\/\/moniteur.ovh\/wp-content\/uploads\/2024\/02\/Point-19-Gestion-en-flux-logements-sociaux.mp3\"><\/audio><figcaption><span class=\"has-inline-color has-vivid-cyan-blue-color\">Point 19 : gestion en flux des logements sociaux<\/span><\/figcaption><\/figure>\n\n\n\n<p><\/p>\n","protected":false},"excerpt":{"rendered":"<p>Enregistrement audio de la totalit\u00e9 du conseil Enregistrement audio de la totalit\u00e9 du conseil Vous trouverez ci-dessous des extraits des \u00e9changes. Les rep\u00e8res indiqu\u00e9s en vert correspondent \u00e0 la vid\u00e9o. Adoption du proc\u00e8s-verbal du conseil municipal du 18 d\u00e9cembre 2023&hellip;<\/p>\n<p class=\"more-link-p\"><a class=\"more-link\" href=\"https:\/\/moniteur.ovh\/index.php\/conseil-municipal-du-9-fevrier-2024\/\">Read more &rarr;<\/a><\/p>\n","protected":false},"author":2,"featured_media":0,"parent":0,"menu_order":0,"comment_status":"closed","ping_status":"closed","template":"","meta":[],"_links":{"self":[{"href":"https:\/\/moniteur.ovh\/index.php\/wp-json\/wp\/v2\/pages\/2595"}],"collection":[{"href":"https:\/\/moniteur.ovh\/index.php\/wp-json\/wp\/v2\/pages"}],"about":[{"href":"https:\/\/moniteur.ovh\/index.php\/wp-json\/wp\/v2\/types\/page"}],"author":[{"embeddable":true,"href":"https:\/\/moniteur.ovh\/index.php\/wp-json\/wp\/v2\/users\/2"}],"replies":[{"embeddable":true,"href":"https:\/\/moniteur.ovh\/index.php\/wp-json\/wp\/v2\/comments?post=2595"}],"version-history":[{"count":1,"href":"https:\/\/moniteur.ovh\/index.php\/wp-json\/wp\/v2\/pages\/2595\/revisions"}],"predecessor-version":[{"id":2596,"href":"https:\/\/moniteur.ovh\/index.php\/wp-json\/wp\/v2\/pages\/2595\/revisions\/2596"}],"wp:attachment":[{"href":"https:\/\/moniteur.ovh\/index.php\/wp-json\/wp\/v2\/media?parent=2595"}],"curies":[{"name":"wp","href":"https:\/\/api.w.org\/{rel}","templated":true}]}}