{"id":2223,"date":"2023-10-13T16:57:45","date_gmt":"2023-10-13T14:57:45","guid":{"rendered":"http:\/\/moniteur.ovh\/?page_id=2223"},"modified":"2023-10-14T22:35:05","modified_gmt":"2023-10-14T20:35:05","slug":"port-a-sec-carnon","status":"publish","type":"page","link":"https:\/\/moniteur.ovh\/index.php\/port-a-sec-carnon\/","title":{"rendered":"Port \u00e0 sec Carnon"},"content":{"rendered":"\n<p>A partir du 10 f\u00e9vrier 2022, des rep\u00e8res indiqu\u00e9s en vert permettent de retrouver les extraits vid\u00e9os des conseils municipaux. Vous pouvez acc\u00e9der \u00e0 ces vid\u00e9os en choisissant l&rsquo;onglet <em>Conseils municipaux, vid\u00e9os et sons<\/em>.<\/p>\n\n\n\n<p><span class=\"has-inline-color has-vivid-cyan-blue-color\"><strong>Conseil municipal du 12 avril 2021<\/strong><\/span><\/p>\n\n\n\n<p><strong><em>Point 16 Attribution d&rsquo;autorisation d&rsquo;occupation temporaire du domaine public dans le cadre de l&rsquo;exercice d&rsquo;une activit\u00e9 \u00e9conomique sur le port de plaisance de Carnon &#8211; Lot 2 (B\u00e2timent zone Est) et Lot 3 (Stockage \u00e0 terre).<\/em><\/strong> Cette d\u00e9lib\u00e9ration a \u00e9t\u00e9 vot\u00e9e \u00e0 l&rsquo;unanimit\u00e9<\/p>\n\n\n\n<p>Apr\u00e8s le conseil municipal, les \u00e9lus de l&rsquo;Alternative citoyenne ont r\u00e9alis\u00e9 que la d\u00e9lib\u00e9ration 16 transformait, au moyen d&rsquo;une AOT (autorisation d&rsquo;occupation temporaire), la gestion en r\u00e9gie municipale du port \u00e0 sec en gestion confi\u00e9e au secteur priv\u00e9. Ils ont donc adress\u00e9 une lettre au maire pour lui demander d&rsquo;annuler la d\u00e9lib\u00e9ration.<\/p>\n\n\n\n<p><span class=\"has-inline-color has-vivid-cyan-blue-color\"><strong>Copie de la lettre envoy\u00e9e au maire le 31\/05\/2021 pour demander l&rsquo;annulation de la d\u00e9lib\u00e9ration 16 concernant le lot 3 (port \u00e0 sec).<\/strong><\/span><\/p>\n\n\n\n<div class=\"wp-block-image\"><figure class=\"aligncenter size-large is-resized\"><img loading=\"lazy\" src=\"https:\/\/moniteur.ovh\/wp-content\/uploads\/2023\/10\/Copie-lettre-demande-annulation-point-16-AOT-port-a-sec.jpg\" alt=\"\" class=\"wp-image-2227\" width=\"579\" height=\"893\" srcset=\"https:\/\/moniteur.ovh\/wp-content\/uploads\/2023\/10\/Copie-lettre-demande-annulation-point-16-AOT-port-a-sec.jpg 371w, https:\/\/moniteur.ovh\/wp-content\/uploads\/2023\/10\/Copie-lettre-demande-annulation-point-16-AOT-port-a-sec-194x300.jpg 194w, https:\/\/moniteur.ovh\/wp-content\/uploads\/2023\/10\/Copie-lettre-demande-annulation-point-16-AOT-port-a-sec-260x402.jpg 260w, https:\/\/moniteur.ovh\/wp-content\/uploads\/2023\/10\/Copie-lettre-demande-annulation-point-16-AOT-port-a-sec-160x247.jpg 160w\" sizes=\"(max-width: 579px) 100vw, 579px\" \/><\/figure><\/div>\n\n\n\n<p><span class=\"has-inline-color has-vivid-cyan-blue-color\"><strong>Conseil municipal du 28 juin 2021<\/strong><\/span><\/p>\n\n\n\n<p>Daniel Bourguet demande au maire de r\u00e9pondre \u00e0 la lettre que l&rsquo;Alternative citoyenne lui a adress\u00e9e le 31 mai 2021 pour demander l&rsquo;annulation de la d\u00e9lib\u00e9ration 16 portant sur la privatisation de la gestion du port \u00e0 sec.<\/p>\n\n\n\n<figure class=\"wp-block-audio\"><audio controls src=\"http:\/\/moniteur.ovh\/wp-content\/uploads\/2021\/06\/20210628- Point 7 Daniel question 2 privatisation port \u00e0 sec.mp3\"><\/audio><figcaption><span class=\"has-inline-color has-black-color\">Daniel Bourguet demande que le conseil municipal d\u00e9batte sur la privatisation du port \u00e0 sec (point 7). <\/span><\/figcaption><\/figure>\n\n\n\n<p><strong><span class=\"has-inline-color has-vivid-cyan-blue-color\">Conseil municipal du 13 d\u00e9cembre 2021<\/span><\/strong><\/p>\n\n\n\n<p>Daniel Bourguet rappelle que les \u00e9lus de l\u2019Alternative citoyenne ont demand\u00e9 l\u2019annulation de la d\u00e9lib\u00e9ration 16 du conseil municipal du 12 avril 2021 concernant l\u2019attribution d\u2019occupation temporaire du domaine public portuaire pour l\u2019exercice d\u2019activit\u00e9s \u00e9conomiques. En effet, pour le lot 3 (port \u00e0 sec), il ne s\u2019agissait pas d\u2019un renouvellement d\u2019autorisation d\u2019exploitation mais d\u2019un changement radical du mode de gestion du port, qui passait ainsi d\u2019une gestion en r\u00e9gie publique \u00e0 une gestion privatis\u00e9e. Nous avons demand\u00e9 qu\u2019il y ait un d\u00e9bat de fond sur le sujet. Ce d\u00e9bat a pu avoir lieu pendant ce conseil du 13 d\u00e9cembre. M. Balzamo et M. Bourrel ont r\u00e9pondu \u00e0 nos questions sur les raisons qui ont amen\u00e9 la majorit\u00e9 \u00e0 confier la gestion du port \u00e0 sec \u00e0 une entreprise priv\u00e9e, sur les tarifs (qui ne vont pas changer) et sur le statut du personnel (pas de d\u00e9tachement pr\u00e9vu). Bertrand Coisne fait remarquer qu\u2019une concession de service public \u00e0 l\u2019Or Am\u00e9nagement aurait permis \u00e0 la mairie de mieux ma\u00eetriser la gestion du port \u00e0 sec. Il demande si la CDSP (Commission de d\u00e9l\u00e9gation de service public) sera convoqu\u00e9e. Cela permettrait de mieux s\u00e9lectionner les offres qu&rsquo;une AOT (autorisation d&rsquo;occupation temporaire). <\/p>\n\n\n\n<figure class=\"wp-block-audio\"><audio controls src=\"https:\/\/moniteur.ovh\/wp-content\/uploads\/2021\/12\/Point-2-privatisation-port-a-sec.mp3\"><\/audio><figcaption><span class=\"has-inline-color has-black-color\">Privatisation port \u00e0 sec de Carnon. (Point 2)<\/span><\/figcaption><\/figure>\n\n\n\n<p><span class=\"has-inline-color has-vivid-cyan-blue-color\"><strong>Conseil municipal du 10 f\u00e9vrier 2022<\/strong><\/span><\/p>\n\n\n\n<figure class=\"wp-block-audio\"><audio controls src=\"https:\/\/moniteur.ovh\/wp-content\/uploads\/2022\/02\/11-Capitainerie-Port-a-sec.mp3\"><\/audio><figcaption>Bertrand Coisne rappelle que les \u00e9lus de l&rsquo;Alternative consid\u00e8rent que le projet de capitainerie est inutile et indique que l&rsquo;argent d\u00e9pens\u00e9 pour la construction de la capitainerie aurait pu \u00eatre utilis\u00e9 pour la r\u00e9novation du port \u00e0 sec. Faute de moyens financiers suffisants, le port \u00e0 sec va \u00eatre confi\u00e9 au secteur priv\u00e9. (<span class=\"has-inline-color has-vivid-green-cyan-color\">Rep\u00e8re vid\u00e9o : 2:14<\/span>)<\/figcaption><\/figure>\n\n\n\n<p><audio src=\"http:\/\/moniteur.ovh\/wp-content\/uploads\/2021\/06\/20210628- Point 7 Daniel question 1 budget port.mp3\">Conseil municipal du 10 f\u00e9vrier 2022Conseil <\/audio><strong><span class=\"has-inline-color has-vivid-cyan-blue-color\">Conseil municipal du 10 octobre 2022<\/span><\/strong><\/p>\n\n\n\n<p>M. Coisne appr\u00e9cie que la majorit\u00e9 ait tenu compte des remarques de l&rsquo;Alternative citoyenne, formul\u00e9es dans un recours amiable. La saisine de la commission consultative des services publics locaux (CCSPL) permettra d&rsquo;\u00e9viter la privatisation du port \u00e0 sec. <em>(Point 30 de 2:54:40 \u00e0 2:56:05 sur la vid\u00e9o)<\/em><\/p>\n\n\n\n<figure class=\"wp-block-audio\"><audio controls src=\"https:\/\/moniteur.ovh\/wp-content\/uploads\/2022\/10\/CCSPL-Port-a-sec.mp3\"><\/audio><figcaption>Privatisation du port \u00e0 sec remplac\u00e9 par une d\u00e9l\u00e9gation de service public<\/figcaption><\/figure>\n\n\n\n<p><strong><span class=\"has-inline-color has-vivid-cyan-blue-color\">Conseil municipal du 13 f\u00e9vrier 2023<\/span><\/strong><\/p>\n\n\n\n<p>Le maire a finalement choisi de renoncer \u00e0 la proc\u00e9dure d&rsquo;Autorisation d&rsquo;occupation temporaire (AOT) pour la remplacer par une proc\u00e9dure de D\u00e9l\u00e9gation de Service Public (DSP), mieux adapt\u00e9e pour s\u00e9lectionner l&rsquo;entreprise priv\u00e9e qui sera charg\u00e9e d&rsquo;assurer la gestion du port \u00e0 sec. L&rsquo;Alternative citoyenne s&rsquo;en r\u00e9jouit car c&rsquo;est ce qu&rsquo;elle demandait depuis le d\u00e9but.<\/p>\n\n\n\n<figure class=\"wp-block-audio\"><audio controls src=\"http:\/\/moniteur.ovh\/wp-content\/uploads\/2023\/10\/Point-15-DSP-port-a-sec.mp3\"><\/audio><figcaption>Pr\u00e9sentation de la proc\u00e9dure de DSP par M.Bourrel<\/figcaption><\/figure>\n\n\n\n<p><strong><span class=\"has-inline-color has-vivid-cyan-blue-color\">Conseil municipal du 9 octobre 202<\/span><\/strong><span class=\"has-inline-color has-vivid-cyan-blue-color\"><strong>3<\/strong><\/span><\/p>\n\n\n\n<p>Le point 14 porte sur la d\u00e9l\u00e9gation de service public pour l&rsquo;am\u00e9nagement et l&rsquo;exploitation du port \u00e0 sec de Carnon. Bertrand Coisne reprend \u00e0 cette occasion les questions qu&rsquo;il a d\u00e9j\u00e0 pos\u00e9es en commission Finances et par courrier et pour lesquelles il n&rsquo;a pas obtenu de r\u00e9ponses pr\u00e9cises et satisfaisantes. M. Bourrel pr\u00e9sente le rapport sur la proposition de choix du futur d\u00e9l\u00e9gataire. M. Denat et M. Chazot s&rsquo;interrogent sur la proc\u00e9dure utilis\u00e9e et plus particuli\u00e8rement sur le r\u00f4le confi\u00e9 \u00e0 la commission de d\u00e9l\u00e9gation de service public (CDSP).<span class=\"has-inline-color has-vivid-green-cyan-color\"> (rep\u00e8res vid\u00e9o de 39min13s \u00e0 1h29min18s)<\/span><\/p>\n\n\n\n<figure class=\"wp-block-audio\"><audio controls src=\"https:\/\/moniteur.ovh\/wp-content\/uploads\/2023\/10\/14-Point-DSP-Port-a-sec.mp3\"><\/audio><figcaption>Point 14 : D\u00e9l\u00e9gation service public port \u00e0 sec<\/figcaption><\/figure>\n","protected":false},"excerpt":{"rendered":"<p>A partir du 10 f\u00e9vrier 2022, des rep\u00e8res indiqu\u00e9s en vert permettent de retrouver les extraits vid\u00e9os des conseils municipaux. Vous pouvez acc\u00e9der \u00e0 ces vid\u00e9os en choisissant l&rsquo;onglet Conseils municipaux, vid\u00e9os et sons. Conseil municipal du 12 avril 2021&hellip;<\/p>\n<p class=\"more-link-p\"><a class=\"more-link\" href=\"https:\/\/moniteur.ovh\/index.php\/port-a-sec-carnon\/\">Read more &rarr;<\/a><\/p>\n","protected":false},"author":2,"featured_media":0,"parent":0,"menu_order":0,"comment_status":"closed","ping_status":"closed","template":"","meta":[],"_links":{"self":[{"href":"https:\/\/moniteur.ovh\/index.php\/wp-json\/wp\/v2\/pages\/2223"}],"collection":[{"href":"https:\/\/moniteur.ovh\/index.php\/wp-json\/wp\/v2\/pages"}],"about":[{"href":"https:\/\/moniteur.ovh\/index.php\/wp-json\/wp\/v2\/types\/page"}],"author":[{"embeddable":true,"href":"https:\/\/moniteur.ovh\/index.php\/wp-json\/wp\/v2\/users\/2"}],"replies":[{"embeddable":true,"href":"https:\/\/moniteur.ovh\/index.php\/wp-json\/wp\/v2\/comments?post=2223"}],"version-history":[{"count":26,"href":"https:\/\/moniteur.ovh\/index.php\/wp-json\/wp\/v2\/pages\/2223\/revisions"}],"predecessor-version":[{"id":2361,"href":"https:\/\/moniteur.ovh\/index.php\/wp-json\/wp\/v2\/pages\/2223\/revisions\/2361"}],"wp:attachment":[{"href":"https:\/\/moniteur.ovh\/index.php\/wp-json\/wp\/v2\/media?parent=2223"}],"curies":[{"name":"wp","href":"https:\/\/api.w.org\/{rel}","templated":true}]}}