{"id":2125,"date":"2023-07-25T16:26:18","date_gmt":"2023-07-25T14:26:18","guid":{"rendered":"http:\/\/moniteur.ovh\/?page_id=2125"},"modified":"2023-10-16T07:45:18","modified_gmt":"2023-10-16T05:45:18","slug":"conseil-municipal-du-24-juillet-2023","status":"publish","type":"page","link":"https:\/\/moniteur.ovh\/index.php\/conseil-municipal-du-24-juillet-2023\/","title":{"rendered":"Conseil municipal du 24 juillet 2023"},"content":{"rendered":"\n<p><span class=\"has-inline-color has-vivid-cyan-blue-color\">Enregistrement audio de la totalit\u00e9 du conseil<\/span><\/p>\n\n\n\n<figure class=\"wp-block-audio\"><audio controls src=\"http:\/\/moniteur.ovh\/wp-content\/uploads\/2023\/07\/20230724 complet.mp3\"><\/audio><\/figure>\n\n\n\n<p><span class=\"has-inline-color has-vivid-cyan-blue-color\">Enregistrement vid\u00e9o de la totalit\u00e9 du conseil<\/span><\/p>\n\n\n\n<figure class=\"wp-block-embed is-type-video is-provider-youtube wp-block-embed-youtube wp-embed-aspect-16-9 wp-has-aspect-ratio\"><div class=\"wp-block-embed__wrapper\">\n<iframe title=\"Conseil Municipal du 24 Juillet 2023\" width=\"752\" height=\"423\" src=\"https:\/\/www.youtube.com\/embed\/0xZhymYivPc?feature=oembed\" frameborder=\"0\" allow=\"accelerometer; autoplay; clipboard-write; encrypted-media; gyroscope; picture-in-picture; web-share\" allowfullscreen><\/iframe>\n<\/div><\/figure>\n\n\n\n<p><strong>Proc\u00e8s-verbal du conseil en ligne sur le site de la mairie ou en suivant ce lien<\/strong> <a href=\"https:\/\/mauguio-carnon.com\/images\/MA_VILLE\/municipalite\/conseils-municipaux\/pdf\/2023\/PV_du_24.07.2023_adopt%C3%A9_au_CM_du_09.10.2023.pdf\" target=\"_blank\" rel=\"noreferrer noopener\">https:\/\/mauguio-carnon.com\/images\/MA_VILLE\/municipalite\/conseils-municipaux\/pdf\/2023\/PV_du_24.07.2023_adopt%C3%A9_au_CM_du_09.10.2023.pdf<\/a><\/p>\n\n\n\n<p>Vous trouverez ci-dessous les interventions de nos \u00e9lus. Les rep\u00e8res de couleur verte correspondent \u00e0 la vid\u00e9o.<\/p>\n\n\n\n<p><strong>Adoption du proc\u00e8s verbal du conseil du 26\/06\/2023.<\/strong> Bertrand Coisne revient sur des points abord\u00e9s lors du pr\u00e9c\u00e9dent conseil du 26\/06\/2023 : calcul du taux des honoraires de la ma\u00eetrise d\u2019\u0153uvre pour la construction du gymnase, communication aux \u00e9lus du PV du conseil portuaire, r\u00e9glementation au sujet des ombri\u00e8res sur les parkings en lien avec le parking des plages \u00e0 Carnon (<span class=\"has-inline-color has-vivid-green-cyan-color\">5m-7m50s<\/span>).<\/p>\n\n\n\n<figure class=\"wp-block-audio\"><audio controls src=\"https:\/\/moniteur.ovh\/wp-content\/uploads\/2023\/07\/01-BC-PV.mp3\"><\/audio><figcaption>PV du conseil du 26\/06\/2023 : questions en attente de r\u00e9ponse<\/figcaption><\/figure>\n\n\n\n<p><strong>Point 1 D\u00e9cisions municipales.<\/strong> Bertrand Coisne demande des pr\u00e9cisions au sujet de la d\u00e9cision municipale 81 correspondant \u00e0 la convention d&rsquo;occupation temporaire du domaine public portuaire dans le cadre de l&rsquo;exploitation d&rsquo;une activit\u00e9 saisonni\u00e8re de loisirs terrestre &#8211; SAS FESTY&rsquo;LOISIRS (<span class=\"has-inline-color has-vivid-green-cyan-color\">16m35s-19m11s<\/span>).<\/p>\n\n\n\n<figure class=\"wp-block-audio\"><audio controls src=\"https:\/\/moniteur.ovh\/wp-content\/uploads\/2023\/07\/02-BC-P1A.mp3\"><\/audio><figcaption>Point 1 : pr\u00e9cisions sur la d\u00e9cision 81<\/figcaption><\/figure>\n\n\n\n<p><strong>Point 3 : cession des anciens locaux de la police municipale. <\/strong>Pour Daniel Bourguet, la commune aurait d\u00fb conserver la propri\u00e9t\u00e9 de ces locaux pour pouvoir mener une politique plus efficace de dynamisation du centre ville de Mauguio. Par exemple en louant des locaux \u00e0 des entreprises ayant besoin d&rsquo;un soutien financier lors de leur installation. Bertrand Coisne poursuit sur ce point en questionnant la m\u00e9thode d&rsquo;\u00e9valuation utilis\u00e9e par les Domaines. Le coefficient appliqu\u00e9 correspond \u00e0 des locaux professionnels, bien inf\u00e9rieur \u00e0 celui utilis\u00e9 pour les locaux commerciaux. En refaisant les calculs avec la prise en compte de l&rsquo;usage commercial qu&rsquo;en fera l&rsquo;acqu\u00e9reur, l&rsquo;estimation n&rsquo;est plus de 310 000 euros mais plut\u00f4t de 770 000 euros (<span class=\"has-inline-color has-vivid-green-cyan-color\">29m34s-37m53s<\/span>).<\/p>\n\n\n\n<figure class=\"wp-block-audio\"><audio controls src=\"https:\/\/moniteur.ovh\/wp-content\/uploads\/2023\/07\/03-DB-BC-P3.mp3\"><\/audio><figcaption>Point 3 : cession anciens locaux police municipale<\/figcaption><\/figure>\n\n\n\n<p><strong>Point 4 : Cession logement de fonction \u00e9cole Jouiss\u00e9 d&rsquo;Arbaud \u00e0 Carnon. <\/strong>Simone Gr\u00e8s-Blazin fait remarquer que Carnon a besoin de logements d&rsquo;urgence et que l&rsquo;ancien appartement de fonction aurait pu \u00eatre utilis\u00e9 en totalit\u00e9 ou en partie \u00e0 cet usage (<span class=\"has-inline-color has-vivid-green-cyan-color\">41m40s-44m27s<\/span>).<\/p>\n\n\n\n<figure class=\"wp-block-audio\"><audio controls src=\"https:\/\/moniteur.ovh\/wp-content\/uploads\/2023\/07\/04-SGB-P4.mp3\"><\/audio><figcaption>Point 4 : cession logement fonction \u00e9cole de Carnon<\/figcaption><\/figure>\n\n\n\n<p><strong>Point 5 : P\u00e9rim\u00e8tre d\u00e9limit\u00e9 des abords (centre Mauguio)<\/strong>. Bertrand Coisne propose \u00e0 l&rsquo;\u00e9quipe majoritaire d&rsquo;utiliser les services gratuits du d\u00e9partement avec le CAUE (Conseil d&rsquo;architecture, d&rsquo;urbanisme et de l&rsquo;environnement) afin de b\u00e9n\u00e9ficier de comp\u00e9tences en architecture pour la partie de Mauguio situ\u00e9e en dehors du p\u00e9rim\u00e8tre. Pour la partie int\u00e9gr\u00e9e dans le p\u00e9rim\u00e8tre d\u00e9limit\u00e9 des abords, l&rsquo;avis de l&rsquo;Architecte des B\u00e2timents de France est obligatoire pour les autorisations d&rsquo;occuper le sol (<span class=\"has-inline-color has-vivid-green-cyan-color\">50m41s-55m07s<\/span>).<\/p>\n\n\n\n<figure class=\"wp-block-audio\"><audio controls src=\"https:\/\/moniteur.ovh\/wp-content\/uploads\/2023\/07\/05-BC-P5.mp3\"><\/audio><figcaption>Point 5 p\u00e9rim\u00e8tre d\u00e9limit\u00e9 des abords centre ville Mauguio<\/figcaption><\/figure>\n\n\n\n<p><strong>Point 6 : Rapport d&rsquo;observations d\u00e9finitives de la Chambre r\u00e9gionale des comptes d&rsquo;Occitanie portant sur le contr\u00f4le des comptes et de la gestion de la commue au titre des exercices 2016 et suivants<\/strong>. Marianne Pelletier rappelle l&rsquo;intervention de l&rsquo;Alternative citoyenne au conseil municipal du 14 d\u00e9cembre 2020 \u00e0 l&rsquo;occasion du d\u00e9bat d&rsquo;orientation budg\u00e9taire 2021. Elle soulignait \u00e0 cette \u00e9poque l&rsquo;absence de prise en compte s\u00e9rieuse du r\u00e9chauffement climatique dans le projet Carnon 2030. Mme Pelletier constate aujourd&rsquo;hui que la Chambre r\u00e9gionale des comptes va dans le m\u00eame sens que l&rsquo;Alternative citoyenne avec deux recommandations importantes (num\u00e9ros 3 et 5) : int\u00e9grer les cons\u00e9quences du changement climatique dans tous les projets d&rsquo;investissement et informer les habitants de Carnon. Elle constate que la majorit\u00e9 a progress\u00e9 par rapport au d\u00e9but de la mandature et souligne avec satisfaction l&rsquo;inscription de la commune sur <em>la liste des communes dont l&rsquo;action en mati\u00e8re d&rsquo;urbanisme et la politique d&rsquo;am\u00e9nagement doivent \u00eatre adapt\u00e9s aux ph\u00e9nom\u00e8nes hydro-s\u00e9dimentaires entra\u00eenant l&rsquo;\u00e9rosion du littoral<\/em> (<span class=\"has-inline-color has-vivid-green-cyan-color\">1h09m08s-1h14m26s<\/span>).<\/p>\n\n\n\n<figure class=\"wp-block-audio\"><audio controls src=\"https:\/\/moniteur.ovh\/wp-content\/uploads\/2023\/07\/06-MP-P6.mp3\"><\/audio><figcaption>Point 6 : Chambre r\u00e9gionale des comptes \/ r\u00e9chauffement climatique Carnon<\/figcaption><\/figure>\n\n\n\n<p><strong>Point 6 : Rapport d&rsquo;observations d\u00e9finitives de la Chambre r\u00e9gionale des comptes d&rsquo;Occitanie portant sur le contr\u00f4le des comptes et de la gestion de la commue au titre des exercices 2016 et suivants<\/strong>. Bertrand Coisne constate que les observations de la Chambre r\u00e9gionale des comptes montrent le manque de vision globale de la majorit\u00e9 pour la commune de Mauguio Carnon. Il cite les remarques de la Chambre concernant le r\u00e9chauffement climatique, le tourisme, le vieillissement de la population, la non-consommation des cr\u00e9dits d&rsquo;investissement, l&rsquo;absence de bilan des concessions de plage, les transports, l&rsquo;\u00e9valuation des risques (<span class=\"has-inline-color has-vivid-green-cyan-color\">1h14m26s-1h21m57s<\/span>).<\/p>\n\n\n\n<figure class=\"wp-block-audio\"><audio controls src=\"https:\/\/moniteur.ovh\/wp-content\/uploads\/2023\/07\/07-BC-P6.mp3\"><\/audio><figcaption>Point 6 : Chambre r\u00e9gionale des comptes \/ manque de vision<\/figcaption><\/figure>\n\n\n\n<p><strong>Point 13 Convention de mise \u00e0 disposition temporaire relative aux conditions d&rsquo;entretien des all\u00e9es ouvertes au public des copropri\u00e9t\u00e9s Astrolabe et Le Solignac<\/strong>. Daniel Bourguet demande d&rsquo;aller plus loin dans ce domaine car ces passages constituent la vitrine de Carnon. Ils m\u00e9riteraient d&rsquo;\u00eatre pris en charge totalement par la commune afin de les \u00ab\u00a0redesigner\u00a0\u00bb, de les red\u00e9corer. Il faut r\u00e9fl\u00e9chir sur la fa\u00e7on d&rsquo;aller plus loin (<span class=\"has-inline-color has-vivid-green-cyan-color\">2h15m50s-2h17m17s<\/span>).<\/p>\n\n\n\n<figure class=\"wp-block-audio\"><audio controls src=\"https:\/\/moniteur.ovh\/wp-content\/uploads\/2023\/07\/08-DB-P13.mp3\"><\/audio><figcaption>Point 13 : convention entretien passages Solignac Astrolabe Carnon<\/figcaption><\/figure>\n","protected":false},"excerpt":{"rendered":"<p>Enregistrement audio de la totalit\u00e9 du conseil Enregistrement vid\u00e9o de la totalit\u00e9 du conseil Proc\u00e8s-verbal du conseil en ligne sur le site de la mairie ou en suivant ce lien https:\/\/mauguio-carnon.com\/images\/MA_VILLE\/municipalite\/conseils-municipaux\/pdf\/2023\/PV_du_24.07.2023_adopt%C3%A9_au_CM_du_09.10.2023.pdf Vous trouverez ci-dessous les interventions de nos \u00e9lus. Les&hellip;<\/p>\n<p class=\"more-link-p\"><a class=\"more-link\" href=\"https:\/\/moniteur.ovh\/index.php\/conseil-municipal-du-24-juillet-2023\/\">Read more &rarr;<\/a><\/p>\n","protected":false},"author":2,"featured_media":0,"parent":0,"menu_order":0,"comment_status":"closed","ping_status":"closed","template":"","meta":[],"_links":{"self":[{"href":"https:\/\/moniteur.ovh\/index.php\/wp-json\/wp\/v2\/pages\/2125"}],"collection":[{"href":"https:\/\/moniteur.ovh\/index.php\/wp-json\/wp\/v2\/pages"}],"about":[{"href":"https:\/\/moniteur.ovh\/index.php\/wp-json\/wp\/v2\/types\/page"}],"author":[{"embeddable":true,"href":"https:\/\/moniteur.ovh\/index.php\/wp-json\/wp\/v2\/users\/2"}],"replies":[{"embeddable":true,"href":"https:\/\/moniteur.ovh\/index.php\/wp-json\/wp\/v2\/comments?post=2125"}],"version-history":[{"count":3,"href":"https:\/\/moniteur.ovh\/index.php\/wp-json\/wp\/v2\/pages\/2125\/revisions"}],"predecessor-version":[{"id":2380,"href":"https:\/\/moniteur.ovh\/index.php\/wp-json\/wp\/v2\/pages\/2125\/revisions\/2380"}],"wp:attachment":[{"href":"https:\/\/moniteur.ovh\/index.php\/wp-json\/wp\/v2\/media?parent=2125"}],"curies":[{"name":"wp","href":"https:\/\/api.w.org\/{rel}","templated":true}]}}