{"id":1959,"date":"2023-02-14T19:42:36","date_gmt":"2023-02-14T18:42:36","guid":{"rendered":"http:\/\/moniteur.ovh\/?page_id=1959"},"modified":"2023-10-16T07:43:22","modified_gmt":"2023-10-16T05:43:22","slug":"conseil-municipal-du-13-fevrier-2023","status":"publish","type":"page","link":"https:\/\/moniteur.ovh\/index.php\/conseil-municipal-du-13-fevrier-2023\/","title":{"rendered":"Conseil municipal du 13 f\u00e9vrier 2023"},"content":{"rendered":"\n<p>La mise en place de la politique de stationnement payant \u00e0 Carnon, \u00e0 l&rsquo;ordre du jour de ce conseil municipal, a d\u00e9clench\u00e9 un mouvement de protestation :  pr\u00e9sence massive de Carnonnais qui sont venus d\u00e9poser des pancartes devant la mairie puis ont pris place dans la salle du conseil. <\/p>\n\n\n\n<figure class=\"wp-block-video\"><video controls src=\"http:\/\/moniteur.ovh\/wp-content\/uploads\/2023\/02\/Entr\u00e9e des Carnonnais.mp4\"><\/video><figcaption><span class=\"has-inline-color has-vivid-cyan-blue-color\">Les Carnonnais entrent dans la salle du conseil municipal.<\/span><\/figcaption><\/figure>\n\n\n\n<p>Vous trouverez ci-dessous les enregistrements vid\u00e9o et audio de la totalit\u00e9 du conseil puis les rep\u00e8res sur l&rsquo;enregistrement vid\u00e9o complet permettant de voir tous les \u00e9changes concernant la mise en place du stationnement payant \u00e0 Carnon et enfin des extraits vid\u00e9o portant sur le vote du <span class=\"has-inline-color has-black-color\">budget <\/span>de la commune, <span class=\"has-inline-color has-black-color\">l&rsquo;augmentation des co\u00fbts pour la construction du gymnase \u00e0 La Font de Mauguio, des projets de promotion immobili\u00e8re \u00e0 la Font de Mauguio, la motion de soutien \u00e0 la bouvine.<\/span><\/p>\n\n\n\n<p><span class=\"has-inline-color has-vivid-cyan-blue-color\">Enregistrement vid\u00e9o de la totalit\u00e9 du conseil municipal<\/span><\/p>\n\n\n\n<figure class=\"wp-block-embed is-type-video is-provider-youtube wp-block-embed-youtube wp-embed-aspect-16-9 wp-has-aspect-ratio\"><div class=\"wp-block-embed__wrapper\">\n<iframe title=\"Conseil Municipal du 13 F\u00e9vrier 2023\" width=\"752\" height=\"423\" src=\"https:\/\/www.youtube.com\/embed\/WJHU5fLcz3k?feature=oembed\" frameborder=\"0\" allow=\"accelerometer; autoplay; clipboard-write; encrypted-media; gyroscope; picture-in-picture; web-share\" allowfullscreen><\/iframe>\n<\/div><\/figure>\n\n\n\n<p><span class=\"has-inline-color has-vivid-cyan-blue-color\">Enregistrement audio de la totalit\u00e9 du conseil municipal<\/span><\/p>\n\n\n\n<figure class=\"wp-block-audio\"><audio controls src=\"http:\/\/moniteur.ovh\/wp-content\/uploads\/2023\/02\/230213-194935.MP3\"><\/audio><\/figure>\n\n\n\n<p><strong>Proc\u00e8s-verbal du conseil en ligne sur le site de la mairie ou en suivant ce lien<\/strong> <a href=\"https:\/\/mauguio-carnon.com\/images\/MA_VILLE\/municipalite\/conseils-municipaux\/pdf\/2023\/PV_CM_du_13.02.2023_adopt%C3%A9_en_s%C3%A9ance_du_CM_du_11.04.2023.pdf\" target=\"_blank\" rel=\"noreferrer noopener\">https:\/\/mauguio-carnon.com\/images\/MA_VILLE\/municipalite\/conseils-municipaux\/pdf\/2023\/PV_CM_du_13.02.2023_adopt%C3%A9_en_s%C3%A9ance_du_CM_du_11.04.2023.pdf<\/a><\/p>\n\n\n\n<p class=\"has-text-align-center\"><span class=\"has-inline-color has-vivid-cyan-blue-color\"><strong>Point 12 : Stationnement payant \u00e0 Carnon<\/strong><\/span><\/p>\n\n\n\n<p>Rep\u00e9rage pour voir les \u00e9changes sur l&rsquo;enregistrement vid\u00e9o complet. Le <strong>point 12 A\/ (mise en place du stationnement payant \u00e0 Carnon)<\/strong> commence vers <strong>1h45 <\/strong>et se termine vers <strong>2h43<\/strong>. Pour le <strong>point 12 B\/ (accord-cadre avec l&rsquo;entreprise charg\u00e9e de la mise en place du stationnement \u00e0 Carnon)<\/strong>, d\u00e9but vers <strong>2h43<\/strong> jusqu&rsquo;\u00e0 <strong>2h45<\/strong>. Pour le <strong>point 12 C\/ (Forfaits post-stationnement de 35\u20ac)<\/strong>, d\u00e9but vers <strong>2h45 <\/strong>jusqu&rsquo;\u00e0 <strong>2h51<\/strong>.<\/p>\n\n\n\n<p><strong>Point 12 A<\/strong>\/ rep\u00e9rage d\u00e9taill\u00e9 : De <strong>1h45 \u00e0 2h05<\/strong>, pr\u00e9sentation par <strong>M. Bourrel<\/strong>, de <strong>2h05 \u00e0 2h09<\/strong>, intervention de <strong>M. Chazot<\/strong>, de <strong>2h09 \u00e0 2h14<\/strong>, intervention de <strong>M. Parmentier<\/strong>, de <strong>2h14 \u00e0 2h23<\/strong>, intervention de l&rsquo;Alternative citoyenne <strong>Mme. Pelletier et M. Bourguet<\/strong>, de <strong>2h23 \u00e0 2h27<\/strong> intervention de <strong>M. Denat<\/strong>, de <strong>2h27 \u00e0 2h32<\/strong>, r\u00e9ponse de <strong>M. Bourrel<\/strong>, de <strong>2h32 \u00e0 2h37<\/strong>, vote des <strong>amendements de M. Chazo<\/strong>t, de <strong>2h37 \u00e0 2h41<\/strong>, vote des <strong>amendements pr\u00e9sent\u00e9s par M. Bourguet<\/strong>, de <strong>2h41 \u00e0 2h43<\/strong>, <strong>vote de la d\u00e9lib\u00e9ration<\/strong>.<\/p>\n\n\n\n<figure class=\"wp-block-audio\"><audio controls src=\"https:\/\/moniteur.ovh\/wp-content\/uploads\/2023\/10\/Point-12-Stationnement-payant-Carnon.mp3\"><\/audio><\/figure>\n\n\n\n<p class=\"has-text-align-center\"><span class=\"has-inline-color has-vivid-cyan-blue-color\"><strong>Point 3 : Vote du budget de la commune<\/strong><\/span><\/p>\n\n\n\n<figure class=\"wp-block-video\"><video controls src=\"http:\/\/moniteur.ovh\/wp-content\/uploads\/2023\/02\/Budget primitif.mp4\"><\/video><figcaption>Mme Pelletier et M. Bourguet interviennent \u00e0 propos du <strong>budget primitif<\/strong> : recettes et co\u00fbts estim\u00e9s de la mise en place de la politique de stationnement, demande de subventions Fonds verts pour anticiper les cons\u00e9quences des risques de submersion marine et de recul du trait de c\u00f4te, abattage des platanes, manque d&rsquo;\u00e9quit\u00e9 entre Carnonnais et Melgoriens dans la politique de tarification envisag\u00e9e \u00e0 Carnon. <em>(Pour les subventions Fonds verts, il s&rsquo;agit de cartes \u00e0 <strong>30 ans<\/strong> et <strong>entre 30 et 100 ans<\/strong> et pas 30 m\u00e8tres !)<\/em><\/figcaption><\/figure>\n\n\n\n<figure class=\"wp-block-audio\"><audio controls src=\"https:\/\/moniteur.ovh\/wp-content\/uploads\/2023\/10\/Point-3-Stationnement-Fonds-verts.mp3\"><\/audio><figcaption>Marianne Pelletier Daniel Bourguet<\/figcaption><\/figure>\n\n\n\n<p class=\"has-text-align-center\"><span class=\"has-inline-color has-vivid-cyan-blue-color\"><strong>Point 6\/B\/ Construction du gymnase Alice Milliat Font de Mauguio<\/strong><\/span><\/p>\n\n\n\n<figure class=\"wp-block-video\"><video controls src=\"http:\/\/moniteur.ovh\/wp-content\/uploads\/2023\/02\/Gymnase Font Mauguio.mp4\"><\/video><figcaption>M. Coisne demande des explications sur la hausse des co\u00fbts pr\u00e9vus pour la construction du gymnase.<\/figcaption><\/figure>\n\n\n\n<figure class=\"wp-block-audio\"><audio controls src=\"https:\/\/moniteur.ovh\/wp-content\/uploads\/2023\/10\/Point-6B-Gymanse-Alice-Milliat.mp3\"><\/audio><figcaption>Bertrand Coisne Frantz Denat Caroline Favier<\/figcaption><\/figure>\n\n\n\n<p class=\"has-text-align-center\"><strong><span class=\"has-inline-color has-vivid-cyan-blue-color\">Point 15 D\u00e9l\u00e9gation de service public pour la gestion du port \u00e0 sec<\/span><\/strong><\/p>\n\n\n\n<figure class=\"wp-block-audio\"><audio controls src=\"https:\/\/moniteur.ovh\/wp-content\/uploads\/2023\/10\/Point-15-DSP-port-a-sec.mp3\"><\/audio><figcaption>Pr\u00e9sentation de la proc\u00e9dure par M.Bourrel Remarque de M.Bourguet qui est satisfait de constater qu&rsquo;une demande de l&rsquo;Alternative citoyenne (le remplacement d&rsquo;une AOT par une DSP) a \u00e9t\u00e9 reprise par la majorit\u00e9. <span class=\"has-inline-color has-vivid-green-cyan-color\">D\u00e9marre au rep\u00e8re 3h00min22s sur la vid\u00e9o<\/span><\/figcaption><\/figure>\n\n\n\n<p class=\"has-text-align-center\"><span class=\"has-inline-color has-vivid-cyan-blue-color\"><strong>Point 19 et 20 : Partenariat entre la SEM L&rsquo;Or Autrement et des promoteurs priv\u00e9s pour des op\u00e9rations immobili\u00e8res \u00e0 la Font de Mauguio<\/strong><\/span><\/p>\n\n\n\n<figure class=\"wp-block-video\"><video controls src=\"http:\/\/moniteur.ovh\/wp-content\/uploads\/2023\/02\/Partenariat SEM priv\u00e9.mp4\"><\/video><figcaption>M. Denat puis M.Coisne s&rsquo;interrogent sur l&rsquo;int\u00e9r\u00eat d&rsquo;un partenariat entre la soci\u00e9t\u00e9 d&rsquo;\u00e9conomie mixte L&rsquo;Or Autrement et des partenaires priv\u00e9s pour deux op\u00e9rations immobili\u00e8res \u00e0 la Font de Mauguio.<\/figcaption><\/figure>\n\n\n\n<figure class=\"wp-block-audio\"><audio controls src=\"http:\/\/moniteur.ovh\/wp-content\/uploads\/2023\/10\/Points-19-et-20-SEM-2.mp3\"><\/audio><\/figure>\n\n\n\n<p class=\"has-text-align-center\"><span class=\"has-inline-color has-vivid-cyan-blue-color\"><strong>Point 1\/ C\/ : vote d&rsquo;une motion de soutien aux traditions taurines et aux traditions locales<\/strong><\/span><\/p>\n\n\n\n<figure class=\"wp-block-video\"><video controls src=\"http:\/\/moniteur.ovh\/wp-content\/uploads\/2023\/02\/Bouvine.mp4\"><\/video><figcaption>Mme Pelletier vote la motion avec le groupe Alternative citoyenne tout en expliquant les raisons qui font qu&rsquo;elle se sent \u00ab\u00a0pi\u00e9g\u00e9e\u00a0\u00bb par la r\u00e9cup\u00e9ration politique du d\u00e9bat sur la bouvine. Elle estime que le choix de soutenir l&rsquo;association des Jeunes de Provence et du Languedoc est critiquable puisque des membres de ce regroupement militent en faveur de la corrida. Elle questionne le sens de l&rsquo;opposition ruraux\/urbains dans une commune comme Mauguio Carnon et insiste sur le danger politique d&rsquo;une telle opposition.<\/figcaption><\/figure>\n\n\n\n<figure class=\"wp-block-audio\"><audio controls src=\"https:\/\/moniteur.ovh\/wp-content\/uploads\/2023\/10\/Point-1C-bouvine-lotion-soutien.mp3\"><\/audio><figcaption>Marianne Pelletier Daniel Bourguet<\/figcaption><\/figure>\n","protected":false},"excerpt":{"rendered":"<p>La mise en place de la politique de stationnement payant \u00e0 Carnon, \u00e0 l&rsquo;ordre du jour de ce conseil municipal, a d\u00e9clench\u00e9 un mouvement de protestation : pr\u00e9sence massive de Carnonnais qui sont venus d\u00e9poser des pancartes devant la mairie&hellip;<\/p>\n<p class=\"more-link-p\"><a class=\"more-link\" href=\"https:\/\/moniteur.ovh\/index.php\/conseil-municipal-du-13-fevrier-2023\/\">Read more &rarr;<\/a><\/p>\n","protected":false},"author":2,"featured_media":0,"parent":0,"menu_order":0,"comment_status":"closed","ping_status":"closed","template":"","meta":[],"_links":{"self":[{"href":"https:\/\/moniteur.ovh\/index.php\/wp-json\/wp\/v2\/pages\/1959"}],"collection":[{"href":"https:\/\/moniteur.ovh\/index.php\/wp-json\/wp\/v2\/pages"}],"about":[{"href":"https:\/\/moniteur.ovh\/index.php\/wp-json\/wp\/v2\/types\/page"}],"author":[{"embeddable":true,"href":"https:\/\/moniteur.ovh\/index.php\/wp-json\/wp\/v2\/users\/2"}],"replies":[{"embeddable":true,"href":"https:\/\/moniteur.ovh\/index.php\/wp-json\/wp\/v2\/comments?post=1959"}],"version-history":[{"count":3,"href":"https:\/\/moniteur.ovh\/index.php\/wp-json\/wp\/v2\/pages\/1959\/revisions"}],"predecessor-version":[{"id":2377,"href":"https:\/\/moniteur.ovh\/index.php\/wp-json\/wp\/v2\/pages\/1959\/revisions\/2377"}],"wp:attachment":[{"href":"https:\/\/moniteur.ovh\/index.php\/wp-json\/wp\/v2\/media?parent=1959"}],"curies":[{"name":"wp","href":"https:\/\/api.w.org\/{rel}","templated":true}]}}