{"id":1904,"date":"2022-12-20T09:55:23","date_gmt":"2022-12-20T08:55:23","guid":{"rendered":"http:\/\/moniteur.ovh\/?page_id=1904"},"modified":"2023-10-16T07:55:01","modified_gmt":"2023-10-16T05:55:01","slug":"conseil-municipal-du-19-decembre-2022","status":"publish","type":"page","link":"https:\/\/moniteur.ovh\/index.php\/conseil-municipal-du-19-decembre-2022\/","title":{"rendered":"Conseil municipal du 19 d\u00e9cembre 2022"},"content":{"rendered":"\n<p>Pas d&rsquo;enregistrement audio pour ce conseil. L&rsquo;enregistrement vid\u00e9o est en ligne ci-dessous. Depuis le conseil municipal pr\u00e9c\u00e9dent, en date du 10 octobre 2022, l&rsquo;int\u00e9gralit\u00e9 des interventions est mise \u00e0 disposition par \u00e9crit sur le site de la mairie. Nous nous en r\u00e9jouissons car cette demande a \u00e9t\u00e9 formul\u00e9e par nos \u00e9lus d\u00e8s le d\u00e9but du mandat. Les liens vers ces proc\u00e8s-verbaux sont accessibles depuis notre site.<\/p>\n\n\n\n<p><strong>Proc\u00e8s-verbal du conseil en ligne sur le site de la mairie ou en suivant ce lien<\/strong> <a href=\"https:\/\/mauguio-carnon.com\/images\/MA_VILLE\/municipalite\/conseils-municipaux\/pdf\/2023\/PV_CM_du_19.12.2022_adopt%C3%A9_en_s%C3%A9ance_du_CM_du_13.02.2023.pdf\" target=\"_blank\" rel=\"noreferrer noopener\">https:\/\/mauguio-carnon.com\/images\/MA_VILLE\/municipalite\/conseils-municipaux\/pdf\/2023\/PV_CM_du_19.12.2022_adopt%C3%A9_en_s%C3%A9ance_du_CM_du_13.02.2023.pdf<\/a><\/p>\n\n\n\n<figure class=\"wp-block-embed is-type-video is-provider-youtube wp-block-embed-youtube wp-embed-aspect-16-9 wp-has-aspect-ratio\"><div class=\"wp-block-embed__wrapper\">\n<iframe title=\"Conseil Municipal du 19 D\u00e9cembre 2022\" width=\"752\" height=\"423\" src=\"https:\/\/www.youtube.com\/embed\/J8FCotGXtdc?feature=oembed\" frameborder=\"0\" allow=\"accelerometer; autoplay; clipboard-write; encrypted-media; gyroscope; picture-in-picture; web-share\" allowfullscreen><\/iframe>\n<\/div><\/figure>\n\n\n\n<p>Vous trouverez ci-dessous une s\u00e9lection des interventions de nos \u00e9lus avec les rep\u00e8res pour les visionner sur la vid\u00e9o.<\/p>\n\n\n\n<p><strong>Point 10<\/strong> : B.Coisne demande qu&rsquo;une pr\u00e9sentation des nombreuses activit\u00e9s et missions de l&rsquo;Office de tourisme soit effectu\u00e9e \u00e0 l&rsquo;occasion d&rsquo;un conseil municipal. L.Belen lui r\u00e9pond que cette pr\u00e9sentation devrait \u00eatre faite rapidement. (<span class=\"has-inline-color has-vivid-green-cyan-color\">1:25:18 \u00e0 1:26:15<\/span>)<\/p>\n\n\n\n<p><strong>Point 12<\/strong> : B.Coisne s&rsquo;interroge sur les d\u00e9cisions d&rsquo;am\u00e9nagement de la ZAC de Mauguio qui vont \u00e0 l&rsquo;encontre d&rsquo;un des objectifs initiaux du projet : accueillir des familles aux revenus modestes. (<span class=\"has-inline-color has-vivid-green-cyan-color\">1:43:30 \u00e0 1:46:52<\/span>)<\/p>\n\n\n\n<p><strong>Point 13<\/strong> : B.Coisne d\u00e9plore un d\u00e9faut de technicit\u00e9 de la SPL L&rsquo;Or am\u00e9nagement. Il cite de nombreux exemples illustrant ce manque de comp\u00e9tences. Pour la Font de Mauguio, des retards dus \u00e0 l&rsquo;absence d&rsquo;expertise environnementale en amont du projet, une restriction du p\u00e9rim\u00e8tre pr\u00e9vu initialement \u00e0 cause de risques d&rsquo;inondations mal \u00e9valu\u00e9s. Pour Carnon, la destruction de la capitainerie pour des raisons avanc\u00e9es par la SPL qui se sont r\u00e9v\u00e9l\u00e9es fallacieuses. Pour le projet de ville-port de La Grande Motte, deux objectifs contradictoires qui sont, d&rsquo;une part, l&rsquo;augmentation du nombre d&rsquo;anneaux et, d&rsquo;autre part, la construction d&rsquo;un chantier naval. Toujours pour Carnon, l&rsquo;abattage des platanes sans autorisation pr\u00e9fectorale. La suppression de l&rsquo;avenue Solignac avant son remplacement par une desserte adapt\u00e9e \u00e0 la circulation sur cet axe. (<span class=\"has-inline-color has-vivid-green-cyan-color\">de 1:50:23 \u00e0 2:00:26<\/span>). F.Denat (\u00e9lu ind\u00e9pendant) prend ensuite la parole pour d\u00e9plorer lui aussi un manque de comp\u00e9tences techniques de la SPL (<span class=\"has-inline-color has-vivid-green-cyan-color\">de 2:00:26 \u00e0 2:04:18<\/span>)<\/p>\n\n\n\n<p><strong>Points 22 et 23<\/strong> : M.Pelletier demande si l&rsquo;aide financi\u00e8re apport\u00e9e \u00e0 l&rsquo;\u00e9cole priv\u00e9e Notre Dame pour les classes transplant\u00e9es et les intervenants en milieu scolaire est une obligation l\u00e9gale ou un choix de la commune (<span class=\"has-inline-color has-vivid-green-cyan-color\">de 2:38:58 \u00e0 2:41:41<\/span>)<\/p>\n\n\n\n<p><strong>Point 25<\/strong> : L.Pradeille pr\u00e9sente l&rsquo;attribution de trois bourses au permis de conduire pour des jeunes Melgoriens. Il annonce que la proc\u00e9dure, trop contraignante aujourd&rsquo;hui, notamment \u00e0 cause de l&rsquo;obligation de choisir une auto-\u00e9cole \u00e0 Mauguio, va \u00eatre simplifi\u00e9e. Ce dont se f\u00e9licite M.Pelletier pour les Carnonnais. N&rsquo;ayant pas d&rsquo;auto-\u00e9cole \u00e0 Carnon, ils peuvent plus facilement se rendre \u00e0 P\u00e9rols \u00e0 v\u00e9lo (<span class=\"has-inline-color has-vivid-green-cyan-color\">de 2:48:52 \u00e0 2:51:09<\/span>).<\/p>\n","protected":false},"excerpt":{"rendered":"<p>Pas d&rsquo;enregistrement audio pour ce conseil. L&rsquo;enregistrement vid\u00e9o est en ligne ci-dessous. Depuis le conseil municipal pr\u00e9c\u00e9dent, en date du 10 octobre 2022, l&rsquo;int\u00e9gralit\u00e9 des interventions est mise \u00e0 disposition par \u00e9crit sur le site de la mairie. Nous nous&hellip;<\/p>\n<p class=\"more-link-p\"><a class=\"more-link\" href=\"https:\/\/moniteur.ovh\/index.php\/conseil-municipal-du-19-decembre-2022\/\">Read more &rarr;<\/a><\/p>\n","protected":false},"author":2,"featured_media":0,"parent":0,"menu_order":0,"comment_status":"closed","ping_status":"closed","template":"","meta":[],"_links":{"self":[{"href":"https:\/\/moniteur.ovh\/index.php\/wp-json\/wp\/v2\/pages\/1904"}],"collection":[{"href":"https:\/\/moniteur.ovh\/index.php\/wp-json\/wp\/v2\/pages"}],"about":[{"href":"https:\/\/moniteur.ovh\/index.php\/wp-json\/wp\/v2\/types\/page"}],"author":[{"embeddable":true,"href":"https:\/\/moniteur.ovh\/index.php\/wp-json\/wp\/v2\/users\/2"}],"replies":[{"embeddable":true,"href":"https:\/\/moniteur.ovh\/index.php\/wp-json\/wp\/v2\/comments?post=1904"}],"version-history":[{"count":3,"href":"https:\/\/moniteur.ovh\/index.php\/wp-json\/wp\/v2\/pages\/1904\/revisions"}],"predecessor-version":[{"id":2388,"href":"https:\/\/moniteur.ovh\/index.php\/wp-json\/wp\/v2\/pages\/1904\/revisions\/2388"}],"wp:attachment":[{"href":"https:\/\/moniteur.ovh\/index.php\/wp-json\/wp\/v2\/media?parent=1904"}],"curies":[{"name":"wp","href":"https:\/\/api.w.org\/{rel}","templated":true}]}}