{"id":1811,"date":"2022-11-25T12:07:13","date_gmt":"2022-11-25T11:07:13","guid":{"rendered":"http:\/\/moniteur.ovh\/?page_id=1811"},"modified":"2023-10-16T07:59:54","modified_gmt":"2023-10-16T05:59:54","slug":"conseil-municipal-du-10-octobre-2022","status":"publish","type":"page","link":"https:\/\/moniteur.ovh\/index.php\/conseil-municipal-du-10-octobre-2022\/","title":{"rendered":"Conseil municipal du 10 octobre 2022"},"content":{"rendered":"\n<p>A partir de ce conseil municipal, en date du 10 octobre 2022, l&rsquo;int\u00e9gralit\u00e9 des interventions est mise \u00e0 disposition par \u00e9crit sur le site de la mairie. Nous nous en r\u00e9jouissons car cette demande a \u00e9t\u00e9 formul\u00e9e par nos \u00e9lus d\u00e8s le d\u00e9but du mandat. Les liens vers ces proc\u00e8s-verbaux sont accessibles depuis notre site.<\/p>\n\n\n\n<p><strong>Proc\u00e8s-verbal du conseil en ligne sur le site de la mairie ou en suivant ce lien<\/strong> <a href=\"https:\/\/mauguio-carnon.com\/images\/MA_VILLE\/municipalite\/conseils-municipaux\/pdf\/2022\/PROCES-VERBAL_CM_du_10.10.2022_ARRETE_LE_19.12.2022.pdf\" target=\"_blank\" rel=\"noreferrer noopener\">https:\/\/mauguio-carnon.com\/images\/MA_VILLE\/municipalite\/conseils-municipaux\/pdf\/2022\/PROCES-VERBAL_CM_du_10.10.2022_ARRETE_LE_19.12.2022.pdf<\/a><\/p>\n\n\n\n<p>Vous trouverez ci-dessous l&rsquo;enregistrement audio de l&rsquo;int\u00e9gralit\u00e9 du conseil municipal. Comme d&rsquo;habitude suivront des extraits sur des points qui ont suscit\u00e9 des d\u00e9bats.<\/p>\n\n\n\n<figure class=\"wp-block-audio\"><audio controls src=\"http:\/\/moniteur.ovh\/wp-content\/uploads\/2022\/10\/221010-184714.MP3\"><\/audio><figcaption><span class=\"has-inline-color has-vivid-cyan-blue-color\">Enregistrement audio de l&rsquo;int\u00e9gralit\u00e9 du conseil<\/span><\/figcaption><\/figure>\n\n\n\n<p>Vous pouvez \u00e9galement visionner la vid\u00e9o du conseil, disponible sur le site de la mairie, mais \u00e9galement ci-dessous.<\/p>\n\n\n\n<figure class=\"wp-block-embed is-type-video is-provider-youtube wp-block-embed-youtube wp-embed-aspect-16-9 wp-has-aspect-ratio\"><div class=\"wp-block-embed__wrapper\">\n<iframe title=\"Conseil Municipal du 10 Octobre 2022\" width=\"752\" height=\"423\" src=\"https:\/\/www.youtube.com\/embed\/N_JSFdt62So?feature=oembed\" frameborder=\"0\" allow=\"accelerometer; autoplay; clipboard-write; encrypted-media; gyroscope; picture-in-picture\" allowfullscreen><\/iframe>\n<\/div><figcaption><span class=\"has-inline-color has-vivid-cyan-blue-color\">Enregistrement vid\u00e9o du conseil municipal<\/span><\/figcaption><\/figure>\n\n\n\n<p>Mme Favier, adjointe aux finances, pr\u00e9sente les modifications du projet Carnon 2030 ayant un impact sur le budget de la commune. <em>(Extrait point 2 de 38:10 \u00e0 39:50 sur la vid\u00e9o)<\/em><\/p>\n\n\n\n<figure class=\"wp-block-audio\"><audio controls src=\"https:\/\/moniteur.ovh\/wp-content\/uploads\/2022\/10\/Modif-budget-Carnon-2030.mp3\"><\/audio><\/figure>\n\n\n\n<p>M. Bourrel affirme qu&rsquo;il souhaite conserver au port son statut de r\u00e9gie avec simple autonomie financi\u00e8re. <em>(R\u00e9ponse \u00e0 une question de M. Chazot de 1:12:24 \u00e0 1:14:10 sur la vid\u00e9o)<\/em><\/p>\n\n\n\n<figure class=\"wp-block-audio\"><audio controls src=\"https:\/\/moniteur.ovh\/wp-content\/uploads\/2022\/10\/Statut-port.mp3\"><\/audio><\/figure>\n\n\n\n<p>Mme Pelletier demande confirmation de l&rsquo;existence d&rsquo;une \u00e9tude sur les causes de l&rsquo;ensablement du port. M. Bourrel et Mme Moullin-Traffort lui r\u00e9pondent.<em> (Point 12 Travaux d&rsquo;entretien du dragage du port de Carnon de 1:20:29 \u00e0 1:25:24 sur la vid\u00e9o)<\/em><\/p>\n\n\n\n<figure class=\"wp-block-audio\"><audio controls src=\"https:\/\/moniteur.ovh\/wp-content\/uploads\/2022\/10\/Dragage-port.mp3\"><\/audio><\/figure>\n\n\n\n<p>MM. Coisne et Denat puis Mme Pelletier interviennent au sujet de l&rsquo;\u00e9tude portant sur La Louvade et La pointe de Mudaison. <em>(Point 15 de 1:30:30 \u00e0 1:41:29)<\/em><\/p>\n\n\n\n<figure class=\"wp-block-audio\"><audio controls src=\"https:\/\/moniteur.ovh\/wp-content\/uploads\/2022\/10\/Pointe-Mudaison-Louvade.mp3\"><\/audio><\/figure>\n\n\n\n<p>MM. Parmentier, Denat et Chazot puis Mme Gres-Blazin interviennent sur la d\u00e9saffectation et le d\u00e9classement de trois b\u00e2timents  \u00e0 Mauguio et \u00e0 Carnon. <em>(Points 16, 17 et 18 de 1:43:11 \u00e0 1:58:34 sur la vid\u00e9o)<\/em><\/p>\n\n\n\n<figure class=\"wp-block-audio\"><audio controls src=\"https:\/\/moniteur.ovh\/wp-content\/uploads\/2022\/10\/Desaffectation-Declassement.mp3\"><\/audio><\/figure>\n\n\n\n<p>MM. Parmentier, Chazot, Denat et Deydier interviennent sur l&rsquo;enqu\u00eate publique portant sur la suppression d&rsquo;un tron\u00e7on de l&rsquo;avenue Solignac. <em>(Point 24 de 2:17:31 \u00e0 2:24:04 sur la vid\u00e9o)<\/em><\/p>\n\n\n\n<figure class=\"wp-block-audio\"><audio controls src=\"https:\/\/moniteur.ovh\/wp-content\/uploads\/2022\/10\/Solignac.mp3\"><\/audio><\/figure>\n\n\n\n<p>M. Coisne poursuit sur le m\u00eame sujet en pr\u00e9sentant une contribution de l&rsquo;Alternative citoyenne qui n&rsquo;a pas \u00e9t\u00e9 prise en compte par le Commissaire enqu\u00eateur.<em> (Point 24 de 2:24:04 \u00e0 2:34:24 sur la vid\u00e9o)<\/em><\/p>\n\n\n\n<figure class=\"wp-block-audio\"><audio controls src=\"https:\/\/moniteur.ovh\/wp-content\/uploads\/2022\/10\/Solignac-Coisne.mp3\"><\/audio><\/figure>\n\n\n\n<p>Mme Gres-Blazin demande si une d\u00e9cision a \u00e9t\u00e9 prise pour le traitement des platanes en bordure des habitations. <em>(Point 29 de 2:48:50 \u00e0 2:51:04 sur la vid\u00e9o)<\/em><\/p>\n\n\n\n<figure class=\"wp-block-audio\"><audio controls src=\"https:\/\/moniteur.ovh\/wp-content\/uploads\/2022\/10\/Traitement-platanes.mp3\"><\/audio><\/figure>\n\n\n\n<p>M. Coisne appr\u00e9cie que la majorit\u00e9 ait tenu compte des remarques de l&rsquo;Alternative citoyenne, formul\u00e9es dans un recours amiable. La saisine de la commission consultative des services publics locaux (CCSPL) permettra d&rsquo;\u00e9viter la privatisation du port \u00e0 sec. <em>(Point 30 de 2:54:40 \u00e0 2:56:05 sur la vid\u00e9o)<\/em><\/p>\n\n\n\n<figure class=\"wp-block-audio\"><audio controls src=\"https:\/\/moniteur.ovh\/wp-content\/uploads\/2022\/10\/CCSPL-Port-a-sec.mp3\"><\/audio><\/figure>\n","protected":false},"excerpt":{"rendered":"<p>A partir de ce conseil municipal, en date du 10 octobre 2022, l&rsquo;int\u00e9gralit\u00e9 des interventions est mise \u00e0 disposition par \u00e9crit sur le site de la mairie. Nous nous en r\u00e9jouissons car cette demande a \u00e9t\u00e9 formul\u00e9e par nos \u00e9lus&hellip;<\/p>\n<p class=\"more-link-p\"><a class=\"more-link\" href=\"https:\/\/moniteur.ovh\/index.php\/conseil-municipal-du-10-octobre-2022\/\">Read more &rarr;<\/a><\/p>\n","protected":false},"author":2,"featured_media":0,"parent":0,"menu_order":0,"comment_status":"closed","ping_status":"closed","template":"","meta":[],"_links":{"self":[{"href":"https:\/\/moniteur.ovh\/index.php\/wp-json\/wp\/v2\/pages\/1811"}],"collection":[{"href":"https:\/\/moniteur.ovh\/index.php\/wp-json\/wp\/v2\/pages"}],"about":[{"href":"https:\/\/moniteur.ovh\/index.php\/wp-json\/wp\/v2\/types\/page"}],"author":[{"embeddable":true,"href":"https:\/\/moniteur.ovh\/index.php\/wp-json\/wp\/v2\/users\/2"}],"replies":[{"embeddable":true,"href":"https:\/\/moniteur.ovh\/index.php\/wp-json\/wp\/v2\/comments?post=1811"}],"version-history":[{"count":7,"href":"https:\/\/moniteur.ovh\/index.php\/wp-json\/wp\/v2\/pages\/1811\/revisions"}],"predecessor-version":[{"id":2392,"href":"https:\/\/moniteur.ovh\/index.php\/wp-json\/wp\/v2\/pages\/1811\/revisions\/2392"}],"wp:attachment":[{"href":"https:\/\/moniteur.ovh\/index.php\/wp-json\/wp\/v2\/media?parent=1811"}],"curies":[{"name":"wp","href":"https:\/\/api.w.org\/{rel}","templated":true}]}}