{"id":1619,"date":"2022-02-16T15:13:40","date_gmt":"2022-02-16T14:13:40","guid":{"rendered":"http:\/\/moniteur.ovh\/?page_id=1619"},"modified":"2025-11-23T09:15:10","modified_gmt":"2025-11-23T08:15:10","slug":"tribune-libre","status":"publish","type":"page","link":"https:\/\/moniteur.ovh\/index.php\/tribune-libre\/","title":{"rendered":"Tribune libre"},"content":{"rendered":"\n<p><strong><em>Tribune libre Octobre 2025 MAG#38<\/em><\/strong><\/p>\n\n\n\n<p>Nous nous dirigeons vers la fin du mandat.D\u00e9ficit d\u00e9mocratique,urbanisme d\u00e9brid\u00e9 et mauvaise gestion de Carnon ont fait imploser le groupe majoritaire qui s\u2019en trouve tr\u00e8s affaibli. Ces trois sujets sont pr\u00e9cis\u00e9ment depuis 12 ans les combats de L\u2019alternative Citoyenne qui s\u2019engage en soutien \u00e0 la candidature de Daniel Bourguet pour les \u00e9lections des 15 et 22 mars. Nous vous invitons \u00e0 venir nous rencontrer. Faites nous part de vos souhaits, attentes, r\u00e9flexions pour envisager ensemble l\u2019avenir de notre commune autour d\u2019une \u00e9quipe dirigeante renouvel\u00e9e et \u00e0 l\u2019\u00e9coute.<\/p>\n\n\n\n<p><strong><em>Tribune libre Juillet 2025 MAG#37<\/em><\/strong><\/p>\n\n\n\n<p>7 \u00e9lues de la majorit\u00e9 ayant cr\u00e9\u00e9 un nouveau groupe d\u2019opposition, notre espace d\u2019expression dans le magazine municipal s\u2019amenuise un peu plus. Avec 35 % de voix aux \u00e9lections (601 voix de moins que la majorit\u00e9) L\u2019Alternative citoyenne est pourtant la plus grosse repr\u00e9sentation citoyenne dans l\u2019opposition. La majorit\u00e9 municipale occupe une place tr\u00e8s largement pr\u00e9pond\u00e9rante dans la \u00ab tribune \u00bb et refuse n\u00e9anmoins de nous octroyer plus d\u2019espace. Lors du dernier conseil, nous avons demand\u00e9 un moratoire sur la politique d\u2019urbanisation et sur la r\u00e9vision du PLU.<\/p>\n\n\n\n<p><strong><em>Tribune libre Avril 2025 MAG#36<\/em><\/strong><\/p>\n\n\n\n<p>Nous, \u00e9lus de l\u2019Alternative citoyenne n\u2019avons pas attendu le mois de mars 2025 pour nous opposer au projet de stationnement payant \u00e0 Carnon, approuv\u00e9 par les 24 membres de la majorit\u00e9 en 2023, \u00e0 la d\u00e9molition et reconstruction de la Capitainerie, \u00e0 la r\u00e9alisation de la Font de Mauguio. Nous n\u2019avons pas vot\u00e9 le dernier budget car nous ne partageons pas les choix politiques de la majorit\u00e9. Nous d\u00e9plorons les constructions d\u2019immeubles qui fleurissent un peu partout. Mauguio a perdu son \u00e2me. Nous serons attentifs et vigilants dans l\u2019\u00e9laboration de la r\u00e9vision du PLU afin qu\u2019il soit en phase avec nos attentes et celles des habitants de la commune.<\/p>\n\n\n\n<p><strong><em>Tribune libre Janvier 2025 MAG#35<\/em><\/strong><\/p>\n\n\n\n<p>L\u2019avenir est ce que nous allons en faire\u00a0\u00bb lit-on sur la carte de v\u0153ux 2025. Arr\u00eatons les projets du pass\u00e9 qui d\u00e9figurent la commune avec des constructions anarchiques qui portent atteinte \u00e0 notre qualit\u00e9 de vie et d\u00e9valuent nos patrimoines. De m\u00eame pour le Pays de l\u2019Or avec l\u2019extension incessante de zones d\u2019activit\u00e9s au d\u00e9triment des terres agricoles et des espaces naturels. Le maire nous propose de travailler collectivement sur la d\u00e9finition de nouvelles r\u00e8gles d\u2019urbanisme qui seront inscrites dans le PLU. Souhaitons que cette bonne r\u00e9solution ne soit pas vite oubli\u00e9e. Redonnons aux citoyens le go\u00fbt du bien commun et de la participation d\u00e9mocratique bien m\u00e9pris\u00e9s au niveau national.<\/p>\n\n\n\n<p><strong><em>Tribune libre Novembre 2024 MAG#34<\/em><\/strong><\/p>\n\n\n\n<p>\u00ab\u00a0Plan local d\u2019urbanisme\u00a0\u00bb, \u00ab\u00a0Plan de pr\u00e9vention des risques d\u2019inondations\u00a0\u00bb, \u00ab\u00a0Projet de D\u00e9veloppement et d\u2019Am\u00e9nagement Durable\u00a0\u00bb, autant d\u2019enjeux majeurs pour notre commune : projets immobiliers, quelle augmentation du nombre d\u2019habitants, rar\u00e9faction de la ressource en eau, recul du trait de c\u00f4te, risques d\u2019inondations et submersion marine. Quelle ville voulons-nous pour demain ? Comment anticiper les cons\u00e9quences du r\u00e9chauffement climatique ? Les citoyens et leurs \u00e9lus sont invit\u00e9s \u00e0 participer \u00e0 l\u2019\u00e9laboration de plans d\u2019actions, \u00e0 Mauguio, Vaugui\u00e8res et Carnon. Il va falloir faire des choix politiques concert\u00e9s avec le plus grand nombre de citoyens.\u00a0<\/p>\n\n\n\n<p><strong><em>Tribune Juillet 2024 MAG#33<\/em><br><\/strong><br>Lors du conseil municipal de juin 2023, nous doutions de la fiabilit\u00e9 des \u00e9tudes ayant conduit au calibrage du mur anti-bruit aujourd\u2019hui r\u00e9alis\u00e9 ; r\u00e9ponse faite alors : avec un mur de cette taille-l\u00e0, il y aura un affaiblissement significatif de trois \u00e0 dix d\u00e9cibels. Dommage que les riverains de la RD 189 \u00ab ne l\u2019entendent pas de cette oreille \u00bb ! Le conseil municipal a d\u00fb se prononcer sur un projet d\u2019incin\u00e9rateur des boues d\u2019\u00e9puration \u00e0 implanter \u00e0 Lattes. Une telle usine impactera la qualit\u00e9 de l\u2019air \u00e0 Mauguio comme \u00e0 Carnon avec les vents du Nord et d\u2019Ouest. Nous demandons \u00e0 la M\u00e9tropole de proposer d\u2019autres solutions que l\u2019incin\u00e9ration.\u00bb<\/p>\n\n\n\n<p><strong><em>Tribune libre Avril 2024 MAG#32<\/em><\/strong><\/p>\n\n\n\n<p>Depuis le 1<sup>er<\/sup> avril, aucun parking n\u2019est gratuit \u00e0 Carnon ; \u00e0 35 \u20ac les 5 h les zones \u00ab orange \u00bb sont plus ch\u00e8res qu\u2019\u00e0 St Tropez. Les zones bleues sont r\u00e9duites \u00e0 1 heure sans \u00eatre accessibles avec le disque ce qui est source d\u2019erreurs. Entre La Grande Motte et Palavas, ce sont plus de 5000 places gratuites qui nous tendent les bras !<\/p>\n\n\n\n<p>L\u2019eau du robinet est pollu\u00e9e par un pesticide interdit depuis 3 ans et une trentaine d\u2019autres selon l\u2019ARS. Nous demandons une information claire des habitants du Pays de l\u2019Or et des investissements d\u2019urgence \u00e0 l\u2019usine de Vaugui\u00e8res afin de les \u00e9liminer. En attendant il faut s\u2019approvisionner autrement.<\/p>\n\n\n\n<p><strong><em>Tribune libre Janvier 2024 MAG#31<\/em><\/strong><\/p>\n\n\n\n<p>Pascale Guidault, changeant de r\u00e9sidence, quitte son si\u00e8ge au conseil municipal. Son engagement opini\u00e2tre pour le d\u00e9veloppement du lien social dans notre cit\u00e9, aura marqu\u00e9 durablement son mandat d\u2019\u00e9lue au service de notre projet politique, promouvant l\u2019action citoyenne et une d\u00e9mocratie plus participative. Nous accueillons avec plaisir \u00e0 sa place M. Pierre Delcant ; avec son sens de l\u2019\u00e9coute, sa tr\u00e8s bonne connaissance de la vie \u00e0 Carnon, son exp\u00e9rience dans la gestion municipale, il int\u00e8gre le groupe des \u00e9lus de l\u2019Alternative Citoyenne pour cette seconde moiti\u00e9 de mandat municipal. Avec tous nos v\u0153ux de bonne et heureuse ann\u00e9e 2024<\/p>\n\n\n\n<p><strong><em>Tribune libre Octobre 2023 MAG#30<\/em><\/strong><\/p>\n\n\n\n<p>Le rapport de la Chambre R\u00e9gionale des Comptes, d\u00e9battu lors du dernier conseil municipal du 24 juillet, pointe les menaces qui p\u00e8sent sur notre Commune&nbsp;:<\/p>\n\n\n\n<ul><li>Vieillissement de la population&nbsp;: les enfants du pays n\u2019ont plus les moyens d\u2019y habiter&nbsp;;<\/li><li>Absence d\u2019int\u00e9gration des risques li\u00e9s aux effets du changement climatique (inondations, vuln\u00e9rabilit\u00e9 de l\u2019\u00e9cole de voile \u00e0 la submersion, ilots de chaleur par abattage injustifi\u00e9 d\u2019arbres)&nbsp;;<\/li><li>Faible d\u00e9veloppement des transports en commun et alternatifs&nbsp;;<\/li><li>Une attractivit\u00e9 touristique menac\u00e9e.<\/li><\/ul>\n\n\n\n<p>Sur tous ces sujets, le groupe majoritaire semble malheureusement \u00ab&nbsp;regarder ailleurs&nbsp;\u00bb.<\/p>\n\n\n\n<p><strong><em>Tribune libre Juillet 2023 MAG#29<\/em><\/strong><\/p>\n\n\n\n<p>UN BILAN DE MI MANDAT D\u00c9SASTREUX<\/p>\n\n\n\n<p>\u2013 Gabegie d\u2019une d\u00e9molition \u2013 reconstruction de la capitainerie<\/p>\n\n\n\n<p>\u2013 Un \u00ab Barreau \u00bb de Vaugui\u00e8res inutile, \u00e9cologiquement et socialement irresponsable<\/p>\n\n\n\n<p>\u2013 La Font de Mauguio \u00e0 laquelle nous \u00e9tions oppos\u00e9s n\u2019assure pas son r\u00f4le de rajeunissement de la population car logements trop chers<\/p>\n\n\n\n<p>\u2013 Des \u00ab ilots de chaleur \u00bb en plus par abattage injustifi\u00e9 de plus d\u2019une centaine d\u2019arbres<\/p>\n\n\n\n<p>\u2013 \u00c9viction du Luna Park<\/p>\n\n\n\n<p>\u2013 Un stationnement rendu payant en d\u00e9pit du bon sens<\/p>\n\n\n\n<p>\u2013 La vente de biens communaux : \u00e9cole, locaux divers \u2026<\/p>\n\n\n\n<p>\u2013 Une urbanisation d\u00e9brid\u00e9e au service des promoteurs<\/p>\n\n\n\n<p>\u2013 Absence de dynamique commerciale attractive.<\/p>\n\n\n\n<p>Pourtant, l\u2019Alternative Citoyenne n\u2019a cess\u00e9 d\u2019alerter le maire sur tous ces actes irr\u00e9parables !<\/p>\n\n\n\n<p><strong><em>Tribune libre Avril 2023 MAG#28<\/em><\/strong><\/p>\n\n\n\n<p>MONSIEUR LE MAIRE, VOUS AVEZ TOUT FAUX !<\/p>\n\n\n\n<p>Vous avez voulu faire payer le parking dans le centre-ville de Mauguio, \u00e7a n\u2019a pas march\u00e9&nbsp;; vous voulez le faire payer \u00e0 Carnon selon des modalit\u00e9s abracadabrantesques&nbsp;? \u00c7a ne marchera pas non plus&nbsp;! Vous avez \u00ab&nbsp;oubli\u00e9&nbsp;\u00bb de consulter la population sur ce sujet.Vous voulez faire payer la raret\u00e9 de ce service au prix fort en ponctionnant le pouvoir d\u2019achat de vos administr\u00e9s pour financer ce projet antisocial, dispendieux et de surcro\u00eet inutile dix mois de l\u2019ann\u00e9e. Suite \u00e0 la forte mobilisation citoyenne, consentirez-vous enfin \u00e0 r\u00e9viser votre copie en amendant le projet vot\u00e9 le 13 f\u00e9vrier&nbsp;?<\/p>\n\n\n\n<p><strong><em>Tribune libre Janvier 2023 MAG#27<\/em><\/strong><\/p>\n\n\n\n<p>AUX ARBRES CITOYENS !<\/p>\n\n\n\n<p>Le 16 novembre dernier, d\u00e8s 7 heures du matin, L\u2019Or Am\u00e9nagement, pr\u00e9sid\u00e9e par le Maire, a abattu par surprise sur le parking des Plages de Carnon 38 platanes, 4 pins, un m\u00fbrier platane et 2 oliviers, en toute ill\u00e9galit\u00e9. L\u2019Or Am\u00e9nagement nous a expliqu\u00e9 que ces arbres g\u00eanaient l\u2019organisation d\u2019un nouveau parking \u00e0 la place de l\u2019existant ; un nouvel am\u00e9nagement avec de surcro\u00eet 40 places de moins. 40 arbres abattus pour 40 places perdues ! La mobilisation citoyenne organis\u00e9e in situ n\u2019a pu que d\u00e9plorer ce massacre irr\u00e9parable.<br>Les \u00c9lus de l\u2019Alternative Citoyenne vous souhaitent une heureuse ann\u00e9e.<\/p>\n\n\n\n<p><strong><em>Tribune libre Octobre 2022 MAG#26<\/em><\/strong><\/p>\n\n\n\n<p>MAUGUIO Z\u00c9RO PERTURBATEUR ENDOCRINIEN ?<\/p>\n\n\n\n<p>Devant l\u2019imminence du traitement des platanes de notre Commune contre l\u2019o\u00efdium et le tigre, nous avons interpell\u00e9 le Maire sur la dangerosit\u00e9 des produits utilis\u00e9s car ils contiennent du BHT r\u00e9put\u00e9 pour \u00eatre un perturbateur endocrinien et de plus un canc\u00e9rog\u00e8ne.<\/p>\n\n\n\n<p>A notre \u00e9coute, la municipalit\u00e9 a suspendu la campagne pr\u00e9vue de traitement de ces platanes.<\/p>\n\n\n\n<p>Si ces traitements devaient \u00eatre repris, nous demandons que les riverains des arbres concern\u00e9s soient avertis du jour pr\u00e9vu avec une information sur les dangers pour leur sant\u00e9, et une interdiction d\u2019acc\u00e8s aux zones contamin\u00e9es pendant 24 heures.<\/p>\n\n\n\n<p><strong><em>Tribune libre Juillet 2022 MAG#25<\/em><\/strong><\/p>\n\n\n\n<p>CARNON 2030\u00a0: DES RAT\u00c9S AU D\u00c9MARRAGE POUR CAUSE D\u2019EMBOUTEILLAGES\u00a0!<\/p>\n\n\n\n<p>La saison estivale s\u2019annonce difficile pour les Carnonnais&nbsp;: mise en sens unique du Quai Meynier avec suppression des parkings attenants, barrage de la rue de Solignac, emplacement du Luna Park sens dessus dessous, barrage du pont reliant P\u00e9rols \u00e0 Carnon Ouest&nbsp;; tous ces chantiers provoquent une sacr\u00e9e pagaille tant en entr\u00e9e qu\u2019en sortie de la station.<\/p>\n\n\n\n<p>Les Carnonnais soutenus par les \u00e9lus de l\u2019Alternative Citoyenne, avaient d\u00e9j\u00e0 signal\u00e9 que le sch\u00e9ma de circulation de Carnon 2030 allait entra\u00eener de graves embouteillages.<\/p>\n\n\n\n<p>Les 25 000 touristes attendus appr\u00e9cieront.<\/p>\n\n\n\n<p><strong><em>Tribune libre Mai 2022<\/em><\/strong> <em><strong>MAG#2<\/strong><\/em>4<\/p>\n\n\n\n<p>LE \u00ab\u00a0BARREAU\u00a0\u00bb de VAUGUIERES EST UN PROJET NUISIBLE ET INUTILE QUE LE D\u00c9PARTEMENT VEUT NOUS FAIRE PAYER PLUS DE 1,5 M\u20ac\u00a0!<\/p>\n\n\n\n<p>On nous dit que c\u2019est pour mieux desservir la zone fret de l\u2019a\u00e9roport : FAUX car l\u2019a\u00e9roport ne veut pas le payer et il existe des solutions bien moins on\u00e9reuses pour ce faire. De surcro\u00eet avec ce projet le trafic de l\u2019a\u00e9roport, surtout des poids lourds, amplifiera celui d\u00e9j\u00e0 sursatur\u00e9 de la RD 189. Enfin, ce \u00ab barreau \u00bb incisera \u00e0 mort notre hameau de Vaugui\u00e8res. Le D\u00e9partement ferait mieux de r\u00e9aliser en priorit\u00e9 le recalibrage de la RD 66 \u00e0 commencer par le d\u00e9sengorgement du rond-point du Z\u00e9nith.<\/p>\n\n\n\n<p><em><strong>Tribune libre mars 2022 MAG#23<\/strong><\/em><\/p>\n\n\n\n<p>40 millions d\u2019euros : tel est le montant que va investir notre commune et son port d\u2019ici 2025. En m\u00eame temps les recettes n\u00e9cessaires \u00e0 son fonctionnement sont en berne. Cons\u00e9quence, l\u2019endettement de notre commune va s\u2019envoler pour atteindre un maximum \u00e0 la fin du mandat de la pr\u00e9sente majorit\u00e9 municipale. Et ce que vont payer en plus les usagers des nouveaux parkings de Carnon ne r\u00e9duira qu\u2019\u00e0 la marge ce besoin de financement. En outre, cette majorit\u00e9, en privatisant le \u00ab port \u00e0 sec \u00bb, se privera des revenus qu\u2019aurait apport\u00e9s ce service public si elle avait gard\u00e9 la ma\u00eetrise des investissements n\u00e9cessaires ; de surcro\u00eet le transfert du personnel r\u00e9sultant de cette privatisation alourdira le budget de fonctionnement du port.<\/p>\n\n\n\n<p><em><strong>Tribune libre janvier 2022 MAG#22<\/strong><\/em><\/p>\n\n\n\n<p>2,5 M\u20ac de d\u00e9penses inutiles pr\u00e9vues au budget 2022 de la commune telles la construction de la nouvelle capitainerie et une nouvelle route entre la RD 172 et la RD 189 de surcro\u00eet au travers du hameau de Vaugui\u00e8res. En m\u00eame temps, l\u2019\u00e9pargne de la commune diminue dangereusement ce qui va augmenter indubitablement sa dette. En revanche, nous nous f\u00e9licitons d\u2019avoir initi\u00e9 puis soutenu le collectif pour l\u2019\u00e9dification du mur anti-bruit le long de la RD 189, enfin budg\u00e9t\u00e9 en 2022.<\/p>\n\n\n\n<p>Les \u00e9lus de l\u2019Alternative Citoyenne vous re\u00e7oivent \u00e0 leur permanence tous les lundis entre 16 heures et 21 heures sur rendez-vous \u00e0 prendre au 06 37 33 58 67, et vous souhaitent une bonne et heureuse ann\u00e9e.<\/p>\n\n\n\n<p><em><strong>Tribune libre octobre 2021 MAG#21<\/strong><\/em><\/p>\n\n\n\n<p>Le Luna Park a d\u00e9finitivement pli\u00e9 bagages \u00e0 Carnon. L\u2019\u00e9viction irr\u00e9versible des man\u00e8ges conditionne la r\u00e9alisation du projet Carnon 2030 qui transformera cet espace en immense parking pour compenser la suppression des places de stationnement dans le centre de la station. Nous avons demand\u00e9 au maire de s\u2019assurer au pr\u00e9alable de l\u2019accord des habitants, des restaurateurs, des usagers du port, des propri\u00e9taires et tous ceux int\u00e9ress\u00e9s par l\u2019attractivit\u00e9 touristique de Carnon.<\/p>\n\n\n\n<p>En effet, durant la soi-disant concertation publique de 2019 ce \u00ab&nbsp;d\u00e9tail&nbsp;\u00bb de Carnon 2030 n\u2019a pas \u00e9t\u00e9 r\u00e9v\u00e9l\u00e9 \u00e0 la population.<\/p>\n\n\n\n<p>C\u2019est pourquoi, l\u2019Alternative Citoyenne organisera un vaste sondage sur ce sujet.<\/p>\n\n\n\n<p><em><strong>Tribune libre juin 2021 MAG#20<\/strong><\/em><\/p>\n\n\n\n<p>Gr\u00e2ce \u00e0 notre action, la municipalit\u00e9 a suspendu son projet d\u2019antenne sur le parking Bassaget. Suite \u00e0 notre intervention aupr\u00e8s du Pr\u00e9fet, le Maire a d\u00fb annuler sa d\u00e9cision de faire payer le Parking du Lido. Ces victoires nous confortent dans notre r\u00f4le d\u2019opposition constructive. Si la capitainerie fonctionne bien \u00e0 la passerelle Mertens o\u00f9 elle est actuellement, pourquoi s\u2019obstiner \u00e0 vouloir reconstruire une capitainerie financi\u00e8rement co\u00fbteuse.<\/p>\n\n\n\n<p>Nous d\u00e9plorons la gestion du stationnement dans la Grand-Rue. Comme d\u2019habitude les changements radicaux se font sans concertation, sans vision, sans anticipation et sans alternatives. Nos centres ville \u00e0 Mauguio et \u00e0 Carnon ont besoin d\u2019une v\u00e9ritable politique dynamique, concert\u00e9e et r\u00e9fl\u00e9chie avec l\u2019ensemble de leurs acteurs et habitants.<\/p>\n\n\n\n<p><em><strong>Tribune libre mars 2021 MAG#19<\/strong><\/em><\/p>\n\n\n\n<p><strong>Mauguio Carnon, la d\u00e9mocratie n\u2019est toujours pas au RDV&nbsp;!<\/strong> Le Maire maintient son refus de retranscrire les d\u00e9bats du Conseil Municipal et de mettre \u00e0 disposition du public les enregistrements (ce que nous faisons).<\/p>\n\n\n\n<p>Le Maire a refus\u00e9 notre proposition de referendum local sur la suppression du Luna-park qui d\u00e9termine la faisabilit\u00e9 du plan de stationnement de \u00ab&nbsp;Carnon 2030&nbsp;\u00bb, lequel compense sur le site de la foire les stationnements supprim\u00e9s en centre-ville.<\/p>\n\n\n\n<p>Que direz-vous de surcro\u00eet quand le parking du Petit au Grand Travers sera payant l\u2019\u00e9t\u00e9 prochain&nbsp;?<\/p>\n\n\n\n<p>Nous vous invitons \u00e0 contribuer au d\u00e9bat et \u00e0 signer la p\u00e9tition sur notre site <a href=\"http:\/\/www.alternative-citoyenne.fr\">www.alternative-citoyenne.fr<\/a> et sur Facebook.<\/p>\n\n\n\n<p><em><strong>Tribune libre janvier 2021 MAG#18<\/strong><\/em><\/p>\n\n\n\n<p>Le d\u00e9bat sur le budget de la commune a confirm\u00e9 nos divergences avec le groupe majoritaire. La Font de Mauguio va co\u00fbter toujours plus au contribuable avec 4 millions d\u2019argent public pour la future \u00e9cole. Idem pour la d\u00e9molition\/reconstruction de la capitainerie de Carnon, ce projet inutile qui devrait co\u00fbter 1 million d\u2019euros aux contribuables. Nous avons demand\u00e9 une refonte du projet Carnon 2030 qui ne prend en compte ni les attentes des Canonnais ni les \u00ab\u00a0d\u00e9fis du futur\u00a0\u00bb tels l\u2019\u00e9rosion du trait de c\u00f4te et les submersions marines. Nous vous pr\u00e9sentons nos meilleurs v\u0153ux en esp\u00e9rant que 2021 sonnera le glas de la pand\u00e9mie. Restons en contact sur <a href=\"http:\/\/www.alternative-citoyenne.fr\/\" target=\"_blank\" rel=\"noreferrer noopener\">www.alternative-citoyenne.fr<\/a> et sur Facebook.<\/p>\n\n\n\n<p><em><strong>Tribune libre novembre 2020 MAG#17<\/strong><\/em><\/p>\n\n\n\n<p>Le travail en commissions, charg\u00e9es de pr\u00e9parer les d\u00e9cisions du conseil municipal commence en octobre. M\u00eame si nous n\u2019y occupons qu\u2019un \u00ab&nbsp;strapontin&nbsp;\u00bb, nous sommes d\u00e9termin\u00e9s \u00e0 faire entendre notre voix. Par contre, d\u2019apr\u00e8s Monsieur Bourrel, nous ne m\u00e9ritons pas par exemple de si\u00e9ger au conseil d\u2019exploitation du Port de Carnon, ni au conseil d\u2019administration de L\u2019Or am\u00e9nagement qui pilote le sch\u00e9ma directeur de Carnon, alors que 60% des Carnonnais ont choisi notre liste.<\/p>\n\n\n\n<p>Ce peu de reconnaissance n\u2019entame pas notre opini\u00e2tret\u00e9&nbsp;: nous avons en effet d\u00e9pos\u00e9 un recours gracieux d\u00e9non\u00e7ant une irr\u00e9gularit\u00e9 dans la composition du conseil portuaire, ainsi qu\u2019une liste exhaustive de questions officielles relatives \u00e0 la d\u00e9molition \u2013 reconstruction de la capitainerie contre laquelle plusieurs centaines de carnonnais se sont d\u00e9j\u00e0 exprim\u00e9s.<\/p>\n\n\n\n<p><em><strong>Tribune libre septembre 2020 MAG#16<\/strong><\/em><\/p>\n\n\n\n<p>Nous remercions les \u00e9lecteurs qui nous ont fait confiance pour cette \u00e9lection municipale. Une \u00e9lection qui fut particuli\u00e8re avec la crise du COVID-19. Une campagne sans r\u00e9union publique, une rupture de 3 mois entre les deux tours et au final seulement 40% de participation. Cette crise du Covid a malheureusement endeuill\u00e9 de nombreuses familles auxquelles nous pr\u00e9sentons nos sinc\u00e8res condol\u00e9ances. L\u2019Alternative Citoyenne a 6 \u00e9lus au conseil municipal et 3 \u00e9lus au conseil d\u2019agglom\u00e9ration du Pays de l\u2019Or. Nous serons des \u00e9lus actifs et engag\u00e9s dans les commissions de travail. Nous resterons en contact r\u00e9gulier avec vous. Comme dans le mandat pr\u00e9c\u00e9dent nous publierons les enregistrements et les comptes-rendus des conseils.<\/p>\n","protected":false},"excerpt":{"rendered":"<p>Tribune libre Octobre 2025 MAG#38 Nous nous dirigeons vers la fin du mandat.D\u00e9ficit d\u00e9mocratique,urbanisme d\u00e9brid\u00e9 et mauvaise gestion de Carnon ont fait imploser le groupe majoritaire qui s\u2019en trouve tr\u00e8s affaibli. Ces trois sujets sont pr\u00e9cis\u00e9ment depuis 12 ans les&hellip;<\/p>\n<p class=\"more-link-p\"><a class=\"more-link\" href=\"https:\/\/moniteur.ovh\/index.php\/tribune-libre\/\">Read more &rarr;<\/a><\/p>\n","protected":false},"author":2,"featured_media":0,"parent":0,"menu_order":0,"comment_status":"closed","ping_status":"closed","template":"","meta":[],"_links":{"self":[{"href":"https:\/\/moniteur.ovh\/index.php\/wp-json\/wp\/v2\/pages\/1619"}],"collection":[{"href":"https:\/\/moniteur.ovh\/index.php\/wp-json\/wp\/v2\/pages"}],"about":[{"href":"https:\/\/moniteur.ovh\/index.php\/wp-json\/wp\/v2\/types\/page"}],"author":[{"embeddable":true,"href":"https:\/\/moniteur.ovh\/index.php\/wp-json\/wp\/v2\/users\/2"}],"replies":[{"embeddable":true,"href":"https:\/\/moniteur.ovh\/index.php\/wp-json\/wp\/v2\/comments?post=1619"}],"version-history":[{"count":21,"href":"https:\/\/moniteur.ovh\/index.php\/wp-json\/wp\/v2\/pages\/1619\/revisions"}],"predecessor-version":[{"id":2983,"href":"https:\/\/moniteur.ovh\/index.php\/wp-json\/wp\/v2\/pages\/1619\/revisions\/2983"}],"wp:attachment":[{"href":"https:\/\/moniteur.ovh\/index.php\/wp-json\/wp\/v2\/media?parent=1619"}],"curies":[{"name":"wp","href":"https:\/\/api.w.org\/{rel}","templated":true}]}}