{"id":1526,"date":"2022-02-15T10:11:38","date_gmt":"2022-02-15T09:11:38","guid":{"rendered":"http:\/\/moniteur.ovh\/?page_id=1526"},"modified":"2022-02-15T10:11:38","modified_gmt":"2022-02-15T09:11:38","slug":"conseil-municipal-du-10-fevrier-2022","status":"publish","type":"page","link":"https:\/\/moniteur.ovh\/index.php\/conseil-municipal-du-10-fevrier-2022\/","title":{"rendered":"Conseil municipal du 10 f\u00e9vrier 2022"},"content":{"rendered":"\n<p>Vous trouverez ci-dessous l&rsquo;enregistrement de l&rsquo;int\u00e9gralit\u00e9 du conseil municipal. Comme d&rsquo;habitude suivront des extraits reprenant les interventions de nos \u00e9lus.<\/p>\n\n\n\n<p>Vous pouvez \u00e9galement visionner la vid\u00e9o du conseil, disponible sur le site de la mairie, mais \u00e9galement ci-dessous. Nos interventions sont rep\u00e9r\u00e9es en vert \u00e0 la fin de chaque extrait audio.<\/p>\n\n\n\n<figure class=\"wp-block-embed is-type-video is-provider-youtube wp-block-embed-youtube wp-embed-aspect-16-9 wp-has-aspect-ratio\"><div class=\"wp-block-embed__wrapper\">\n<iframe title=\"Conseil Municipal du 10 F\u00e9vrier 2022\" width=\"752\" height=\"423\" src=\"https:\/\/www.youtube.com\/embed\/zDK1RGPeWtM?feature=oembed\" frameborder=\"0\" allow=\"accelerometer; autoplay; clipboard-write; encrypted-media; gyroscope; picture-in-picture\" allowfullscreen><\/iframe>\n<\/div><figcaption><span class=\"has-inline-color has-vivid-green-cyan-color\">Enregistrement vid\u00e9o<\/span><\/figcaption><\/figure>\n\n\n\n<figure class=\"wp-block-audio\"><audio controls src=\"http:\/\/moniteur.ovh\/wp-content\/uploads\/2022\/02\/220210-160956.MP3\"><\/audio><figcaption><span class=\"has-inline-color has-vivid-cyan-blue-color\">Enregistrement audio de l&rsquo;int\u00e9gralit\u00e9 du conseil.<\/span><\/figcaption><\/figure>\n\n\n\n<p>De nombreux \u00e9changes ont concern\u00e9 les budgets primitifs 2022 de la commune de Mauguio Carnon et de la R\u00e9gie municipale du Port de Carnon.<\/p>\n\n\n\n<p>Tout d&rsquo;abord, des g\u00e9n\u00e9ralit\u00e9s sur les choix politiques qui ont guid\u00e9 l&rsquo;\u00e9laboration du budget.<\/p>\n\n\n\n<figure class=\"wp-block-audio\"><audio controls src=\"https:\/\/moniteur.ovh\/wp-content\/uploads\/2022\/02\/02-Tarification-Numerisation.mp3\"><\/audio><figcaption>Marianne Pelletier indique que les \u00e9lus de l&rsquo;Alternative citoyenne soutiennent les actions qui favorisent la promotion du service public (am\u00e9lioration de la qualification et de la r\u00e9mun\u00e9ration des agents). Elle demande cependant que la politique qui consiste \u00e0 faire payer l&rsquo;usager plut\u00f4t que le contribuable soit limit\u00e9e \u00e0 des cas tr\u00e8s particuliers, discut\u00e9s en conseil municipal, afin de pr\u00e9server le caract\u00e8re redistributif du service public et de la fiscalit\u00e9. Elle insiste \u00e9galement sur le maintien du lien social et sur les relations humaines qui ne doivent pas \u00eatre sacrifi\u00e9s par le d\u00e9veloppement du num\u00e9rique. (<span class=\"has-inline-color has-vivid-green-cyan-color\">Rep\u00e8re vid\u00e9o : 1:05<\/span>)<\/figcaption><\/figure>\n\n\n\n<figure class=\"wp-block-audio\"><audio controls src=\"https:\/\/moniteur.ovh\/wp-content\/uploads\/2022\/02\/03-Investissements-productifs.mp3\"><\/audio><figcaption>Bertrand Coisne demande des pr\u00e9cisions sur les investissements productifs mentionn\u00e9s dans les documents budg\u00e9taires. (<span class=\"has-inline-color has-vivid-green-cyan-color\">Rep\u00e8re vid\u00e9o : 1:12<\/span>)<\/figcaption><\/figure>\n\n\n\n<p>Les interventions suivantes sont regroup\u00e9es ci-dessous en fonction du secteur g\u00e9ographique concern\u00e9.<\/p>\n\n\n\n<p>Pour <span class=\"has-inline-color has-vivid-cyan-blue-color\">Carnon<\/span> :  r\u00e9fection des quais, passerelle Carnon est et ouest, zone technique du port, Luna Park et puces, \u00e9rosion du trait de c\u00f4te, dragage du port et privatisation du port \u00e0 sec.<\/p>\n\n\n\n<figure class=\"wp-block-audio\"><audio controls src=\"https:\/\/moniteur.ovh\/wp-content\/uploads\/2022\/02\/01-Refection-quais-port.mp3\"><\/audio><figcaption>Bertrand Coisne demande \u00e0 quoi sont dus les 13% de d\u00e9passement pour la r\u00e9fection des quais. (<span class=\"has-inline-color has-vivid-green-cyan-color\">Rep\u00e8re vid\u00e9o : 0:16<\/span>)<\/figcaption><\/figure>\n\n\n\n<figure class=\"wp-block-audio\"><audio controls src=\"https:\/\/moniteur.ovh\/wp-content\/uploads\/2022\/02\/04-Passerelle.mp3\"><\/audio><figcaption>Bertrand Coisne fait remarquer que le projet de passerelle entre Carnon-ouest et Carnon-est a \u00e9t\u00e9 stopp\u00e9 apr\u00e8s les \u00e9tudes de faisabilit\u00e9 et ne figure donc pas dans le budget de la commune. (<span class=\"has-inline-color has-vivid-green-cyan-color\">Rep\u00e8re vid\u00e9o : 1:20<\/span>)<\/figcaption><\/figure>\n\n\n\n<figure class=\"wp-block-audio\"><audio controls src=\"https:\/\/moniteur.ovh\/wp-content\/uploads\/2022\/02\/05-Zone-technique-port-est-ouest.mp3\"><\/audio><figcaption>Bertrand Coisne demande des pr\u00e9cisions sur les travaux pr\u00e9vus dans la zone technique du port. Comment sont r\u00e9parties les d\u00e9penses entre le budget de la commune et celui du port ? (<span class=\"has-inline-color has-vivid-green-cyan-color\">Rep\u00e8re vid\u00e9o : 1:24<\/span>)<\/figcaption><\/figure>\n\n\n\n<figure class=\"wp-block-audio\"><audio controls src=\"https:\/\/moniteur.ovh\/wp-content\/uploads\/2022\/02\/06-Luna-Park-et-puces.mp3\"><\/audio><figcaption>Bertrand Coisne demande ce que vont devenir le Luna Park et les puces \u00e0 Carnon. (<span class=\"has-inline-color has-vivid-green-cyan-color\">Rep\u00e8re vid\u00e9o : 1:25<\/span>)<\/figcaption><\/figure>\n\n\n\n<figure class=\"wp-block-audio\"><audio controls src=\"https:\/\/moniteur.ovh\/wp-content\/uploads\/2022\/02\/08-Erosion-trait-de-cote.mp3\"><\/audio><figcaption>Bertrand Coisne demande des pr\u00e9cisions sur les investissements pr\u00e9vus pour faire face \u00e0 l&rsquo;\u00e9rosion du trait de c\u00f4te et \u00e0 la pr\u00e9servation de l&rsquo;\u00e9cosyst\u00e8me lagunaire. (<span class=\"has-inline-color has-vivid-green-cyan-color\">Rep\u00e8re vid\u00e9o : 1:31<\/span>)<\/figcaption><\/figure>\n\n\n\n<figure class=\"wp-block-audio\"><audio controls src=\"https:\/\/moniteur.ovh\/wp-content\/uploads\/2022\/02\/10-Dragage-port.mp3\"><\/audio><figcaption>Marianne Pelletier demande si la commune a trouv\u00e9 de nouvelles possibilit\u00e9s de stockage des s\u00e9diments issus du dragage du port afin d&rsquo;\u00e9viter le surco\u00fbt d\u00fb au clapage en mer. (<span class=\"has-inline-color has-vivid-green-cyan-color\">Rep\u00e8re vid\u00e9o : 1:57<\/span>)<\/figcaption><\/figure>\n\n\n\n<figure class=\"wp-block-audio\"><audio controls src=\"https:\/\/moniteur.ovh\/wp-content\/uploads\/2022\/02\/11-Capitainerie-Port-a-sec.mp3\"><\/audio><figcaption>Bertrand Coisne rappelle que les \u00e9lus de l&rsquo;Alternative consid\u00e8rent que le projet de capitainerie est inutile et indique que l&rsquo;argent d\u00e9pens\u00e9 pour la construction de la capitainerie aurait pu \u00eatre utilis\u00e9 pour la r\u00e9novation du port \u00e0 sec. Faute de moyens financiers suffisants, le port \u00e0 sec va \u00eatre confi\u00e9 au secteur priv\u00e9. (<span class=\"has-inline-color has-vivid-green-cyan-color\">Rep\u00e8re vid\u00e9o : 2:14<\/span>)<\/figcaption><\/figure>\n\n\n\n<p><span class=\"has-inline-color has-vivid-cyan-blue-color\">Le barreau de Vaugui\u00e8res<\/span><\/p>\n\n\n\n<figure class=\"wp-block-audio\"><audio controls src=\"https:\/\/moniteur.ovh\/wp-content\/uploads\/2022\/02\/07-Barreau-Vauguieres.mp3\"><\/audio><figcaption>Bertrand Coisne rappelle que les \u00e9lus de l&rsquo;Alternative citoyenne consid\u00e8rent la mise en place du \u00ab\u00a0barreau de Vaugui\u00e8res\u00a0\u00bb comme un projet non seulement inutile mais \u00e9galement dangereux pour le secteur de Vaugui\u00e8res et demande au maire, en qualit\u00e9 de ma\u00eetre des lieux, de donner un avis d\u00e9favorable au d\u00e9partement, ma\u00eetre d&rsquo;ouvrage de ce projet. (<span class=\"has-inline-color has-vivid-green-cyan-color\">Rep\u00e8re vid\u00e9o : 1:29<\/span>)<\/figcaption><\/figure>\n\n\n\n<p><span class=\"has-inline-color has-vivid-cyan-blue-color\">La Font de Mauguio<\/span><\/p>\n\n\n\n<figure class=\"wp-block-audio\"><audio controls src=\"https:\/\/moniteur.ovh\/wp-content\/uploads\/2022\/02\/09-Gymnase-font-de-Mauguio.mp3\"><\/audio><figcaption>Bertrand Coisne fait remarquer que la Font de Mauguio n&rsquo;a pas r\u00e9ussi \u00e0 attirer une population jeune avec des enfants en bas \u00e2ge. Les \u00e9lus de l&rsquo;Alternative citoyenne se r\u00e9jouissent de la construction d&rsquo;un nouveau gymnase \u00e0 Mauguio mais regrette que celui-ci remplace l&rsquo;\u00e9cole pr\u00e9vue initialement \u00e0 cet emplacement. (<span class=\"has-inline-color has-vivid-green-cyan-color\">Rep\u00e8re vid\u00e9o : 1:50<\/span>)<\/figcaption><\/figure>\n","protected":false},"excerpt":{"rendered":"<p>Vous trouverez ci-dessous l&rsquo;enregistrement de l&rsquo;int\u00e9gralit\u00e9 du conseil municipal. Comme d&rsquo;habitude suivront des extraits reprenant les interventions de nos \u00e9lus. Vous pouvez \u00e9galement visionner la vid\u00e9o du conseil, disponible sur le site de la mairie, mais \u00e9galement ci-dessous. Nos interventions&hellip;<\/p>\n<p class=\"more-link-p\"><a class=\"more-link\" href=\"https:\/\/moniteur.ovh\/index.php\/conseil-municipal-du-10-fevrier-2022\/\">Read more &rarr;<\/a><\/p>\n","protected":false},"author":2,"featured_media":0,"parent":0,"menu_order":0,"comment_status":"closed","ping_status":"closed","template":"","meta":[],"_links":{"self":[{"href":"https:\/\/moniteur.ovh\/index.php\/wp-json\/wp\/v2\/pages\/1526"}],"collection":[{"href":"https:\/\/moniteur.ovh\/index.php\/wp-json\/wp\/v2\/pages"}],"about":[{"href":"https:\/\/moniteur.ovh\/index.php\/wp-json\/wp\/v2\/types\/page"}],"author":[{"embeddable":true,"href":"https:\/\/moniteur.ovh\/index.php\/wp-json\/wp\/v2\/users\/2"}],"replies":[{"embeddable":true,"href":"https:\/\/moniteur.ovh\/index.php\/wp-json\/wp\/v2\/comments?post=1526"}],"version-history":[{"count":2,"href":"https:\/\/moniteur.ovh\/index.php\/wp-json\/wp\/v2\/pages\/1526\/revisions"}],"predecessor-version":[{"id":1528,"href":"https:\/\/moniteur.ovh\/index.php\/wp-json\/wp\/v2\/pages\/1526\/revisions\/1528"}],"wp:attachment":[{"href":"https:\/\/moniteur.ovh\/index.php\/wp-json\/wp\/v2\/media?parent=1526"}],"curies":[{"name":"wp","href":"https:\/\/api.w.org\/{rel}","templated":true}]}}