{"id":1459,"date":"2021-12-15T11:15:11","date_gmt":"2021-12-15T10:15:11","guid":{"rendered":"http:\/\/moniteur.ovh\/?page_id=1459"},"modified":"2023-10-18T16:51:40","modified_gmt":"2023-10-18T14:51:40","slug":"conseil-municipal-du-13-decembre-2021","status":"publish","type":"page","link":"https:\/\/moniteur.ovh\/index.php\/conseil-municipal-du-13-decembre-2021\/","title":{"rendered":"Conseil municipal du 13 d\u00e9cembre 2021"},"content":{"rendered":"\n<p>Vous retrouverez ci-dessous l\u2019int\u00e9gralit\u00e9 du conseil ainsi que des extraits des interventions des \u00e9lus de l\u2019Alternative citoyenne.<\/p>\n\n\n\n<figure class=\"wp-block-audio\"><audio controls src=\"http:\/\/moniteur.ovh\/wp-content\/uploads\/2021\/12\/211213-194358.MP3\"><\/audio><figcaption><span class=\"has-inline-color has-vivid-cyan-blue-color\">Enregistrement audio de l&rsquo;int\u00e9gralit\u00e9 du conseil municipal<\/span><\/figcaption><\/figure>\n\n\n\n<p>Vous pouvez \u00e9galement visionner l&rsquo;enregistrement vid\u00e9o du conseil municipal, r\u00e9alis\u00e9 par la mairie.<\/p>\n\n\n\n<figure class=\"wp-block-embed is-type-video is-provider-youtube wp-block-embed-youtube wp-embed-aspect-16-9 wp-has-aspect-ratio\"><div class=\"wp-block-embed__wrapper\">\n<iframe title=\"Conseil Municipal du 04 Octobre 2021\" width=\"752\" height=\"423\" src=\"https:\/\/www.youtube.com\/embed\/jo6hcexikH4?list=PLUH5iHnRcywVF3wRPq4BeqRxkFnbk_wAI\" frameborder=\"0\" allow=\"accelerometer; autoplay; clipboard-write; encrypted-media; gyroscope; picture-in-picture; web-share\" allowfullscreen><\/iframe>\n<\/div><\/figure>\n\n\n\n<p>et consulter le compte-rendu du conseil (pas la retranscription \u00e9crite des \u00e9changes, uniquement la synth\u00e8se des d\u00e9lib\u00e9rations et les votes des conseillers) sur le site de la mairie ou en suivant ce lien : <a href=\"https:\/\/mauguio-carnon.com\/images\/MA_VILLE\/municipalite\/conseils-municipaux\/pdf\/5-COMPTE_RENDU_CM_du_13.12.2021.pdf\" target=\"_blank\" rel=\"noreferrer noopener\">https:\/\/mauguio-carnon.com\/images\/MA_VILLE\/municipalite\/conseils-municipaux\/pdf\/5-COMPTE_RENDU_CM_du_13.12.2021.pdf<\/a><\/p>\n\n\n\n<p>Les extraits sont pr\u00e9sent\u00e9s dans l&rsquo;ordre chronologique. La l\u00e9gende sous l&rsquo;extrait audio vous permet de vous rep\u00e9rer dans l&rsquo;ordre du jour.<\/p>\n\n\n\n<p>Les premiers extraits portent sur les discussions \u00e0 propos du ROB (Rapport d\u2019orientation budg\u00e9taire) qui fait l\u2019objet du point 2 de l\u2019ordre du jour.<\/p>\n\n\n\n<p>La Commission Finances ne s\u2019\u00e9tant pas r\u00e9unie avant le conseil municipal, il n\u2019a pas \u00e9t\u00e9 possible d\u2019\u00e9claircir certains points de d\u00e9tail avant le conseil. Les \u00e9lus d\u2019opposition ont donc demand\u00e9 des \u00e9claircissements sur les donn\u00e9es tr\u00e8s techniques du ROB. <strong>Un lexique serait utile pour permettre aux \u00e9lus et aux citoyens de mieux comprendre ce type de document.<\/strong><\/p>\n\n\n\n<p>Des questions moins techniques ont \u00e9galement \u00e9t\u00e9 pos\u00e9es. Par exemple&nbsp;: Daniel Bourguet a demand\u00e9 pourquoi, dans le PPI (Plan pluriannuel d\u2019investissement) de la commune, il y avait une ligne intitul\u00e9e \u00ab&nbsp;cr\u00e9ation stationnement Carnon&nbsp;\u00bb, pour un montant de 900&nbsp;000 \u20ac pr\u00e9vu en 2023, qui ne figure pas dans le sch\u00e9ma directeur de Carnon. R\u00e9ponse&nbsp;: cet investissement concerne tout Carnon et pas uniquement le secteur concern\u00e9 par le sch\u00e9ma directeur Carnon 2030. Il s\u2019agit de l\u2019estimation du co\u00fbt de la mise en place d\u2019un stationnement payant \u00e0 Carnon. Les tarifs seront moins \u00e9lev\u00e9s pour les habitants de Mauguio Carnon que pour les personnes non r\u00e9sidentes dans la commune. <\/p>\n\n\n\n<p>Rien n\u2019est pr\u00e9vu pour l\u2019instant dans le PPI pour mieux raccorder Carnon Est et Ouest.<\/p>\n\n\n\n<figure class=\"wp-block-audio\"><audio controls src=\"https:\/\/moniteur.ovh\/wp-content\/uploads\/2021\/12\/Point-2-stationnement-Carnon-liaison-est-ouest.mp3\"><\/audio><figcaption><span class=\"has-inline-color has-vivid-cyan-blue-color\">Cr\u00e9ation d\u2019un plan de stationnement \u00e0 Carnon. Raccordement Carnon Est et Ouest. (Point 2)<\/span><\/figcaption><\/figure>\n\n\n\n<p>Les \u00e9lus de l\u2019Alternative citoyenne sont heureux de constater que la construction du mur anti-bruit sur la RD189 est pr\u00e9vue dans le PPI (Plan pluriannuel d&rsquo;investissement). &nbsp;La commune prendra \u00e0 sa charge une partie du co\u00fbt des travaux effectu\u00e9s par le d\u00e9partement pour un montant total pr\u00e9visionnel de 700&nbsp;000 \u20ac. Daniel Bourguet rappelle que ce sont les \u00e9lus de la Fabrique citoyenne, pendant le mandat pr\u00e9c\u00e9dent, qui sont \u00e0 l\u2019initiative de la cr\u00e9ation de l\u2019association de d\u00e9fense des riverains.<\/p>\n\n\n\n<p>Si nous nous r\u00e9jouissons de la mise en place d\u2019un mur anti-bruit sur la RD189, nous sommes en revanche oppos\u00e9s \u00e0 la construction du barreau de Vaugui\u00e8res. C\u2019est un projet inutile et co\u00fbteux. Bertrand Coisne rappelle que la discussion a d\u00e9j\u00e0 eu lieu en conseil d\u2019agglom\u00e9ration et reprend les arguments que nous avions d\u00e9j\u00e0 d\u00e9velopp\u00e9s \u00e0 cette occasion. Nous avons des propositions concr\u00e8tes pour permettre une mobilit\u00e9 plus pertinente mais nous ne sommes pas \u00e9cout\u00e9s. <strong>Voir \u00e0 ce sujet, sur notre site, le dossier Liaison RD 172 avec RD189 et la lettre que M. Bourguet avait adress\u00e9 le 5\/11\/2019 au Pr\u00e9sident du d\u00e9partement de l\u2019H\u00e9rault.<\/strong><\/p>\n\n\n\n<figure class=\"wp-block-audio\"><audio controls src=\"https:\/\/moniteur.ovh\/wp-content\/uploads\/2021\/12\/Point-2-mur-antibruit-barreau.mp3\"><\/audio><figcaption><span class=\"has-inline-color has-vivid-cyan-blue-color\">Mur anti-bruit RD189 et barreau de Vaugui\u00e8res. (Point 2)<\/span><\/figcaption><\/figure>\n\n\n\n<p>Daniel Bourguet rappelle que les \u00e9lus de l\u2019Alternative citoyenne ont demand\u00e9 l\u2019annulation de la d\u00e9lib\u00e9ration 16 du conseil municipal du 12 avril 2021 concernant l\u2019attribution d\u2019occupation temporaire du domaine public portuaire pour l\u2019exercice d\u2019activit\u00e9s \u00e9conomiques. En effet, pour le lot 3 (port \u00e0 sec), il ne s\u2019agissait pas d\u2019un renouvellement d\u2019autorisation d\u2019exploitation mais d\u2019un changement radical du mode de gestion du port, qui passait ainsi d\u2019une gestion en r\u00e9gie publique \u00e0 une gestion privatis\u00e9e. Nous avons demand\u00e9 qu\u2019il y ait un d\u00e9bat de fond sur le sujet. Ce d\u00e9bat a pu avoir lieu pendant ce conseil du 13 d\u00e9cembre. M. Balzamo et M. Bourrel ont r\u00e9pondu \u00e0 nos questions sur les raisons qui ont amen\u00e9 la majorit\u00e9 \u00e0 confier la gestion du port \u00e0 sec \u00e0 une entreprise priv\u00e9e, sur les tarifs (qui ne vont pas changer) et sur le statut du personnel (pas de d\u00e9tachement pr\u00e9vu). Bertrand Coisne fait remarquer qu\u2019une concession de service public \u00e0 l\u2019Or Am\u00e9nagement aurait permis \u00e0 la mairie de mieux ma\u00eetriser la gestion du port \u00e0 sec. Il demande si la CDSP (Commission de d\u00e9l\u00e9gation de service public) sera convoqu\u00e9e.<\/p>\n\n\n\n<figure class=\"wp-block-audio\"><audio controls src=\"https:\/\/moniteur.ovh\/wp-content\/uploads\/2021\/12\/Point-2-privatisation-port-a-sec.mp3\"><\/audio><figcaption><span class=\"has-inline-color has-vivid-cyan-blue-color\">Privatisation port \u00e0 sec de Carnon. (Point 2)<\/span><\/figcaption><\/figure>\n\n\n\n<p>Bertrand Coisne rappelle les raisons de notre opposition \u00e0 la destruction de l\u2019ancienne capitainerie, d\u00e9truite pour des raisons fallacieuses, et renouvelle la demande de maintien de la nouvelle capitainerie sur la passerelle Mertens.<\/p>\n\n\n\n<figure class=\"wp-block-audio\"><audio controls src=\"https:\/\/moniteur.ovh\/wp-content\/uploads\/2021\/12\/Point-2-capitainerie.mp3\"><\/audio><figcaption><span class=\"has-inline-color has-vivid-cyan-blue-color\">Capitainerie. (Point 2)<\/span><\/figcaption><\/figure>\n\n\n\n<p>Bertrand Coisne fait remarquer que les contrats de location stipulent que les bateaux peuvent \u00eatre d\u00e9pos\u00e9s dans des zones temporaires de stockage en cas de non-paiement sans attendre le r\u00e9sultat de proc\u00e9dures juridiques. Cela permettrait de lib\u00e9rer plus rapidement des places dans le port.<\/p>\n\n\n\n<figure class=\"wp-block-audio\"><audio controls src=\"https:\/\/moniteur.ovh\/wp-content\/uploads\/2021\/12\/Point-5-et-Impayes-port.mp3\"><\/audio><figcaption><span class=\"has-inline-color has-vivid-cyan-blue-color\">Impay\u00e9s du port. (Points 5 et 6)<\/span><\/figcaption><\/figure>\n\n\n\n<p>Tous les \u00e9lus de l\u2019opposition demandent des pr\u00e9cisions sur cette cession, notamment sur l\u2019usage futur du local (habitat ou usage professionnel) et plus particuli\u00e8rement sur la publicit\u00e9 faite autour de cette vente. Pascale Guidault rappelle que cette salle avait une dimension interm\u00e9diaire entre la grande salle et les petites salles de Pr\u00e9vert et qu\u2019elle manque aujourd\u2019hui aux associations qui pouvaient s\u2019y r\u00e9unir r\u00e9guli\u00e8rement.<\/p>\n\n\n\n<figure class=\"wp-block-audio\"><audio controls src=\"https:\/\/moniteur.ovh\/wp-content\/uploads\/2021\/12\/Point-7-cession-salle-polyvalente.mp3\"><\/audio><figcaption><span class=\"has-inline-color has-vivid-cyan-blue-color\">Cession salle polyvalente. (Point 7)<\/span><\/figcaption><\/figure>\n\n\n\n<p>Bertrand Coisne demande des pr\u00e9cisions sur cette extension et s\u2019assure que la partie pour laquelle rien n\u2019est encore pr\u00e9vu restera bien en zone agricole.<\/p>\n\n\n\n<figure class=\"wp-block-audio\"><audio controls src=\"https:\/\/moniteur.ovh\/wp-content\/uploads\/2021\/12\/Point-8-Frejorgues-est-PIOM2.mp3\"><\/audio><figcaption><span class=\"has-inline-color has-vivid-cyan-blue-color\">Projet urbain partenarial (PUP) Fr\u00e9jorgues Est PIOM2. (Point 8)<\/span><\/figcaption><\/figure>\n\n\n\n<p>Bertrand Coisne rappelle ce que les \u00e9lus de l\u2019Alternative citoyenne pensent du projet. Avec la Font, Mauguio rejoint les villages \u00ab\u00a0m\u00e9tropolis\u00e9s\u00a0\u00bb, Castelnau le Lez, Saint-Jean de V\u00e9das &#8230; Mauguio est une ville qui suscite une forte attractivit\u00e9 et qui a un cachet particulier qu\u2019elle ne doit pas perdre.<\/p>\n\n\n\n<p>Il fait ensuite remarquer que les travaux et les frais connexes d\u00e9rapent. Comment va-t-on rattraper la hausse de 600&nbsp;000 \u20ac&nbsp;?&nbsp;Sur les charges fonci\u00e8res. On va les augmenter de plus 25%. On s\u2019\u00e9loigne des objectifs initiaux qui \u00e9taient de permettre \u00e0 des m\u00e9nages modestes, notamment des jeunes m\u00e9nages, de s\u2019installer \u00e0 Mauguio. On constate \u00e9galement que la part des logements locatifs abordables diminue. Elle passe de 31% \u00e0 23%. Comment pallier le vieillissement de la population&nbsp;dont la majorit\u00e9 a pris acte en abandonnant le projet de construction de l\u2019\u00e9cole de la Font ? Comment \u00e9viter la gentrification de Mauguio&nbsp;?<\/p>\n\n\n\n<figure class=\"wp-block-audio\"><audio controls src=\"https:\/\/moniteur.ovh\/wp-content\/uploads\/2021\/12\/Point-10-Font-de-Mauguio.mp3\"><\/audio><figcaption><span class=\"has-inline-color has-vivid-cyan-blue-color\">Font de Mauguio. (Point 10)<\/span><\/figcaption><\/figure>\n\n\n\n<p>Bertrand Coisne reprend l\u2019intervention qu\u2019il a d\u00e9j\u00e0 faite en conseil d\u2019agglom\u00e9ration et s\u2019inqui\u00e8te de la sant\u00e9 financi\u00e8re de la SPL L&rsquo;Or am\u00e9nagement. Les \u00e9lus de l\u2019Alternative citoyenne auraient aim\u00e9 pouvoir consulter le plan d\u2019\u00e9volution strat\u00e9gique de la SPL \u00e9tabli en 2020. M. Bank r\u00e9pond qu\u2019il s\u2019agit pour l\u2019instant d\u2019un document de travail non abouti, qu\u2019il sera soumis au conseil municipal en f\u00e9vrier 2022, quand les prospectives auront \u00e9t\u00e9 valid\u00e9es par le conseil d\u2019administration de la SPL.<\/p>\n\n\n\n<figure class=\"wp-block-audio\"><audio controls src=\"https:\/\/moniteur.ovh\/wp-content\/uploads\/2021\/12\/Point-11-SPL-LOr-amenagement.mp3\"><\/audio><figcaption><span class=\"has-inline-color has-vivid-cyan-blue-color\">Rapport sur la SPL L&rsquo;Or Am\u00e9nagement. (Point 11)<\/span><\/figcaption><\/figure>\n\n\n\n<p>Daniel Bourguet constate une augmentation de la consommation des engrais. M. Bourrel lui r\u00e9pond que les montants indiqu\u00e9s sont des maximums, des seuils de march\u00e9. Mauguio reste dans le respect du z\u00e9ro-phyto.<\/p>\n\n\n\n<p>Daniel Bourguet demande \u00e9galement que l\u2019entreprise qui traite les platanes avertisse les particuliers lors de son passage. Cela n\u2019a pas \u00e9t\u00e9 fait syst\u00e9matiquement cet \u00e9t\u00e9 alors que les gens dormaient les fen\u00eatres ouvertes.<\/p>\n\n\n\n<figure class=\"wp-block-audio\"><audio controls src=\"https:\/\/moniteur.ovh\/wp-content\/uploads\/2021\/12\/Point-14-Appel-doffres-pesticides.mp3\"><\/audio><figcaption><span class=\"has-inline-color has-vivid-cyan-blue-color\">Appel d&rsquo;offres pesticides. (Point 14)<\/span><\/figcaption><\/figure>\n\n\n\n<p>Nous ne sommes pas intervenus car il \u00e9tait d\u00e9j\u00e0 tard et le moment ne paraissait pas favorable \u00e0 un d\u00e9bat apais\u00e9 sur le sujet de la la\u00efcit\u00e9. Nous nous sommes cependant pos\u00e9 des questions en amont du conseil sur cette proposition de r\u00e9mun\u00e9ration du cur\u00e9 de Mauguio. L\u2019\u00e9glise Saint-Jacques situ\u00e9e \u00e0 Mauguio appartient au patrimoine de la commune qui est responsable de son entretien. Le temple de Mauguio fait \u00e9galement partie du patrimoine de la commune. Qui se charge de la t\u00e2che de gardiennage pour le temple&nbsp;? Qu\u2019en est-il des \u00e9difices religieux \u00e0 Carnon&nbsp;? A qui appartiennent l\u2019\u00e9glise de Carnon (Saint-Jean de Malte) et le temple de Carnon&nbsp;? Si ces deux \u00e9difices font partie du patrimoine de la commune, qui v\u00e9rifie leur \u00e9tat&nbsp;? Un employ\u00e9 municipal pourrait remplacer le cur\u00e9 de Mauguio pour l\u2019\u00e9glise Saint-Jacques et effectuer, le cas \u00e9ch\u00e9ant, cette t\u00e2che pour les autres \u00e9difices.<\/p>\n\n\n\n<figure class=\"wp-block-audio\"><audio controls src=\"https:\/\/moniteur.ovh\/wp-content\/uploads\/2021\/12\/Point-15-Indemnite-cure-eglise-Mauguio.mp3\"><\/audio><figcaption><span class=\"has-inline-color has-vivid-cyan-blue-color\">Indemnit\u00e9 t\u00e2che de gardiennage cur\u00e9 de l&rsquo;\u00e9glise de Mauguio. (Point 15)<\/span><\/figcaption><\/figure>\n\n\n\n<p>Pascale Guidault demande si les salles lib\u00e9r\u00e9es par le d\u00e9m\u00e9nagement des services culturels pourront \u00eatre utilis\u00e9es par les associations. M. Bourrel r\u00e9pond que le conseil municipal d\u00e9battra de leur r\u00e9affectation.<\/p>\n\n\n\n<figure class=\"wp-block-audio\"><audio controls src=\"https:\/\/moniteur.ovh\/wp-content\/uploads\/2021\/12\/Point-23-Utilisation-etage-Morastel-1.mp3\"><\/audio><figcaption><span class=\"has-inline-color has-vivid-cyan-blue-color\">Utilisation de l&rsquo;\u00e9tage Morastel par les associations. (Point 23)<\/span><\/figcaption><\/figure>\n","protected":false},"excerpt":{"rendered":"<p>Vous retrouverez ci-dessous l\u2019int\u00e9gralit\u00e9 du conseil ainsi que des extraits des interventions des \u00e9lus de l\u2019Alternative citoyenne. Vous pouvez \u00e9galement visionner l&rsquo;enregistrement vid\u00e9o du conseil municipal, r\u00e9alis\u00e9 par la mairie. et consulter le compte-rendu du conseil (pas la retranscription \u00e9crite&hellip;<\/p>\n<p class=\"more-link-p\"><a class=\"more-link\" href=\"https:\/\/moniteur.ovh\/index.php\/conseil-municipal-du-13-decembre-2021\/\">Read more &rarr;<\/a><\/p>\n","protected":false},"author":2,"featured_media":0,"parent":0,"menu_order":0,"comment_status":"closed","ping_status":"closed","template":"","meta":[],"_links":{"self":[{"href":"https:\/\/moniteur.ovh\/index.php\/wp-json\/wp\/v2\/pages\/1459"}],"collection":[{"href":"https:\/\/moniteur.ovh\/index.php\/wp-json\/wp\/v2\/pages"}],"about":[{"href":"https:\/\/moniteur.ovh\/index.php\/wp-json\/wp\/v2\/types\/page"}],"author":[{"embeddable":true,"href":"https:\/\/moniteur.ovh\/index.php\/wp-json\/wp\/v2\/users\/2"}],"replies":[{"embeddable":true,"href":"https:\/\/moniteur.ovh\/index.php\/wp-json\/wp\/v2\/comments?post=1459"}],"version-history":[{"count":3,"href":"https:\/\/moniteur.ovh\/index.php\/wp-json\/wp\/v2\/pages\/1459\/revisions"}],"predecessor-version":[{"id":2429,"href":"https:\/\/moniteur.ovh\/index.php\/wp-json\/wp\/v2\/pages\/1459\/revisions\/2429"}],"wp:attachment":[{"href":"https:\/\/moniteur.ovh\/index.php\/wp-json\/wp\/v2\/media?parent=1459"}],"curies":[{"name":"wp","href":"https:\/\/api.w.org\/{rel}","templated":true}]}}