{"id":1402,"date":"2021-12-06T15:23:24","date_gmt":"2021-12-06T14:23:24","guid":{"rendered":"http:\/\/moniteur.ovh\/?page_id=1402"},"modified":"2023-10-18T16:35:41","modified_gmt":"2023-10-18T14:35:41","slug":"conseil-municipal-du-4-octobre-2021","status":"publish","type":"page","link":"https:\/\/moniteur.ovh\/index.php\/conseil-municipal-du-4-octobre-2021\/","title":{"rendered":"Conseil municipal du 4 octobre 2021"},"content":{"rendered":"\n<p>A l\u2019ordre du jour de ce conseil municipal&nbsp;:<\/p>\n\n\n\n<ul><li>des points comptables et budg\u00e9taires (cr\u00e9ances admises en non-valeur et cr\u00e9ances douteuses notamment),<\/li><li>des modifications du PLU<\/li><li>des annonces de cr\u00e9ation de postes<\/li><li>des attributions de march\u00e9s dont les plus importants concernent CARNON 2030.<\/li><\/ul>\n\n\n\n<p>Le d\u00e9saccord politique majeur entre l\u2019\u00e9quipe majoritaire et les \u00e9lus de l\u2019Alternative citoyenne a concern\u00e9 le projet CARNON 2030. Nous d\u00e9plorons, depuis le lancement de ce projet, le manque de r\u00e9elle concertation avec la population. <strong>La cr\u00e9ation d\u2019un emploi non permanent d\u2019une dur\u00e9e de trois ans \u00e0 temps plein pour exercer les fonctions de chef de projet en charge de l\u2019\u00e9laboration et de la mise en \u0153uvre de la politique de stationnement (notamment \u00e0 Carnon) intervient beaucoup trop tard quand on sait comment le projet CARNON 2030 impacte le stationnement&nbsp;!<\/strong><\/p>\n\n\n\n<figure class=\"wp-block-audio\"><audio controls src=\"http:\/\/moniteur.ovh\/wp-content\/uploads\/2021\/10\/07 Point 7 Marianne Bertrand.mp3\"><\/audio><figcaption>Mme Pelletier explique pourquoi les \u00e9lus de l&rsquo;Alternative citoyenne votent contre la signature des march\u00e9s pour les lots 1 et 4 du projet Carnon 2030. M Coisne r\u00e9agit \u00e0 la r\u00e9ponse de M Bourrel. (Point 7)<br><br><\/figcaption><\/figure>\n\n\n\n<p>Vous retrouverez ci-dessous l\u2019int\u00e9gralit\u00e9 du conseil ainsi que des extraits des autres interventions des \u00e9lus de l\u2019Alternative citoyenne.<\/p>\n\n\n\n<p>Vous pouvez \u00e9galement regarder l&rsquo;enregistrement vid\u00e9o du conseil municipal r\u00e9alis\u00e9 par la mairie.<\/p>\n\n\n\n<figure class=\"wp-block-embed is-type-video is-provider-youtube wp-block-embed-youtube wp-embed-aspect-16-9 wp-has-aspect-ratio\"><div class=\"wp-block-embed__wrapper\">\n<iframe title=\"Conseil Municipal du 04 Octobre 2021\" width=\"752\" height=\"423\" src=\"https:\/\/www.youtube.com\/embed\/jo6hcexikH4?list=PLUH5iHnRcywVF3wRPq4BeqRxkFnbk_wAI\" frameborder=\"0\" allow=\"accelerometer; autoplay; clipboard-write; encrypted-media; gyroscope; picture-in-picture; web-share\" allowfullscreen><\/iframe>\n<\/div><\/figure>\n\n\n\n<p> et consulter le compte-rendu de ce conseil sur le site de la mairie ou en suivant ce lien : <a rel=\"noreferrer noopener\" href=\"https:\/\/mauguio-carnon.com\/images\/MA_VILLE\/municipalite\/conseils-municipaux\/pdf\/4-COMPTE_RENDU_CM_du_04.10.202.pdf\" target=\"_blank\">https:\/\/mauguio-carnon.com\/images\/MA_VILLE\/municipalite\/conseils-municipaux\/pdf\/4-COMPTE_RENDU_CM_du_04.10.202.pdf<\/a><\/p>\n\n\n\n<figure class=\"wp-block-audio\"><audio controls src=\"http:\/\/moniteur.ovh\/wp-content\/uploads\/2021\/10\/00 Audio CM20211004.MP3\"><\/audio><figcaption>Enregistrement audio de l&rsquo;int\u00e9gralit\u00e9 du conseil municipal.<\/figcaption><\/figure>\n\n\n\n<figure class=\"wp-block-audio\"><audio controls src=\"http:\/\/moniteur.ovh\/wp-content\/uploads\/2021\/10\/01 Point 1 Bertrand Marianne.mp3\"><\/audio><figcaption>M. Coisne demande que les fourchettes mini et maxi soient indiqu\u00e9es pour tous les march\u00e9s.<br>Mme Pelletier profite de la pr\u00e9sentation du march\u00e9 public concernant les travaux d\u2019am\u00e9nagement du Jardin du Bosquet \u00e0 Carnon pour demander si les probl\u00e8mes d\u2019effondrement du sol du jardin ont bien \u00e9t\u00e9 pris en compte dans les travaux. Voir l\u2019article \u00e0 ce sujet sur le site. (Point 1)<\/figcaption><\/figure>\n\n\n\n<figure class=\"wp-block-audio\"><audio controls src=\"http:\/\/moniteur.ovh\/wp-content\/uploads\/2021\/10\/04 11 Points 4 11 Bertrand.mp3\"><\/audio><figcaption>M. Coisne demande que les types de cr\u00e9ances douteuses (commune) soient communiqu\u00e9es aux membres du conseil. Il s\u2019interroge sur la difficult\u00e9 \u00e0 recouvrer les cr\u00e9ances au niveau du port. (Points 4 et 11)<\/figcaption><\/figure>\n\n\n\n<figure class=\"wp-block-audio\"><audio controls src=\"http:\/\/moniteur.ovh\/wp-content\/uploads\/2021\/10\/17 Point 17 Pascale.mp3\"><\/audio><figcaption>Mme Guidault demande que la personne qui sera recrut\u00e9e soit facilement joignable, interpellable. (Point 17)<\/figcaption><\/figure>\n\n\n\n<figure class=\"wp-block-audio\"><audio controls src=\"http:\/\/moniteur.ovh\/wp-content\/uploads\/2021\/10\/19 Point 19 Bertrand.mp3\"><\/audio><figcaption>M Coisne fait une remarque de pr\u00e9caution&nbsp;: les travaux doivent figurer dans le programme de la concession de l\u2019Or am\u00e9nagement. (Point 19)<\/figcaption><\/figure>\n\n\n\n<figure class=\"wp-block-audio\"><audio controls src=\"http:\/\/moniteur.ovh\/wp-content\/uploads\/2021\/10\/20 Point 20 Bertrand.mp3\"><\/audio><figcaption>M Coisne insiste sur la n\u00e9cessit\u00e9 de faire une enqu\u00eate publique pour la r\u00e9vision du PPRI qui date actuellement de 2003. (Point 20)<\/figcaption><\/figure>\n\n\n\n<figure class=\"wp-block-audio\"><audio controls src=\"http:\/\/moniteur.ovh\/wp-content\/uploads\/2021\/10\/23 Point 23 Pascale.mp3\"><\/audio><figcaption>Mme Guidault demande des pr\u00e9cisions sur les projets \u00e0 la pointe de Mudaison. Le d\u00e9m\u00e9nagement de la gendarmerie est-il toujours pr\u00e9vu \u00e0 la pointe de Mudaison&nbsp;? (Point 23)<\/figcaption><\/figure>\n\n\n\n<figure class=\"wp-block-audio\"><audio controls src=\"http:\/\/moniteur.ovh\/wp-content\/uploads\/2021\/10\/27 28 Points 27 28 Marianne.mp3\"><\/audio><figcaption>Mme Pelletier encourage la commune \u00e0 aller plus loin dans le niveau de certification pour aller jusqu\u2019\u00e0 Ports propres actifs en biodiversit\u00e9. Elle demande s\u2019il est possible de consulter les \u00e9tudes montrant que les boues de dragage du port de Carnon ne sont pas pollu\u00e9es. (Points 27 et 28)<\/figcaption><\/figure>\n\n\n\n<figure class=\"wp-block-audio\"><audio controls src=\"http:\/\/moniteur.ovh\/wp-content\/uploads\/2021\/10\/28 Point 28 Bertrand.mp3\"><\/audio><figcaption>M Coisne demande si la commune a d\u00e9pos\u00e9 un dossier de demande de subvention au titre de France relance pour le projet Tourisme Mer et Littoral. (Point 28)<\/figcaption><\/figure>\n","protected":false},"excerpt":{"rendered":"<p>A l\u2019ordre du jour de ce conseil municipal&nbsp;: des points comptables et budg\u00e9taires (cr\u00e9ances admises en non-valeur et cr\u00e9ances douteuses notamment), des modifications du PLU des annonces de cr\u00e9ation de postes des attributions de march\u00e9s dont les plus importants concernent&hellip;<\/p>\n<p class=\"more-link-p\"><a class=\"more-link\" href=\"https:\/\/moniteur.ovh\/index.php\/conseil-municipal-du-4-octobre-2021\/\">Read more &rarr;<\/a><\/p>\n","protected":false},"author":2,"featured_media":0,"parent":0,"menu_order":0,"comment_status":"closed","ping_status":"closed","template":"","meta":[],"_links":{"self":[{"href":"https:\/\/moniteur.ovh\/index.php\/wp-json\/wp\/v2\/pages\/1402"}],"collection":[{"href":"https:\/\/moniteur.ovh\/index.php\/wp-json\/wp\/v2\/pages"}],"about":[{"href":"https:\/\/moniteur.ovh\/index.php\/wp-json\/wp\/v2\/types\/page"}],"author":[{"embeddable":true,"href":"https:\/\/moniteur.ovh\/index.php\/wp-json\/wp\/v2\/users\/2"}],"replies":[{"embeddable":true,"href":"https:\/\/moniteur.ovh\/index.php\/wp-json\/wp\/v2\/comments?post=1402"}],"version-history":[{"count":2,"href":"https:\/\/moniteur.ovh\/index.php\/wp-json\/wp\/v2\/pages\/1402\/revisions"}],"predecessor-version":[{"id":2423,"href":"https:\/\/moniteur.ovh\/index.php\/wp-json\/wp\/v2\/pages\/1402\/revisions\/2423"}],"wp:attachment":[{"href":"https:\/\/moniteur.ovh\/index.php\/wp-json\/wp\/v2\/media?parent=1402"}],"curies":[{"name":"wp","href":"https:\/\/api.w.org\/{rel}","templated":true}]}}