{"id":1397,"date":"2021-12-06T15:11:19","date_gmt":"2021-12-06T14:11:19","guid":{"rendered":"http:\/\/moniteur.ovh\/?page_id=1397"},"modified":"2022-02-19T19:02:24","modified_gmt":"2022-02-19T18:02:24","slug":"les-pcbs-en-pays-de-lor","status":"publish","type":"page","link":"https:\/\/moniteur.ovh\/index.php\/les-pcbs-en-pays-de-lor\/","title":{"rendered":"Les PCBs en Pays de l&rsquo;OR"},"content":{"rendered":"\n<p>Qu&rsquo;appelle-t-on PCB ?  D&rsquo;o\u00f9 vient la pollution aux PCBs ?  Le Pays de l&rsquo;Or est-il concern\u00e9 par cette pollution ?<\/p>\n\n\n\n<p>Pour des informations plus pr\u00e9cises sur ce sujet, vous pouvez lire le document ci-dessous.<\/p>\n\n\n\n<p><a href=\"http:\/\/moniteur.ovh\/wp-content\/uploads\/2021\/12\/Les-PCBs-en-Pays-de-lOr.pdf\" target=\"_blank\" rel=\"noreferrer noopener\">Les PCBs en Pays de l&rsquo;Or<\/a><\/p>\n","protected":false},"excerpt":{"rendered":"<p>Qu&rsquo;appelle-t-on PCB ? D&rsquo;o\u00f9 vient la pollution aux PCBs ? Le Pays de l&rsquo;Or est-il concern\u00e9 par cette pollution ? Pour des informations plus pr\u00e9cises sur ce sujet, vous pouvez lire le document ci-dessous. Les PCBs en Pays de l&rsquo;Or<\/p>\n<p class=\"more-link-p\"><a class=\"more-link\" href=\"https:\/\/moniteur.ovh\/index.php\/les-pcbs-en-pays-de-lor\/\">Read more &rarr;<\/a><\/p>\n","protected":false},"author":2,"featured_media":0,"parent":0,"menu_order":0,"comment_status":"closed","ping_status":"closed","template":"","meta":[],"_links":{"self":[{"href":"https:\/\/moniteur.ovh\/index.php\/wp-json\/wp\/v2\/pages\/1397"}],"collection":[{"href":"https:\/\/moniteur.ovh\/index.php\/wp-json\/wp\/v2\/pages"}],"about":[{"href":"https:\/\/moniteur.ovh\/index.php\/wp-json\/wp\/v2\/types\/page"}],"author":[{"embeddable":true,"href":"https:\/\/moniteur.ovh\/index.php\/wp-json\/wp\/v2\/users\/2"}],"replies":[{"embeddable":true,"href":"https:\/\/moniteur.ovh\/index.php\/wp-json\/wp\/v2\/comments?post=1397"}],"version-history":[{"count":2,"href":"https:\/\/moniteur.ovh\/index.php\/wp-json\/wp\/v2\/pages\/1397\/revisions"}],"predecessor-version":[{"id":1656,"href":"https:\/\/moniteur.ovh\/index.php\/wp-json\/wp\/v2\/pages\/1397\/revisions\/1656"}],"wp:attachment":[{"href":"https:\/\/moniteur.ovh\/index.php\/wp-json\/wp\/v2\/media?parent=1397"}],"curies":[{"name":"wp","href":"https:\/\/api.w.org\/{rel}","templated":true}]}}