{"id":1318,"date":"2021-07-01T18:47:28","date_gmt":"2021-07-01T16:47:28","guid":{"rendered":"http:\/\/moniteur.ovh\/?page_id=1318"},"modified":"2023-10-18T16:46:30","modified_gmt":"2023-10-18T14:46:30","slug":"conseil-municipal-du-28-juin-2021-2","status":"publish","type":"page","link":"https:\/\/moniteur.ovh\/index.php\/conseil-municipal-du-28-juin-2021-2\/","title":{"rendered":"Conseil municipal du 28 juin 2021"},"content":{"rendered":"\n<p>Dans son introduction, M. Bourrel a abord\u00e9 un des sujets qui pr\u00e9occupent les Palavasiens et les Carnonnais : l&rsquo;antenne de Carnon ouest.<\/p>\n\n\n\n<figure class=\"wp-block-audio\"><audio controls src=\"http:\/\/moniteur.ovh\/wp-content\/uploads\/2021\/06\/20210628-Intro conseil Antenne Fibre.mp3\"><\/audio><figcaption><span class=\"has-inline-color has-vivid-cyan-blue-color\">M.Bourrel pr\u00e9sente un sujet d&rsquo;actualit\u00e9 : l&rsquo;implantation de l&rsquo;antenne de Carnon ouest.<\/span><\/figcaption><\/figure>\n\n\n\n<p>Vous trouverez ci-dessous l&rsquo;intervention de M.Bourguet pr\u00e9sentant les revendications des manifestants.<\/p>\n\n\n\n<figure class=\"wp-block-audio\"><audio controls src=\"http:\/\/moniteur.ovh\/wp-content\/uploads\/2021\/06\/20210628- Intro conseil d\u00e9claration Daniel.mp3\"><\/audio><figcaption><span class=\"has-inline-color has-vivid-cyan-blue-color\">Daniel Bourguet pr\u00e9sente les revendications des Carnonnais pr\u00e9sents avant le conseil.<\/span><\/figcaption><\/figure>\n\n\n\n<p>Vous pouvez \u00e9galement \u00e9couter l\u2019int\u00e9gralit\u00e9 du conseil municipal ainsi que les points sur lesquels les \u00e9lus de l&rsquo;Alternative sont intervenus :<\/p>\n\n\n\n<figure class=\"wp-block-audio\"><audio controls src=\"http:\/\/moniteur.ovh\/wp-content\/uploads\/2021\/06\/210628-183845-1.mp3\"><\/audio><figcaption><span class=\"has-inline-color has-vivid-cyan-blue-color\">L&rsquo;int\u00e9gralit\u00e9 du conseil municipal.<\/span><\/figcaption><\/figure>\n\n\n\n<p>Vous pouvez regarder la vid\u00e9o du conseil mise en ligne par la mairie.<\/p>\n\n\n\n<figure class=\"wp-block-embed is-type-video is-provider-youtube wp-block-embed-youtube wp-embed-aspect-16-9 wp-has-aspect-ratio\"><div class=\"wp-block-embed__wrapper\">\n<iframe title=\"Conseil Municipal du 28 Juin 2021\" width=\"752\" height=\"423\" src=\"https:\/\/www.youtube.com\/embed\/0KP6Rxf3phI?list=PLUH5iHnRcywVF3wRPq4BeqRxkFnbk_wAI\" frameborder=\"0\" allow=\"accelerometer; autoplay; clipboard-write; encrypted-media; gyroscope; picture-in-picture; web-share\" allowfullscreen><\/iframe>\n<\/div><\/figure>\n\n\n\n<p>et consulter le compte-rendu du conseil (pas de retranscription \u00e9crite des \u00e9changes uniquement la synth\u00e8se des d\u00e9lib\u00e9rations) sur le site de la mairie ou en suivant ce lien : <a rel=\"noreferrer noopener\" href=\"http:\/\/: https:\/\/mauguio-carnon.com\/images\/MA_VILLE\/municipalite\/conseils-municipaux\/pdf\/COMPTE_RENDU_SEANCE_DU_28_JUIN_2021.pdf\" target=\"_blank\">http:\/\/: https:\/\/mauguio-carnon.com\/images\/MA_VILLE\/municipalite\/conseils-municipaux\/pdf\/COMPTE_RENDU_SEANCE_DU_28_JUIN_2021.pdf<\/a><\/p>\n\n\n\n<!--more D'AUTRES EXTRAITS SONORES A ECOUTER ICI : Privatisation port a sec, dragage du port, parking lido ;;;-->\n\n\n\n<figure class=\"wp-block-audio\"><audio controls src=\"http:\/\/moniteur.ovh\/wp-content\/uploads\/2021\/06\/20210628- Point 2 Daniel annul d\u00e9lib\u00e9ration 35.mp3\"><\/audio><figcaption><span class=\"has-inline-color has-vivid-cyan-blue-color\">Daniel Bourguet demande que des \u00e9l\u00e9ments financiers plus pr\u00e9cis justifiant l&rsquo;abandon de la gratuit\u00e9 du parking du Lido soient pr\u00e9sent\u00e9s lors d&rsquo;un prochain conseil municipal (point 2).<\/span><\/figcaption><\/figure>\n\n\n\n<figure class=\"wp-block-audio\"><audio controls src=\"http:\/\/moniteur.ovh\/wp-content\/uploads\/2021\/06\/20210628- Point 7 Daniel question 1 budget port.mp3\"><\/audio><figcaption><span class=\"has-inline-color has-vivid-cyan-blue-color\">Daniel Bourguet demande des pr\u00e9cisions sur le budget du port (point 7).<\/span><\/figcaption><\/figure>\n\n\n\n<figure class=\"wp-block-audio\"><audio controls src=\"http:\/\/moniteur.ovh\/wp-content\/uploads\/2021\/06\/20210628- Point 7 Daniel question 2 privatisation port \u00e0 sec.mp3\"><\/audio><figcaption><span class=\"has-inline-color has-vivid-cyan-blue-color\">Daniel Bourguet demande que le conseil municipal d\u00e9batte sur la privatisation du port \u00e0 sec (point 7). <\/span><\/figcaption><\/figure>\n\n\n\n<figure class=\"wp-block-audio\"><audio controls src=\"http:\/\/moniteur.ovh\/wp-content\/uploads\/2021\/06\/20210628- Point 10 Marianne dates dragage r\u00e9duction redevance.mp3\"><\/audio><figcaption><span class=\"has-inline-color has-vivid-cyan-blue-color\">Marianne Pelletier demande des pr\u00e9cisions sur la date du prochain dragage du port<\/span> <span class=\"has-inline-color has-vivid-cyan-blue-color\">(point 10).<\/span><\/figcaption><\/figure>\n\n\n\n<figure class=\"wp-block-audio\"><audio controls src=\"http:\/\/moniteur.ovh\/wp-content\/uploads\/2021\/06\/20210628- Point 4 Bertrand Effet ciseau vente patrimoine.mp3\"><\/audio><figcaption><span class=\"has-inline-color has-vivid-cyan-blue-color\">Bertrand Coisne intervient sur l&rsquo;effet ciseau et la vente du patrimoine municipal (point 4).<\/span><\/figcaption><\/figure>\n\n\n\n<figure class=\"wp-block-audio\"><audio controls src=\"http:\/\/moniteur.ovh\/wp-content\/uploads\/2021\/06\/20210628- Point 11 Pascale exon\u00e9ration taxe s\u00e9lective.mp3\"><\/audio><figcaption><span class=\"has-inline-color has-vivid-cyan-blue-color\">Pascale Guidault alerte sur les difficult\u00e9s \u00e0 accueillir des familles avec enfants dans la commune et demande si une exon\u00e9ration de la taille fonci\u00e8re pourrait \u00eatre s\u00e9lective (point 11 et point 24 en fin de conseil).<\/span><\/figcaption><\/figure>\n\n\n\n<figure class=\"wp-block-audio\"><audio controls src=\"http:\/\/moniteur.ovh\/wp-content\/uploads\/2021\/06\/20210628- Point 13 Daniel logements sociaux Les Capitelles.mp3\"><\/audio><figcaption><span class=\"has-inline-color has-vivid-cyan-blue-color\">Daniel Bourguet revient sur les contaminations dans la partie logement social des Capitelles \u00e0 Mauguio et demande qu&rsquo;\u00e0 la Font de Mauguio les prestations dans les parties communes soient de m\u00eame qualit\u00e9 partout (point 13).<\/span><\/figcaption><\/figure>\n\n\n\n<figure class=\"wp-block-audio\"><audio controls src=\"http:\/\/moniteur.ovh\/wp-content\/uploads\/2021\/06\/20210628- Point 17 Simone tableau effectifs postes vacants.mp3\"><\/audio><figcaption><span class=\"has-inline-color has-vivid-cyan-blue-color\">Simone Gres-Blazin demande des pr\u00e9cisions sur le tableau des effectifs et sur le nombre de postes vacants (point 17).<\/span><\/figcaption><\/figure>\n\n\n\n<figure class=\"wp-block-audio\"><audio controls src=\"http:\/\/moniteur.ovh\/wp-content\/uploads\/2021\/06\/20210628- Point 21 Bertrand zone pr\u00e9emption d\u00e9partement.mp3\"><\/audio><figcaption><span class=\"has-inline-color has-vivid-cyan-blue-color\">Bertrand Coisne demande si on peut avoir un bilan des acquisitions fonci\u00e8res du d\u00e9partement dans le cadre de la zone de pr\u00e9emption (point 21).<\/span><\/figcaption><\/figure>\n\n\n\n<figure class=\"wp-block-audio\"><audio controls src=\"http:\/\/moniteur.ovh\/wp-content\/uploads\/2021\/06\/20210628- Point 22 Marianne Bertrand enqu\u00eate publique PLU.mp3\"><\/audio><figcaption><span class=\"has-inline-color has-vivid-cyan-blue-color\">Marianne Pelletier reconna\u00eet les progr\u00e8s en mati\u00e8re de mise \u00e0 disposition des documents d&rsquo;enqu\u00eate publique \u00e0 la mairie annexe de Carnon et demande des pr\u00e9cisions sur la date de mise \u00e0 disposition de ces documents. Bertrand Coisne en profite pour demander des pr\u00e9cisions sur les calendriers du PLI et du PPRI.<\/span><\/figcaption><\/figure>\n","protected":false},"excerpt":{"rendered":"<p>Dans son introduction, M. Bourrel a abord\u00e9 un des sujets qui pr\u00e9occupent les Palavasiens et les Carnonnais : l&rsquo;antenne de Carnon ouest. Vous trouverez ci-dessous l&rsquo;intervention de M.Bourguet pr\u00e9sentant les revendications des manifestants. Vous pouvez \u00e9galement \u00e9couter l\u2019int\u00e9gralit\u00e9 du conseil&hellip;<\/p>\n<p class=\"more-link-p\"><a class=\"more-link\" href=\"https:\/\/moniteur.ovh\/index.php\/conseil-municipal-du-28-juin-2021-2\/\">Read more &rarr;<\/a><\/p>\n","protected":false},"author":1,"featured_media":0,"parent":0,"menu_order":0,"comment_status":"closed","ping_status":"closed","template":"","meta":[],"_links":{"self":[{"href":"https:\/\/moniteur.ovh\/index.php\/wp-json\/wp\/v2\/pages\/1318"}],"collection":[{"href":"https:\/\/moniteur.ovh\/index.php\/wp-json\/wp\/v2\/pages"}],"about":[{"href":"https:\/\/moniteur.ovh\/index.php\/wp-json\/wp\/v2\/types\/page"}],"author":[{"embeddable":true,"href":"https:\/\/moniteur.ovh\/index.php\/wp-json\/wp\/v2\/users\/1"}],"replies":[{"embeddable":true,"href":"https:\/\/moniteur.ovh\/index.php\/wp-json\/wp\/v2\/comments?post=1318"}],"version-history":[{"count":4,"href":"https:\/\/moniteur.ovh\/index.php\/wp-json\/wp\/v2\/pages\/1318\/revisions"}],"predecessor-version":[{"id":2426,"href":"https:\/\/moniteur.ovh\/index.php\/wp-json\/wp\/v2\/pages\/1318\/revisions\/2426"}],"wp:attachment":[{"href":"https:\/\/moniteur.ovh\/index.php\/wp-json\/wp\/v2\/media?parent=1318"}],"curies":[{"name":"wp","href":"https:\/\/api.w.org\/{rel}","templated":true}]}}