{"id":1315,"date":"2021-04-12T18:42:00","date_gmt":"2021-04-12T16:42:00","guid":{"rendered":"http:\/\/moniteur.ovh\/?page_id=1315"},"modified":"2023-10-18T15:55:40","modified_gmt":"2023-10-18T13:55:40","slug":"conseil-municipal-du-12-avril-2021","status":"publish","type":"page","link":"https:\/\/moniteur.ovh\/index.php\/conseil-municipal-du-12-avril-2021\/","title":{"rendered":"Conseil municipal du 12 avril 2021"},"content":{"rendered":"\n<p>Ce conseil s&rsquo;est d\u00e9roul\u00e9 \u00e0 14h30 avec un effectif r\u00e9duit pour respecter les consignes sanitaires. Pour l&rsquo;opposition, \u00e9taient pr\u00e9sents M Deydier,  M Parmentier et M Chazot et trois des \u00e9lus de l&rsquo;Alternative : M Bourguet, Mme Pelletier et M Coisne, mesdames Gr\u00e8s-Blazin et Guidault avaient donn\u00e9 une procuration.<\/p>\n\n\n\n<p>La s\u00e9ance \u00e9tait retransmise en direct mais pour ceux qui n&rsquo;ont pas pu se lib\u00e9rer \u00e0 14h30, l&rsquo;enregistrement audio est disponible ci-dessous.<\/p>\n\n\n\n<p>Vous pouvez \u00e9galement consulter le compte-rendu du conseil municipal (pas de retranscriptions \u00e9crites des \u00e9changes, uniquement la synth\u00e8se des d\u00e9lib\u00e9rations et les votes des conseillers) disponible sur le site de la mairie ou en suivant ce lien : <a rel=\"noreferrer noopener\" href=\"https:\/\/mauguio-carnon.com\/images\/MA_VILLE\/municipalite\/conseils-municipaux\/pdf\/Compte_rendu_CM_12-04-21.pdf\" target=\"_blank\">https:\/\/mauguio-carnon.com\/images\/MA_VILLE\/municipalite\/conseils-municipaux\/pdf\/Compte_rendu_CM_12-04-21.pdf<\/a><\/p>\n\n\n\n<figure class=\"wp-block-audio\"><audio controls src=\"http:\/\/moniteur.ovh\/wp-content\/uploads\/2021\/04\/210412-150559.MP3\"><\/audio><figcaption><span class=\"has-inline-color has-vivid-cyan-blue-color\">Conseil municipal du 12 avril 2021 (int\u00e9gralit\u00e9 des \u00e9changes)<\/span><\/figcaption><\/figure>\n\n\n\n<p>Vous trouverez ci-dessous des points du conseil sur lesquels sont intervenus nos \u00e9lus. Carnon : stationnement payant, nettoyage, capitainerie et zone technique du port, base nautique, dragage du port, office de tourisme. Autres points : participation aux frais de l&rsquo;\u00e9cole priv\u00e9e, tableaux des effectifs.<\/p>\n\n\n\n<figure class=\"wp-block-audio\"><audio controls src=\"http:\/\/moniteur.ovh\/wp-content\/uploads\/2021\/04\/20210412-Point 3 et 4 Stationnement.mp3\"><\/audio><figcaption><span class=\"has-inline-color has-vivid-cyan-blue-color\">Stationnement \u00e0 Carnon<\/span><\/figcaption><\/figure>\n\n\n\n<p>M. Bourrel pr\u00e9sente la convention de gestion, entre le Conservatoire du Littoral et l&rsquo;Agglom\u00e9ration du pays de l&rsquo;Or d&rsquo;une part et la ville de Mauguio Carnon d&rsquo;autre part, concernant la mise en place d&rsquo;un p\u00e9age sur l&rsquo;aide de stationnement du Lido du Petit au Grand Travers (point 3). Puis il pr\u00e9sente le montant des tarifs pour les trois aires de stationnement de Carnon : Lido, Petit Travers et Bassaget (point 4). Daniel Bourguet et les autres \u00e9lus de l&rsquo;opposition interviennent sur ces deux points.<\/p>\n\n\n\n<figure class=\"wp-block-audio\"><audio controls src=\"http:\/\/moniteur.ovh\/wp-content\/uploads\/2021\/04\/20210412-Point 8B Nettoyage Carnon.mp3\"><\/audio><figcaption><span class=\"has-inline-color has-vivid-cyan-blue-color\">Nettoyage des voiries urbaines \u00e0 Carnon<\/span><\/figcaption><\/figure>\n\n\n\n<p>Mme Pelletier fait part de remarques faites par des Carnonnais quant \u00e0 l&rsquo;am\u00e9lioration de la propret\u00e9 \u00e0 Carnon ouest. Elle demande des pr\u00e9cisions sur le cahier des charges (passage de la balayeuse). M. Denat pr\u00e9cise que du mat\u00e9riel municipal est utilis\u00e9 en compl\u00e9ment des moyens mis en \u0153uvre par l&rsquo;entreprise Nicollin, prestataire retenu pour Carnon.<\/p>\n\n\n\n<figure class=\"wp-block-audio\"><audio controls src=\"http:\/\/moniteur.ovh\/wp-content\/uploads\/2021\/04\/20210412-Point 12 A et B Modification APCP.mp3\"><\/audio><figcaption><span class=\"has-inline-color has-vivid-cyan-blue-color\">Capitainerie et Zone technique du port (modification AP\/CP)<\/span><\/figcaption><\/figure>\n\n\n\n<p>Mme Pelletier demande des explications sur les documents comptables rendant compte de modifications d&rsquo;autorisations de programmes (AP) et de cr\u00e9dits de paiements (CP) pour la capitainerie (point 12A) et la zone technique technique du port (point 12B). Mme Favier explique comment lire les tableaux d&rsquo;AP\/CP et indique que, dans les prochains documents pr\u00e9paratoires au conseil municipal, elle ajoutera les tableaux initiaux pour faciliter la comparaison avec les tableaux modifi\u00e9s.<\/p>\n\n\n\n<figure class=\"wp-block-audio\"><audio controls src=\"http:\/\/moniteur.ovh\/wp-content\/uploads\/2021\/04\/20210412-Point 17 Capitainerie.mp3\"><\/audio><figcaption><span class=\"has-inline-color has-vivid-cyan-blue-color\">Reconstruction de la capitainerie <\/span><\/figcaption><\/figure>\n\n\n\n<p>M. Coisne rappelle tout d&rsquo;abord que la destruction\/reconstruction de la capitainerie est consid\u00e9r\u00e9e comme un projet inutile et co\u00fbteux par les \u00e9lus de l&rsquo;Alternative citoyenne. Il propose ensuite que la capitainerie reste sur la passerelle Mertens, endroit consid\u00e9r\u00e9 initialement comme provisoire, en attendant la reconstruction de la nouvelle capitainerie, mais qui para\u00eet convenir aux usagers.<\/p>\n\n\n\n<figure class=\"wp-block-audio\"><audio controls src=\"http:\/\/moniteur.ovh\/wp-content\/uploads\/2021\/04\/20210412-Point 19 Base nautique.mp3\"><\/audio><figcaption><span class=\"has-inline-color has-vivid-cyan-blue-color\">Base nautique : d\u00e9p\u00f4t d&rsquo;un permis de construire de r\u00e9gularisation<\/span><\/figcaption><\/figure>\n\n\n\n<p>M. Denat indique que, pour ne pas rester dans une position attentiste (la Cour administrative d&rsquo;appel de Marseille doit en effet se prononcer sur le jugement du Tribunal administratif de Montpellier qui a annul\u00e9 le permis de construire initial), la commune a d\u00e9cid\u00e9 de d\u00e9poser un permis de construire de r\u00e9gularisation. M. Bourguet rappelle qu&rsquo;une enqu\u00eate publique, demand\u00e9e par les riverains, avait \u00e9t\u00e9 refus\u00e9e par la mairie. M. Bourrel pr\u00e9cise que, cette fois-ci, la concertation aura bien lieu au moyen d&rsquo;une enqu\u00eate publique.<\/p>\n\n\n\n<figure class=\"wp-block-audio\"><audio controls src=\"http:\/\/moniteur.ovh\/wp-content\/uploads\/2021\/04\/20210412-Point 14 Dragage port.mp3\"><\/audio><figcaption><span class=\"has-inline-color has-vivid-cyan-blue-color\">Dragage du port<\/span><\/figcaption><\/figure>\n\n\n\n<p>La question du dragage des s\u00e9diments du port de Carnon a fait l&rsquo;objet de plusieurs points (11, 13, 14 et 15). Il s&rsquo;agit dans cet extrait (concernant l&rsquo;avenant financier au march\u00e9 de ma\u00eetrise d&rsquo;ouvrage des ports de la Baie d&rsquo;Aigues-Mortes) de pr\u00e9ciser les cons\u00e9quences du refus de la m\u00e9tropole de Montpellier de stocker les s\u00e9diments extraits du port de Carnon. Le changement de destination impose des \u00e9tudes suppl\u00e9mentaires pour un co\u00fbt de 23020 \u20ac HT.<\/p>\n\n\n\n<figure class=\"wp-block-audio\"><audio controls src=\"http:\/\/moniteur.ovh\/wp-content\/uploads\/2021\/04\/20210412-Point 28 Office tourisme.mp3\"><\/audio><figcaption><span class=\"has-inline-color has-vivid-cyan-blue-color\">Office de tourisme de Carnon<\/span><\/figcaption><\/figure>\n\n\n\n<p>M. Coisne fait remarquer que des informations int\u00e9ressantes manquent dans le rapport d&rsquo;activit\u00e9s de l&rsquo;Office de tourisme (fr\u00e9quentation des restaurants et du Luna Park par exemple).<\/p>\n\n\n\n<figure class=\"wp-block-audio\"><audio controls src=\"http:\/\/moniteur.ovh\/wp-content\/uploads\/2021\/04\/20210412-Point 7 Ecole priv\u00e9e.mp3\"><\/audio><figcaption><span class=\"has-inline-color has-vivid-cyan-blue-color\">Participation financi\u00e8re aux frais des \u00e9l\u00e8ves de la commune scolaris\u00e9s \u00e0 l&rsquo;\u00e9cole priv\u00e9e Notre Dame<\/span><\/figcaption><\/figure>\n\n\n\n<p>Mme Pelletier demande des pr\u00e9cisions sur les d\u00e9penses prises en charge par la commune et notamment sur l&rsquo;\u00e9ventuelle prise en charge de d\u00e9penses facultatives. Mme Crampagne pr\u00e9cise qu&rsquo;une partie de la participation aux classes transplant\u00e9es, qui \u00e9tait facultative auparavant, peut maintenant \u00eatre int\u00e9gr\u00e9e dans les d\u00e9penses  de fonctionnement.<\/p>\n\n\n\n<figure class=\"wp-block-audio\"><audio controls src=\"http:\/\/moniteur.ovh\/wp-content\/uploads\/2021\/04\/20210412-Point 22 Effectifs.mp3\"><\/audio><figcaption><span class=\"has-inline-color has-vivid-cyan-blue-color\">Tableau des effectifs<\/span><\/figcaption><\/figure>\n\n\n\n<p>Le tableau des effectifs sera annex\u00e9 au compte-rendu du Conseil municipal. Mme Crampagne et M Bank expliquent aux \u00e9lus qu&rsquo;ils ne peuvent pas communiquer d&rsquo;informations personnelles concernant les titulaires des postes et qu&rsquo;il est donc difficile de r\u00e9pondre \u00e0 leurs questions sur les modifications de postes en lien avec les suppressions pr\u00e9sent\u00e9es pendant le conseil. Des informations plus pr\u00e9cises peuvent \u00eatre communiqu\u00e9es en commission.<\/p>\n","protected":false},"excerpt":{"rendered":"<p>Ce conseil s&rsquo;est d\u00e9roul\u00e9 \u00e0 14h30 avec un effectif r\u00e9duit pour respecter les consignes sanitaires. Pour l&rsquo;opposition, \u00e9taient pr\u00e9sents M Deydier, M Parmentier et M Chazot et trois des \u00e9lus de l&rsquo;Alternative : M Bourguet, Mme Pelletier et M Coisne,&hellip;<\/p>\n<p class=\"more-link-p\"><a class=\"more-link\" href=\"https:\/\/moniteur.ovh\/index.php\/conseil-municipal-du-12-avril-2021\/\">Read more &rarr;<\/a><\/p>\n","protected":false},"author":1,"featured_media":0,"parent":0,"menu_order":0,"comment_status":"closed","ping_status":"closed","template":"","meta":[],"_links":{"self":[{"href":"https:\/\/moniteur.ovh\/index.php\/wp-json\/wp\/v2\/pages\/1315"}],"collection":[{"href":"https:\/\/moniteur.ovh\/index.php\/wp-json\/wp\/v2\/pages"}],"about":[{"href":"https:\/\/moniteur.ovh\/index.php\/wp-json\/wp\/v2\/types\/page"}],"author":[{"embeddable":true,"href":"https:\/\/moniteur.ovh\/index.php\/wp-json\/wp\/v2\/users\/1"}],"replies":[{"embeddable":true,"href":"https:\/\/moniteur.ovh\/index.php\/wp-json\/wp\/v2\/comments?post=1315"}],"version-history":[{"count":3,"href":"https:\/\/moniteur.ovh\/index.php\/wp-json\/wp\/v2\/pages\/1315\/revisions"}],"predecessor-version":[{"id":2404,"href":"https:\/\/moniteur.ovh\/index.php\/wp-json\/wp\/v2\/pages\/1315\/revisions\/2404"}],"wp:attachment":[{"href":"https:\/\/moniteur.ovh\/index.php\/wp-json\/wp\/v2\/media?parent=1315"}],"curies":[{"name":"wp","href":"https:\/\/api.w.org\/{rel}","templated":true}]}}