{"id":1175,"date":"2021-03-05T13:25:59","date_gmt":"2021-03-05T12:25:59","guid":{"rendered":"http:\/\/moniteur.ovh\/?page_id=1175"},"modified":"2021-03-05T13:25:59","modified_gmt":"2021-03-05T12:25:59","slug":"conseil-municipal-22-janvier-2019","status":"publish","type":"page","link":"https:\/\/moniteur.ovh\/index.php\/conseil-municipal-22-janvier-2019\/","title":{"rendered":"Conseil municipal 22 janvier 2019"},"content":{"rendered":"\n<p>Un conseil municipal exclusivement consacr\u00e9 au sch\u00e9ma directeur de Carnon vient de se tenir \u00e0 la mairie de Mauguio. <em>\u00ab\u00a0Pourquoi ne pas avoir tenu ce conseil, qui concerne les habitants de Carnon, \u00e0 Carnon ?\u00a0\u00bb<\/em> a demand\u00e9 Daniel Bourguet \u00e0 Monsieur le Maire. Sa r\u00e9ponse (enregistrement ci-dessous) se r\u00e9sume \u00e0 un long silence que l&rsquo;on peut interpr\u00e9ter comme <em>\u00ab\u00a0\u00e7a ne m&rsquo;a pas effleur\u00e9 l&rsquo;esprit\u00a0\u00bb. <\/em>Puis, r\u00e9alisant le ridicule de la situation, le Maire essaye une argumentation \u00e9cologique douteuse pour finalement conclure : <em>\u00ab\u00a0si c&rsquo;est que \u00ab\u00a0\u00e7a\u00a0\u00bb, c&rsquo;est pas grave\u00a0\u00bb<\/em>.<br>D\u00e9mocratie participative ? Vous avez dit d\u00e9mocratie participative ?<\/p>\n\n\n\n<figure class=\"wp-block-audio\"><audio controls src=\"http:\/\/lafabriquecitoyennedupaysdelor.com\/wp-content\/uploads\/2019\/01\/Pas-\u00e0-Carnon-2.mp3\"><\/audio><\/figure>\n\n\n\n<p>Enregistrement int\u00e9gral du conseil municipal ci-dessous.<\/p>\n\n\n\n<figure class=\"wp-block-audio\"><audio controls src=\"http:\/\/lafabriquecitoyennedupaysdelor.com\/wp-content\/uploads\/2019\/01\/Conseil municipal sch\u00e9ma directeur de Carnon.mp3\"><\/audio><\/figure>\n","protected":false},"excerpt":{"rendered":"<p>Un conseil municipal exclusivement consacr\u00e9 au sch\u00e9ma directeur de Carnon vient de se tenir \u00e0 la mairie de Mauguio. \u00ab\u00a0Pourquoi ne pas avoir tenu ce conseil, qui concerne les habitants de Carnon, \u00e0 Carnon ?\u00a0\u00bb a demand\u00e9 Daniel Bourguet \u00e0&hellip;<\/p>\n<p class=\"more-link-p\"><a class=\"more-link\" href=\"https:\/\/moniteur.ovh\/index.php\/conseil-municipal-22-janvier-2019\/\">Read more &rarr;<\/a><\/p>\n","protected":false},"author":1,"featured_media":0,"parent":0,"menu_order":0,"comment_status":"closed","ping_status":"closed","template":"","meta":[],"_links":{"self":[{"href":"https:\/\/moniteur.ovh\/index.php\/wp-json\/wp\/v2\/pages\/1175"}],"collection":[{"href":"https:\/\/moniteur.ovh\/index.php\/wp-json\/wp\/v2\/pages"}],"about":[{"href":"https:\/\/moniteur.ovh\/index.php\/wp-json\/wp\/v2\/types\/page"}],"author":[{"embeddable":true,"href":"https:\/\/moniteur.ovh\/index.php\/wp-json\/wp\/v2\/users\/1"}],"replies":[{"embeddable":true,"href":"https:\/\/moniteur.ovh\/index.php\/wp-json\/wp\/v2\/comments?post=1175"}],"version-history":[{"count":1,"href":"https:\/\/moniteur.ovh\/index.php\/wp-json\/wp\/v2\/pages\/1175\/revisions"}],"predecessor-version":[{"id":1176,"href":"https:\/\/moniteur.ovh\/index.php\/wp-json\/wp\/v2\/pages\/1175\/revisions\/1176"}],"wp:attachment":[{"href":"https:\/\/moniteur.ovh\/index.php\/wp-json\/wp\/v2\/media?parent=1175"}],"curies":[{"name":"wp","href":"https:\/\/api.w.org\/{rel}","templated":true}]}}