{"id":1172,"date":"2021-03-05T13:16:59","date_gmt":"2021-03-05T12:16:59","guid":{"rendered":"http:\/\/moniteur.ovh\/?page_id=1172"},"modified":"2021-03-05T13:16:59","modified_gmt":"2021-03-05T12:16:59","slug":"conseil-municipal-10-fevrier-2020","status":"publish","type":"page","link":"https:\/\/moniteur.ovh\/index.php\/conseil-municipal-10-fevrier-2020\/","title":{"rendered":"Conseil municipal 10 f\u00e9vrier 2020"},"content":{"rendered":"\n<div class=\"wp-block-image\"><figure class=\"alignleft\"><img src=\"http:\/\/lafabriquecitoyennedupaysdelor.com\/wp-content\/uploads\/2020\/02\/P1440591-1024x575.jpg\" alt=\"\" class=\"wp-image-7380\"\/><\/figure><\/div>\n\n\n\n<p>Lundi 10 f\u00e9vrier s&rsquo;est tenu \u00e0 Mauguio le dernier conseil municipal de la mandature. Ci-dessous l&rsquo;enregistrement int\u00e9gral de ce conseil.<\/p>\n\n\n\n<figure class=\"wp-block-audio\"><audio controls src=\"http:\/\/lafabriquecitoyennedupaysdelor.com\/wp-content\/uploads\/2020\/02\/Conseil-municipal-10-f\u00e9vrier-2020.mp3\"><\/audio><\/figure>\n","protected":false},"excerpt":{"rendered":"<p>Lundi 10 f\u00e9vrier s&rsquo;est tenu \u00e0 Mauguio le dernier conseil municipal de la mandature. Ci-dessous l&rsquo;enregistrement int\u00e9gral de ce conseil.<\/p>\n<p class=\"more-link-p\"><a class=\"more-link\" href=\"https:\/\/moniteur.ovh\/index.php\/conseil-municipal-10-fevrier-2020\/\">Read more &rarr;<\/a><\/p>\n","protected":false},"author":1,"featured_media":0,"parent":0,"menu_order":0,"comment_status":"closed","ping_status":"closed","template":"","meta":[],"_links":{"self":[{"href":"https:\/\/moniteur.ovh\/index.php\/wp-json\/wp\/v2\/pages\/1172"}],"collection":[{"href":"https:\/\/moniteur.ovh\/index.php\/wp-json\/wp\/v2\/pages"}],"about":[{"href":"https:\/\/moniteur.ovh\/index.php\/wp-json\/wp\/v2\/types\/page"}],"author":[{"embeddable":true,"href":"https:\/\/moniteur.ovh\/index.php\/wp-json\/wp\/v2\/users\/1"}],"replies":[{"embeddable":true,"href":"https:\/\/moniteur.ovh\/index.php\/wp-json\/wp\/v2\/comments?post=1172"}],"version-history":[{"count":1,"href":"https:\/\/moniteur.ovh\/index.php\/wp-json\/wp\/v2\/pages\/1172\/revisions"}],"predecessor-version":[{"id":1173,"href":"https:\/\/moniteur.ovh\/index.php\/wp-json\/wp\/v2\/pages\/1172\/revisions\/1173"}],"wp:attachment":[{"href":"https:\/\/moniteur.ovh\/index.php\/wp-json\/wp\/v2\/media?parent=1172"}],"curies":[{"name":"wp","href":"https:\/\/api.w.org\/{rel}","templated":true}]}}