{"id":1130,"date":"2021-03-04T17:09:50","date_gmt":"2021-03-04T16:09:50","guid":{"rendered":"http:\/\/moniteur.ovh\/?page_id=1130"},"modified":"2021-03-04T17:09:50","modified_gmt":"2021-03-04T16:09:50","slug":"conseil-municipal-du-30-juillet-2018","status":"publish","type":"page","link":"https:\/\/moniteur.ovh\/index.php\/conseil-municipal-du-30-juillet-2018\/","title":{"rendered":"Conseil municipal du 30 juillet 2018"},"content":{"rendered":"\n<p>Convocation ordre du jour conseil municipal de Mauguio Carnon du 30 juillet 2018<\/p>\n\n\n\n<p>Notre webmaster est en absent. L&rsquo;enregistrement du conseil sera mis en ligne fin ao\u00fbt.<\/p>\n\n\n\n<ul><li>D\u00e9cisions municipales : Les attributions des concessions \u00e0 Carnon \u00e0 deux commer\u00e7ants ambulants qui posent probl\u00e8me : Le Miam-Miam \u00e0 Carnon Ouest et le snack parking le Suffren \u00e0 Carnon-Est. Ces deux commer\u00e7ants ont \u00e9t\u00e9 \u00e9vinc\u00e9s apr\u00e8s 25 ans de bons et loyaux services. L\u2019appel \u00e0 concurrence a eu raison de leurs installations. C\u2019est regrettable et cela met en danger la survie m\u00eame de leurs petites entreprises. Les \u00e9lus de la commune n\u2019ont fait aucun effort pour permettre \u00e0 ces deux commer\u00e7ants d\u2019avoir un sursis. De surcro\u00eet la date de la mise en concurrence fut tr\u00e8s mal choisie, tardive dans la saison, les notifications sont arriv\u00e9es alors que les commer\u00e7ants \u00e9taient d\u00e9j\u00e0 en cours d\u2019installation. Une p\u00e9tition circule pour d\u00e9fendre le Miam-miam \u00e0 Carnon Ouest qui refuse de partir et la commune engage une proc\u00e9dure judiciaire \u00e0 son encontre.<\/li><li>Point 3 sh\u00e9ma directeur de carnon : Concernant le sh\u00e9ma directeur de carnon et le projet de liaison Carnon-Est et Carnon-Ouest nous avons relanc\u00e9 le d\u00e9bat sur la suppression du bac qui reliait ces deux quartiers. Fin de non-recevoir, d\u2019apr\u00e8s le maire ce bac co\u00fbte trop cher. Il n\u2019y en aura plus malgr\u00e9 les manifestations des habitants qui r\u00e9clament cette liaison.<\/li><li>Point 5 Concernant l\u2019attribution d\u2019une parcelle \u00e0 la Font de Mauguio pour l\u2019association Ecolor et la construction d\u2019un habitat participatif, Daniel Bourguet a rappel\u00e9 son opposition \u00e0 ce projet et est intervenu pour rappeler les points suivants :<\/li><\/ul>\n\n\n\n<p>1- Dans l\u2019article de midi libre du 26 juillet, je constate en pr\u00e9ambule que vous annoncez avoir avoir sign\u00e9 la convention avec Ecolor mardi dernier alors que votre conseil municipal ne s\u2019est pas encore exprim\u00e9 sur ce sujet.<\/p>\n\n\n\n<p>Il est fait r\u00e9f\u00e9rence dans ce m\u00eame article \u00e0 la p\u00e9nalit\u00e9 de 400 000 euros inflig\u00e9e \u00e0 la commune pour d\u00e9faut de logements sociaux. Cette r\u00e9f\u00e9rence est une tromperie pour nos concitoyens. Avec 27 % de logement social sur les 210 logements que vous envisagez de construire d\u2019ici la fin de votre mandat, vous \u00eates en de-\u00e7a du quota fix\u00e9 par le plh et le scot, et vous ne r\u00e9duisez en rien le d\u00e9ficit global de la commune. Donc aucune incidence \u00e0 attendre sur la p\u00e9nalit\u00e9 ! Et quand bien m\u00eame si vous arrivez plus tard \u00e0 construire les 740 logement promis en arrivant \u00e0 une moyenne globale de 30 % de logement social, vous aurez r\u00e9duit d\u2019un si infime pourcentage le taux de logement social sur la commune que nous serons toujours \u00e0 l\u2019amende. Donc l\u2019argument de l\u2019amende est \u00e0 rejeter pour justifier la construction de la Font de Mauguio.<\/p>\n\n\n\n<p>2- Vous justifiez souvent votre projet de b\u00e9tonnage de terres agricoles avec l\u2019argument de loger les jeunes melgoriens. Hors vous annoncez des prix. 3000 euros le M\u00b2 pour l\u2019accession aid\u00e9e, 3700 euros le M\u00b2 pour le reste. Mme Saury, directrice de l\u2019or am\u00e9nagement, annonce que pour tenir ces tarifs on fait des remises de 20 \u00e0 25 % aux promoteurs sur le foncier. Sauf que 3000 euros c\u2019est le prix auquel se sont vendus les derniers logements fait par un promoteur priv\u00e9 sur notre commune et ce sans l\u2019aide des pouvoirs publics. Combien de jeunes m\u00e9nages ont acc\u00e8s \u00e0 un budget de 300 000 euros ( 1300 euros mensuels sur 25 ans ) ? Monsieur le maire maintien que 3700 euros le M\u00b2 est un prix bien en dessous des prix pratiqu\u00e9s sur le march\u00e9 melgorien de l\u2019immobilier ce que conteste M Bourguet.<\/p>\n\n\n\n<p>3- Concernant ce qui nous concerne plus particuli\u00e8rement aujourd\u2019hui, \u00e0 savoir l\u2019attribution \u00e0 Ecolor d\u2019une parcelle pour un habitat participatif. Mme Gal se met en sc\u00e8ne dans le midi libre en annon\u00e7ant qu\u2019elle sera la premi\u00e8re habitante de la Font de Mauguio. Je n\u2019ai rien contre l\u2019Habitat participatif et c\u2019est m\u00eame un mod\u00e8le que je pourrais d\u00e9fendre. Mais l\u00e0 on se pr\u00e9cipite pour Ecolor et Mme Gal qui malgr\u00e9 leurs intenses campagnes n\u2019ont toujours pas r\u00e9uni les 11 candidats n\u00e9cessaires. Donc le dossier est tr\u00e8s fragile et les prix propos\u00e9s bien trop chers !<\/p>\n\n\n\n<p>Alors oui, depuis un certain temps M le maire cherche une caution \u00e9colo \u00e0 son projet .<\/p>\n\n\n\n<p>Mais on ne fait pas de l\u2019\u00e9cologie en b\u00e9tonnant 20 hectares de terres agricole !<\/p>\n\n\n\n<p>M\u00eame avec un zeste d\u2019 \u00e9co-habitat , m\u00eame avec un soup\u00e7on d\u2019agro-\u00e9cologie, m\u00eame avec des jardins partag\u00e9s vous n\u2019aurez pas notre caution ni celle des \u00e9cologistes de Mauguio !<\/p>\n\n\n\n<p>La Font de Mauguio est et restera un projet de b\u00e9ton et de bitume au c\u0153ur d\u2019un terroir agricole, en lisi\u00e8re d\u2019une zone humide et sur un r\u00e9seau routier d\u00e9j\u00e0 satur\u00e9 et inadapt\u00e9 !<\/p>\n\n\n\n<p>La Font de Mauguio ne r\u00e9soudra en rien notre p\u00e9nalit\u00e9 pour carence de logement social.<\/p>\n\n\n\n<p>La Font de Mauguio malgr\u00e9 ses 740 logements ne logera qu\u2019une toute petite poign\u00e9e d\u2019enfants de Mauguio !<\/p>\n\n\n\n<ul><li>Point 19 modification des tarifs communaux :<\/li><\/ul>\n\n\n\n<p>Ce point concerne le paiement d\u2019une taxe de 100 euros aux bars qui ont install\u00e9 des \u00e9crans sur la place de la mairie pendant la coupe du monde de football. Nous avons vot\u00e9 contre cette taxe. Daniel Bourguet a rappel\u00e9 le regret que la mairie n\u2019ai pas pris l\u2019initiative d\u2019installer un \u00e9cran pour tout le monde et que les les cafetiers avaient alors palli\u00e9 \u00e0 cette carence. C\u2019est donc un service public que les bars ont rendus et il n\u2019est pas juste de les taxer pour ce service rendu.<\/p>\n\n\n\n<ul><li>Point suppl\u00e9mentaire, les compteurs linky :<\/li><\/ul>\n\n\n\n<p>Ce point a \u00e9t\u00e9 rajout\u00e9 \u00e0 la demande des \u00e9lus de la Fabrique Citoyenne, dans la mesure o\u00f9 l\u2019installation de ces compteurs est pr\u00e9vue en 2019 \u00e0 Mauguio.<\/p>\n\n\n\n<p>M le Maire a expos\u00e9 qu\u2019au vu de ses recherches sur le sujet il n\u2019y avait aucune inqui\u00e9tude \u00e0 avoir ni en mati\u00e8re d\u2019ondes ni en mati\u00e8re d\u2019utilisation de donn\u00e9es personnelles. Il a aussi pr\u00e9cis\u00e9 qu\u2019un maire avait \u00e9t\u00e9 condamn\u00e9 pour avoir fait voter par son conseil une interdictions de ces compteurs. Il n\u2019y aura donc aucun soutien de la part de la mairie pour les gens qui ne souhaitent pas avoir ce type de compteur.<\/p>\n\n\n\n<p>Nous demandons que la mairie soit vigilante, communique sur le sujet, informe des calendriers et surtout soutienne ceux qui ne veulent pas du compteur linky. A ce jour le maire n\u2019est pas d\u00e9cid\u00e9 \u00e0 soutenir notre proposition.<\/p>\n","protected":false},"excerpt":{"rendered":"<p>Convocation ordre du jour conseil municipal de Mauguio Carnon du 30 juillet 2018 Notre webmaster est en absent. L&rsquo;enregistrement du conseil sera mis en ligne fin ao\u00fbt. D\u00e9cisions municipales : Les attributions des concessions \u00e0 Carnon \u00e0 deux commer\u00e7ants ambulants&hellip;<\/p>\n<p class=\"more-link-p\"><a class=\"more-link\" href=\"https:\/\/moniteur.ovh\/index.php\/conseil-municipal-du-30-juillet-2018\/\">Read more &rarr;<\/a><\/p>\n","protected":false},"author":1,"featured_media":0,"parent":0,"menu_order":0,"comment_status":"closed","ping_status":"closed","template":"","meta":[],"_links":{"self":[{"href":"https:\/\/moniteur.ovh\/index.php\/wp-json\/wp\/v2\/pages\/1130"}],"collection":[{"href":"https:\/\/moniteur.ovh\/index.php\/wp-json\/wp\/v2\/pages"}],"about":[{"href":"https:\/\/moniteur.ovh\/index.php\/wp-json\/wp\/v2\/types\/page"}],"author":[{"embeddable":true,"href":"https:\/\/moniteur.ovh\/index.php\/wp-json\/wp\/v2\/users\/1"}],"replies":[{"embeddable":true,"href":"https:\/\/moniteur.ovh\/index.php\/wp-json\/wp\/v2\/comments?post=1130"}],"version-history":[{"count":1,"href":"https:\/\/moniteur.ovh\/index.php\/wp-json\/wp\/v2\/pages\/1130\/revisions"}],"predecessor-version":[{"id":1131,"href":"https:\/\/moniteur.ovh\/index.php\/wp-json\/wp\/v2\/pages\/1130\/revisions\/1131"}],"wp:attachment":[{"href":"https:\/\/moniteur.ovh\/index.php\/wp-json\/wp\/v2\/media?parent=1130"}],"curies":[{"name":"wp","href":"https:\/\/api.w.org\/{rel}","templated":true}]}}