{"id":1123,"date":"2021-03-04T16:58:56","date_gmt":"2021-03-04T15:58:56","guid":{"rendered":"http:\/\/moniteur.ovh\/?page_id=1123"},"modified":"2021-03-04T17:03:17","modified_gmt":"2021-03-04T16:03:17","slug":"conseil-municipal-du-18-decembre-2017","status":"publish","type":"page","link":"https:\/\/moniteur.ovh\/index.php\/conseil-municipal-du-18-decembre-2017\/","title":{"rendered":"Conseil municipal du 18 d\u00e9cembre 2017"},"content":{"rendered":"\n<div class=\"wp-block-image\"><figure class=\"alignleft\"><img src=\"http:\/\/lafabriquecitoyennedupaysdelor.com\/wp-content\/uploads\/2017\/12\/P1290704-1024x575.jpg\" alt=\"\" class=\"wp-image-6214\"\/><\/figure><\/div>\n\n\n\n<p>Enregistrement complet du conseil municipal<\/p>\n\n\n\n<figure class=\"wp-block-audio\"><audio controls src=\"http:\/\/lafabriquecitoyennedupaysdelor.com\/wp-content\/uploads\/2017\/12\/171218-192148.MP3\"><\/audio><\/figure>\n\n\n\n<p>Extraits d&rsquo;interventions des \u00e9lus en conseil municipal. Les r\u00e9ponses du Maire ou de ses adjoints peuvent \u00eatre \u00e9cout\u00e9es dans l&rsquo;enregistrement int\u00e9gral ci-dessus :<\/p>\n\n\n\n<p>L&rsquo;envasement du port de Carnon<\/p>\n\n\n\n<figure class=\"wp-block-audio\"><audio controls src=\"http:\/\/lafabriquecitoyennedupaysdelor.com\/wp-content\/uploads\/2017\/12\/Envasement Port Carnon.mp3\"><\/audio><\/figure>\n\n\n\n<p>Tarifs communaux pour la f\u00eate foraine de Carnon<\/p>\n\n\n\n<figure class=\"wp-block-audio\"><audio controls src=\"http:\/\/lafabriquecitoyennedupaysdelor.com\/wp-content\/uploads\/2017\/12\/COnsultation pour les tarifs puces et f\u00eate foraine.mp3\"><\/audio><\/figure>\n\n\n\n<p>A Carnon, un sch\u00e9ma directeur qui \u00ab\u00a0oublie\u00a0\u00bb un tiers de la station\u2026<\/p>\n\n\n\n<figure class=\"wp-block-audio\"><audio controls src=\"http:\/\/lafabriquecitoyennedupaysdelor.com\/wp-content\/uploads\/2017\/12\/Carnon pour un vrai sch\u00e9ma directeur.mp3\"><\/audio><\/figure>\n\n\n\n<p>Palavas plus exemplaire que Carnon dans la prise en compte d&rsquo;un vrai probl\u00e8me, les wc ouverts 24\/24h toute l&rsquo;ann\u00e9e<\/p>\n\n\n\n<figure class=\"wp-block-audio\"><audio controls src=\"http:\/\/lafabriquecitoyennedupaysdelor.com\/wp-content\/uploads\/2017\/12\/Pb des wc \u00e0 Carnon.mp3\"><\/audio><\/figure>\n\n\n\n<p>R\u00e9vision du PLU de Mauguio Carnon, une oeuvre de longue haleine.<\/p>\n\n\n\n<figure class=\"wp-block-audio\"><audio controls src=\"http:\/\/lafabriquecitoyennedupaysdelor.com\/wp-content\/uploads\/2017\/12\/Dur\u00e9e de la r\u00e9vision du PLU.mp3\"><\/audio><\/figure>\n\n\n\n<p>Il\u00f4t Prevert, une maison des associations qui manque de concertation<\/p>\n\n\n\n<figure class=\"wp-block-audio\"><audio controls src=\"http:\/\/lafabriquecitoyennedupaysdelor.com\/wp-content\/uploads\/2017\/12\/Ilot Prevert et galerie d art.mp3\"><\/audio><\/figure>\n\n\n\n<p>Font de Mauguio, 2 millions d&rsquo;euros partis dans la nature<\/p>\n\n\n\n<figure class=\"wp-block-audio\"><audio controls src=\"http:\/\/lafabriquecitoyennedupaysdelor.com\/wp-content\/uploads\/2017\/12\/Font de MAuguio 2 million partis dans la nature.mp3\"><\/audio><\/figure>\n\n\n\n<p>D\u00e9claration d&rsquo;utilit\u00e9 publique Font de Mauguio et expropriations \u00e0 l&rsquo;amiable\u2026 ou pas !<\/p>\n\n\n\n<figure class=\"wp-block-audio\"><audio controls src=\"http:\/\/lafabriquecitoyennedupaysdelor.com\/wp-content\/uploads\/2017\/12\/DUP Font de Mauguio expropriations.mp3\"><\/audio><\/figure>\n","protected":false},"excerpt":{"rendered":"<p>Enregistrement complet du conseil municipal Extraits d&rsquo;interventions des \u00e9lus en conseil municipal. Les r\u00e9ponses du Maire ou de ses adjoints peuvent \u00eatre \u00e9cout\u00e9es dans l&rsquo;enregistrement int\u00e9gral ci-dessus : L&rsquo;envasement du port de Carnon Tarifs communaux pour la f\u00eate foraine de&hellip;<\/p>\n<p class=\"more-link-p\"><a class=\"more-link\" href=\"https:\/\/moniteur.ovh\/index.php\/conseil-municipal-du-18-decembre-2017\/\">Read more &rarr;<\/a><\/p>\n","protected":false},"author":1,"featured_media":0,"parent":0,"menu_order":0,"comment_status":"closed","ping_status":"closed","template":"","meta":[],"_links":{"self":[{"href":"https:\/\/moniteur.ovh\/index.php\/wp-json\/wp\/v2\/pages\/1123"}],"collection":[{"href":"https:\/\/moniteur.ovh\/index.php\/wp-json\/wp\/v2\/pages"}],"about":[{"href":"https:\/\/moniteur.ovh\/index.php\/wp-json\/wp\/v2\/types\/page"}],"author":[{"embeddable":true,"href":"https:\/\/moniteur.ovh\/index.php\/wp-json\/wp\/v2\/users\/1"}],"replies":[{"embeddable":true,"href":"https:\/\/moniteur.ovh\/index.php\/wp-json\/wp\/v2\/comments?post=1123"}],"version-history":[{"count":2,"href":"https:\/\/moniteur.ovh\/index.php\/wp-json\/wp\/v2\/pages\/1123\/revisions"}],"predecessor-version":[{"id":1125,"href":"https:\/\/moniteur.ovh\/index.php\/wp-json\/wp\/v2\/pages\/1123\/revisions\/1125"}],"wp:attachment":[{"href":"https:\/\/moniteur.ovh\/index.php\/wp-json\/wp\/v2\/media?parent=1123"}],"curies":[{"name":"wp","href":"https:\/\/api.w.org\/{rel}","templated":true}]}}