{"id":1119,"date":"2021-03-04T16:51:22","date_gmt":"2021-03-04T15:51:22","guid":{"rendered":"http:\/\/moniteur.ovh\/?page_id=1119"},"modified":"2021-03-04T16:51:22","modified_gmt":"2021-03-04T15:51:22","slug":"conseil-municipal-du-29-janvier-2018","status":"publish","type":"page","link":"https:\/\/moniteur.ovh\/index.php\/conseil-municipal-du-29-janvier-2018\/","title":{"rendered":"Conseil municipal du 29 janvier 2018"},"content":{"rendered":"\n<p>Ci-dessous l&rsquo;enregistrement int\u00e9gral du conseil municipal du 29 janvier 2018.<\/p>\n\n\n\n<figure class=\"wp-block-audio\"><audio controls src=\"http:\/\/lafabriquecitoyennedupaysdelor.com\/wp-content\/uploads\/2018\/01\/180129-191906.MP3\"><\/audio><\/figure>\n\n\n\n<p>Un sch\u00e9ma directeur qui se passe en huit clos (Daniel Bourguet)<br><\/p>\n\n\n\n<figure class=\"wp-block-audio\"><audio controls src=\"http:\/\/lafabriquecitoyennedupaysdelor.com\/wp-content\/uploads\/2018\/02\/Habitat.mp3\"><\/audio><\/figure>\n\n\n\n<p><em>\u00ab\u00a0Rester dans une agglo racornie ou int\u00e9grer une m\u00e9tropole plus ambitieuse\u00a0\u00bb<\/em>, Laurent Cappelletti a fait son choix.<br><\/p>\n\n\n\n<figure class=\"wp-block-audio\"><audio controls src=\"http:\/\/lafabriquecitoyennedupaysdelor.com\/wp-content\/uploads\/2018\/02\/Agglo-racornie.mp3\"><\/audio><\/figure>\n\n\n\n<p>R\u00e9duction des d\u00e9penses dans le budget de fonctionnement et r\u00e9duction des heures suppl\u00e9mentaires (Daniel Bourguet)<br><\/p>\n\n\n\n<figure class=\"wp-block-audio\"><audio controls src=\"http:\/\/lafabriquecitoyennedupaysdelor.com\/wp-content\/uploads\/2018\/02\/Budget-de-fonctionnement-r\u00e9duction-des-heures-suppl\u00e9mentaire-un-choix-politique.mp3\"><\/audio><\/figure>\n\n\n\n<p>Le groupe d&rsquo;\u00e9lus FN n&rsquo;a rien \u00e0 dire<br><\/p>\n\n\n\n<figure class=\"wp-block-audio\"><audio controls src=\"http:\/\/lafabriquecitoyennedupaysdelor.com\/wp-content\/uploads\/2018\/02\/FN-daccord.mp3\"><\/audio><\/figure>\n","protected":false},"excerpt":{"rendered":"<p>Ci-dessous l&rsquo;enregistrement int\u00e9gral du conseil municipal du 29 janvier 2018. Un sch\u00e9ma directeur qui se passe en huit clos (Daniel Bourguet) \u00ab\u00a0Rester dans une agglo racornie ou int\u00e9grer une m\u00e9tropole plus ambitieuse\u00a0\u00bb, Laurent Cappelletti a fait son choix. R\u00e9duction des&hellip;<\/p>\n<p class=\"more-link-p\"><a class=\"more-link\" href=\"https:\/\/moniteur.ovh\/index.php\/conseil-municipal-du-29-janvier-2018\/\">Read more &rarr;<\/a><\/p>\n","protected":false},"author":1,"featured_media":0,"parent":0,"menu_order":0,"comment_status":"closed","ping_status":"closed","template":"","meta":[],"_links":{"self":[{"href":"https:\/\/moniteur.ovh\/index.php\/wp-json\/wp\/v2\/pages\/1119"}],"collection":[{"href":"https:\/\/moniteur.ovh\/index.php\/wp-json\/wp\/v2\/pages"}],"about":[{"href":"https:\/\/moniteur.ovh\/index.php\/wp-json\/wp\/v2\/types\/page"}],"author":[{"embeddable":true,"href":"https:\/\/moniteur.ovh\/index.php\/wp-json\/wp\/v2\/users\/1"}],"replies":[{"embeddable":true,"href":"https:\/\/moniteur.ovh\/index.php\/wp-json\/wp\/v2\/comments?post=1119"}],"version-history":[{"count":1,"href":"https:\/\/moniteur.ovh\/index.php\/wp-json\/wp\/v2\/pages\/1119\/revisions"}],"predecessor-version":[{"id":1120,"href":"https:\/\/moniteur.ovh\/index.php\/wp-json\/wp\/v2\/pages\/1119\/revisions\/1120"}],"wp:attachment":[{"href":"https:\/\/moniteur.ovh\/index.php\/wp-json\/wp\/v2\/media?parent=1119"}],"curies":[{"name":"wp","href":"https:\/\/api.w.org\/{rel}","templated":true}]}}