{"id":1117,"date":"2021-03-04T16:49:54","date_gmt":"2021-03-04T15:49:54","guid":{"rendered":"http:\/\/moniteur.ovh\/?page_id=1117"},"modified":"2021-03-04T16:49:54","modified_gmt":"2021-03-04T15:49:54","slug":"conseil-municipal-du-19-fevrier-2018","status":"publish","type":"page","link":"https:\/\/moniteur.ovh\/index.php\/conseil-municipal-du-19-fevrier-2018\/","title":{"rendered":"Conseil municipal du 19 f\u00e9vrier 2018"},"content":{"rendered":"\n<p>Ci-dessous l&rsquo;enregistrement int\u00e9gral du conseil municipal du 19 f\u00e9vrier 2018<\/p>\n\n\n\n<figure class=\"wp-block-audio\"><audio controls src=\"http:\/\/lafabriquecitoyennedupaysdelor.com\/wp-content\/uploads\/2018\/02\/180219-191923.MP3\"><\/audio><\/figure>\n\n\n\n<p>Compte rendu publi\u00e9 par Midi Libre <a href=\"http:\/\/lafabriquecitoyennedupaysdelor.com\/wp-content\/uploads\/2018\/02\/Midi-Libre-19-f\u00e9vrier-2018.jpg\" target=\"_blank\" rel=\"noreferrer noopener\">ICI<\/a><\/p>\n","protected":false},"excerpt":{"rendered":"<p>Ci-dessous l&rsquo;enregistrement int\u00e9gral du conseil municipal du 19 f\u00e9vrier 2018 Compte rendu publi\u00e9 par Midi Libre ICI<\/p>\n<p class=\"more-link-p\"><a class=\"more-link\" href=\"https:\/\/moniteur.ovh\/index.php\/conseil-municipal-du-19-fevrier-2018\/\">Read more &rarr;<\/a><\/p>\n","protected":false},"author":1,"featured_media":0,"parent":0,"menu_order":0,"comment_status":"closed","ping_status":"closed","template":"","meta":[],"_links":{"self":[{"href":"https:\/\/moniteur.ovh\/index.php\/wp-json\/wp\/v2\/pages\/1117"}],"collection":[{"href":"https:\/\/moniteur.ovh\/index.php\/wp-json\/wp\/v2\/pages"}],"about":[{"href":"https:\/\/moniteur.ovh\/index.php\/wp-json\/wp\/v2\/types\/page"}],"author":[{"embeddable":true,"href":"https:\/\/moniteur.ovh\/index.php\/wp-json\/wp\/v2\/users\/1"}],"replies":[{"embeddable":true,"href":"https:\/\/moniteur.ovh\/index.php\/wp-json\/wp\/v2\/comments?post=1117"}],"version-history":[{"count":1,"href":"https:\/\/moniteur.ovh\/index.php\/wp-json\/wp\/v2\/pages\/1117\/revisions"}],"predecessor-version":[{"id":1118,"href":"https:\/\/moniteur.ovh\/index.php\/wp-json\/wp\/v2\/pages\/1117\/revisions\/1118"}],"wp:attachment":[{"href":"https:\/\/moniteur.ovh\/index.php\/wp-json\/wp\/v2\/media?parent=1117"}],"curies":[{"name":"wp","href":"https:\/\/api.w.org\/{rel}","templated":true}]}}