{"id":1114,"date":"2021-03-04T16:47:23","date_gmt":"2021-03-04T15:47:23","guid":{"rendered":"http:\/\/moniteur.ovh\/?page_id=1114"},"modified":"2021-03-04T16:47:23","modified_gmt":"2021-03-04T15:47:23","slug":"conseil-municipal-du-9-avril-2018","status":"publish","type":"page","link":"https:\/\/moniteur.ovh\/index.php\/conseil-municipal-du-9-avril-2018\/","title":{"rendered":"Conseil municipal du 9 avril 2018"},"content":{"rendered":"\n<p>Enregistrement int\u00e9gral du conseil municipal :<br><\/p>\n\n\n\n<figure class=\"wp-block-audio\"><audio controls src=\"http:\/\/lafabriquecitoyennedupaysdelor.com\/wp-content\/uploads\/2018\/04\/180409-182206.MP3\"><\/audio><\/figure>\n\n\n\n<p>Lettre de Madame Combarnous \u00e0 l&rsquo;adresse du conseil municipal et des \u00e9lecteurs :<\/p>\n\n\n\n<figure class=\"wp-block-audio\"><audio controls src=\"http:\/\/lafabriquecitoyennedupaysdelor.com\/wp-content\/uploads\/2018\/04\/Combarnous.mp3\"><\/audio><\/figure>\n\n\n\n<p>Mise en place du conseiller municipal Alain Frapoli :<\/p>\n\n\n\n<figure class=\"wp-block-audio\"><audio controls src=\"http:\/\/lafabriquecitoyennedupaysdelor.com\/wp-content\/uploads\/2018\/04\/Frapoli mise en place.mp3\"><\/audio><\/figure>\n\n\n\n<p>Une commune z\u00e9ro pesticides, vraiment ? (D. Bourguet)<br><\/p>\n\n\n\n<figure class=\"wp-block-audio\"><audio controls src=\"http:\/\/lafabriquecitoyennedupaysdelor.com\/wp-content\/uploads\/2018\/04\/Pesticides.mp3\"><\/audio><\/figure>\n\n\n\n<p>Une plage priv\u00e9e qui a les pieds dans l&rsquo;eau (D.Bourguet, A.Frapoli):<\/p>\n\n\n\n<figure class=\"wp-block-audio\"><audio controls src=\"http:\/\/lafabriquecitoyennedupaysdelor.com\/wp-content\/uploads\/2018\/04\/Plage-priv\u00e9e.mp3\"><\/audio><\/figure>\n\n\n\n<p>Concurrence aux commer\u00e7ants de Carnon (S.Gr\u00e8s) :<\/p>\n\n\n\n<!--[if lt IE 9]><script>document.createElement('audio');<\/script><![endif]-->\n<audio class=\"wp-audio-shortcode\" id=\"audio-1114-1\" preload=\"none\" style=\"width: 100%;\" controls=\"controls\"><source type=\"audio\/mpeg\" src=\"http:\/\/lafabriquecitoyennedupaysdelor.com\/wp-content\/uploads\/2018\/04\/Cr\u00e8mes-solaires.mp3?_=1\" \/><a href=\"http:\/\/lafabriquecitoyennedupaysdelor.com\/wp-content\/uploads\/2018\/04\/Cr\u00e8mes-solaires.mp3\">http:\/\/lafabriquecitoyennedupaysdelor.com\/wp-content\/uploads\/2018\/04\/Cr\u00e8mes-solaires.mp3<\/a><\/audio>\n\n\n\n<p>Mauguio Carnon, une commune z\u00e9ro pesticides ? Pas tout a fait ! (D.Bourguet)<\/p>\n\n\n\n<p><audio class=\"wp-audio-shortcode\" id=\"audio-1114-2\" preload=\"none\" style=\"width: 100%;\" controls=\"controls\"><source type=\"audio\/mpeg\" src=\"http:\/\/lafabriquecitoyennedupaysdelor.com\/wp-content\/uploads\/2018\/04\/Pesticides.mp3?_=2\" \/><a href=\"http:\/\/lafabriquecitoyennedupaysdelor.com\/wp-content\/uploads\/2018\/04\/Pesticides.mp3\">http:\/\/lafabriquecitoyennedupaysdelor.com\/wp-content\/uploads\/2018\/04\/Pesticides.mp3<\/a><\/audio><br>Sch\u00e9ma directeur, une concertation qui suscite des doutes (D.Bourguet, A.Frapoli, L.Pradeille, L.Cappeletti) :<br><audio class=\"wp-audio-shortcode\" id=\"audio-1114-3\" preload=\"none\" style=\"width: 100%;\" controls=\"controls\"><source type=\"audio\/mpeg\" src=\"http:\/\/lafabriquecitoyennedupaysdelor.com\/wp-content\/uploads\/2018\/04\/Concertation-sch\u00e9ma-directeur.mp3?_=3\" \/><a href=\"http:\/\/lafabriquecitoyennedupaysdelor.com\/wp-content\/uploads\/2018\/04\/Concertation-sch\u00e9ma-directeur.mp3\">http:\/\/lafabriquecitoyennedupaysdelor.com\/wp-content\/uploads\/2018\/04\/Concertation-sch\u00e9ma-directeur.mp3<\/a><\/audio><br>Linky, ne pas les rendre obligatoire (D.Bourguet)<br><audio class=\"wp-audio-shortcode\" id=\"audio-1114-4\" preload=\"none\" style=\"width: 100%;\" controls=\"controls\"><source type=\"audio\/mpeg\" src=\"http:\/\/lafabriquecitoyennedupaysdelor.com\/wp-content\/uploads\/2018\/04\/Linky.mp3?_=4\" \/><a href=\"http:\/\/lafabriquecitoyennedupaysdelor.com\/wp-content\/uploads\/2018\/04\/Linky.mp3\">http:\/\/lafabriquecitoyennedupaysdelor.com\/wp-content\/uploads\/2018\/04\/Linky.mp3<\/a><\/audio><br>Une antenne relais contest\u00e9e (A.Frapoli) :<br><audio class=\"wp-audio-shortcode\" id=\"audio-1114-5\" preload=\"none\" style=\"width: 100%;\" controls=\"controls\"><source type=\"audio\/mpeg\" src=\"http:\/\/lafabriquecitoyennedupaysdelor.com\/wp-content\/uploads\/2018\/04\/Antenne-relais-\u00e0-Carnon.mp3?_=5\" \/><a href=\"http:\/\/lafabriquecitoyennedupaysdelor.com\/wp-content\/uploads\/2018\/04\/Antenne-relais-\u00e0-Carnon.mp3\">http:\/\/lafabriquecitoyennedupaysdelor.com\/wp-content\/uploads\/2018\/04\/Antenne-relais-\u00e0-Carnon.mp3<\/a><\/audio><br>Augmentation du tarif des vacances sportives (S.Gr\u00e8s, L. Pradeille) :<br><audio class=\"wp-audio-shortcode\" id=\"audio-1114-6\" preload=\"none\" style=\"width: 100%;\" controls=\"controls\"><source type=\"audio\/mpeg\" src=\"http:\/\/lafabriquecitoyennedupaysdelor.com\/wp-content\/uploads\/2018\/04\/Tarifs-vacances-sportives.mp3?_=6\" \/><a href=\"http:\/\/lafabriquecitoyennedupaysdelor.com\/wp-content\/uploads\/2018\/04\/Tarifs-vacances-sportives.mp3\">http:\/\/lafabriquecitoyennedupaysdelor.com\/wp-content\/uploads\/2018\/04\/Tarifs-vacances-sportives.mp3<\/a><\/audio><br>Fermeture d&rsquo;une classe \u00e0 Mauguio, politique vis \u00e0 vis de la jeunesse (L.Pradeille) :<br><\/p>\n\n\n\n<figure class=\"wp-block-audio\"><audio controls src=\"http:\/\/lafabriquecitoyennedupaysdelor.com\/wp-content\/uploads\/2018\/04\/Fermeture-dune-classe-\u00e0-Mauguio-politique-vis-\u00e0-vis-des-jeunes.mp3\"><\/audio><\/figure>\n","protected":false},"excerpt":{"rendered":"<p>Enregistrement int\u00e9gral du conseil municipal : Lettre de Madame Combarnous \u00e0 l&rsquo;adresse du conseil municipal et des \u00e9lecteurs : Mise en place du conseiller municipal Alain Frapoli : Une commune z\u00e9ro pesticides, vraiment ? (D. Bourguet) Une plage priv\u00e9e qui&hellip;<\/p>\n<p class=\"more-link-p\"><a class=\"more-link\" href=\"https:\/\/moniteur.ovh\/index.php\/conseil-municipal-du-9-avril-2018\/\">Read more &rarr;<\/a><\/p>\n","protected":false},"author":1,"featured_media":0,"parent":0,"menu_order":0,"comment_status":"closed","ping_status":"closed","template":"","meta":[],"_links":{"self":[{"href":"https:\/\/moniteur.ovh\/index.php\/wp-json\/wp\/v2\/pages\/1114"}],"collection":[{"href":"https:\/\/moniteur.ovh\/index.php\/wp-json\/wp\/v2\/pages"}],"about":[{"href":"https:\/\/moniteur.ovh\/index.php\/wp-json\/wp\/v2\/types\/page"}],"author":[{"embeddable":true,"href":"https:\/\/moniteur.ovh\/index.php\/wp-json\/wp\/v2\/users\/1"}],"replies":[{"embeddable":true,"href":"https:\/\/moniteur.ovh\/index.php\/wp-json\/wp\/v2\/comments?post=1114"}],"version-history":[{"count":1,"href":"https:\/\/moniteur.ovh\/index.php\/wp-json\/wp\/v2\/pages\/1114\/revisions"}],"predecessor-version":[{"id":1115,"href":"https:\/\/moniteur.ovh\/index.php\/wp-json\/wp\/v2\/pages\/1114\/revisions\/1115"}],"wp:attachment":[{"href":"https:\/\/moniteur.ovh\/index.php\/wp-json\/wp\/v2\/media?parent=1114"}],"curies":[{"name":"wp","href":"https:\/\/api.w.org\/{rel}","templated":true}]}}