{"id":1108,"date":"2021-03-04T16:37:15","date_gmt":"2021-03-04T15:37:15","guid":{"rendered":"http:\/\/moniteur.ovh\/?page_id=1108"},"modified":"2021-03-04T16:38:12","modified_gmt":"2021-03-04T15:38:12","slug":"conseil-municipal-du-1er-octobre-2018","status":"publish","type":"page","link":"https:\/\/moniteur.ovh\/index.php\/conseil-municipal-du-1er-octobre-2018\/","title":{"rendered":"Conseil municipal du 1er octobre 2018"},"content":{"rendered":"\n<p>Ci-dessous l&rsquo;enregistrement int\u00e9gral du conseil municipal du 1er octobre.<\/p>\n\n\n\n<p><!--[if lt IE 9]><script>document.createElement('audio');<\/script><![endif]-->\n<audio class=\"wp-audio-shortcode\" id=\"audio-1108-1\" preload=\"none\" style=\"width: 100%;\" controls=\"controls\"><source type=\"audio\/mpeg\" src=\"http:\/\/lafabriquecitoyennedupaysdelor.com\/wp-content\/uploads\/2018\/10\/CM%20du%201%20octobre%202018\/181001-181847.MP3?_=1\" \/><a href=\"http:\/\/lafabriquecitoyennedupaysdelor.com\/wp-content\/uploads\/2018\/10\/CM%20du%201%20octobre%202018\/181001-181847.MP3\">http:\/\/lafabriquecitoyennedupaysdelor.com\/wp-content\/uploads\/2018\/10\/CM%20du%201%20octobre%202018\/181001-181847.MP3<\/a><\/audio><br>Extrait 1 : Le point sur la Font de Mauguio et d\u00e9bat (1h)<\/p>\n\n\n\n<p><audio class=\"wp-audio-shortcode\" id=\"audio-1108-2\" preload=\"none\" style=\"width: 100%;\" controls=\"controls\"><source type=\"audio\/mpeg\" src=\"http:\/\/lafabriquecitoyennedupaysdelor.com\/wp-content\/uploads\/2018\/10\/Extrait-ZAC-Font-de-Mauguio-1-H.mp3?_=2\" \/><a href=\"http:\/\/lafabriquecitoyennedupaysdelor.com\/wp-content\/uploads\/2018\/10\/Extrait-ZAC-Font-de-Mauguio-1-H.mp3\">http:\/\/lafabriquecitoyennedupaysdelor.com\/wp-content\/uploads\/2018\/10\/Extrait-ZAC-Font-de-Mauguio-1-H.mp3<\/a><\/audio><br>Extrait 2 : Une conseill\u00e8re municipale utilise le conseil municipal pour se livrer \u00e0 une attaque personnelle quasi diffamatoire contre Daniel Bourguet ! Bien entendu, cette conseill\u00e8re est incapable d&rsquo;avancer le moindre \u00e9l\u00e9ment concret de ce qu&rsquo;elle insinue. Une curieuse fa\u00e7on de concevoir la politique municipale. \u00ab\u00a0Curieuse\u00a0\u00bb est une litote\u2026<\/p>\n\n\n\n<figure class=\"wp-block-audio\"><audio controls src=\"http:\/\/lafabriquecitoyennedupaysdelor.com\/wp-content\/uploads\/2018\/10\/Daniel bassement attaqu\u00e9.mp3\"><\/audio><\/figure>\n","protected":false},"excerpt":{"rendered":"<p>Ci-dessous l&rsquo;enregistrement int\u00e9gral du conseil municipal du 1er octobre. Extrait 1 : Le point sur la Font de Mauguio et d\u00e9bat (1h) Extrait 2 : Une conseill\u00e8re municipale utilise le conseil municipal pour se livrer \u00e0 une attaque personnelle quasi&hellip;<\/p>\n<p class=\"more-link-p\"><a class=\"more-link\" href=\"https:\/\/moniteur.ovh\/index.php\/conseil-municipal-du-1er-octobre-2018\/\">Read more &rarr;<\/a><\/p>\n","protected":false},"author":1,"featured_media":0,"parent":0,"menu_order":0,"comment_status":"closed","ping_status":"closed","template":"","meta":[],"_links":{"self":[{"href":"https:\/\/moniteur.ovh\/index.php\/wp-json\/wp\/v2\/pages\/1108"}],"collection":[{"href":"https:\/\/moniteur.ovh\/index.php\/wp-json\/wp\/v2\/pages"}],"about":[{"href":"https:\/\/moniteur.ovh\/index.php\/wp-json\/wp\/v2\/types\/page"}],"author":[{"embeddable":true,"href":"https:\/\/moniteur.ovh\/index.php\/wp-json\/wp\/v2\/users\/1"}],"replies":[{"embeddable":true,"href":"https:\/\/moniteur.ovh\/index.php\/wp-json\/wp\/v2\/comments?post=1108"}],"version-history":[{"count":2,"href":"https:\/\/moniteur.ovh\/index.php\/wp-json\/wp\/v2\/pages\/1108\/revisions"}],"predecessor-version":[{"id":1110,"href":"https:\/\/moniteur.ovh\/index.php\/wp-json\/wp\/v2\/pages\/1108\/revisions\/1110"}],"wp:attachment":[{"href":"https:\/\/moniteur.ovh\/index.php\/wp-json\/wp\/v2\/media?parent=1108"}],"curies":[{"name":"wp","href":"https:\/\/api.w.org\/{rel}","templated":true}]}}