{"id":1105,"date":"2021-03-04T16:34:06","date_gmt":"2021-03-04T15:34:06","guid":{"rendered":"http:\/\/moniteur.ovh\/?page_id=1105"},"modified":"2021-03-04T16:34:06","modified_gmt":"2021-03-04T15:34:06","slug":"conseil-municipal-du-30-juillet-2019","status":"publish","type":"page","link":"https:\/\/moniteur.ovh\/index.php\/conseil-municipal-du-30-juillet-2019\/","title":{"rendered":"Conseil municipal du 30 juillet 2019"},"content":{"rendered":"\n<p>Enregistrement audio du conseil municipal, le voici :<\/p>\n\n\n\n<figure class=\"wp-block-audio\"><audio controls src=\"http:\/\/lafabriquecitoyennedupaysdelor.com\/wp-content\/uploads\/2018\/07\/CM30072018.MP3\"><\/audio><\/figure>\n\n\n\n<p>Vous pouvez \u00e9galement acc\u00e9der au compte rendu textuel, comment\u00e9, en cliquant sur le lien ci-dessous.<\/p>\n\n\n\n<p><a href=\"http:\/\/lafabriquecitoyennedupaysdelor.com\/?page_id=6574\" target=\"_blank\" rel=\"noreferrer noopener\">Compte rendu textuel<\/a><\/p>\n","protected":false},"excerpt":{"rendered":"<p>Enregistrement audio du conseil municipal, le voici : Vous pouvez \u00e9galement acc\u00e9der au compte rendu textuel, comment\u00e9, en cliquant sur le lien ci-dessous. Compte rendu textuel<\/p>\n<p class=\"more-link-p\"><a class=\"more-link\" href=\"https:\/\/moniteur.ovh\/index.php\/conseil-municipal-du-30-juillet-2019\/\">Read more &rarr;<\/a><\/p>\n","protected":false},"author":1,"featured_media":0,"parent":0,"menu_order":0,"comment_status":"closed","ping_status":"closed","template":"","meta":[],"_links":{"self":[{"href":"https:\/\/moniteur.ovh\/index.php\/wp-json\/wp\/v2\/pages\/1105"}],"collection":[{"href":"https:\/\/moniteur.ovh\/index.php\/wp-json\/wp\/v2\/pages"}],"about":[{"href":"https:\/\/moniteur.ovh\/index.php\/wp-json\/wp\/v2\/types\/page"}],"author":[{"embeddable":true,"href":"https:\/\/moniteur.ovh\/index.php\/wp-json\/wp\/v2\/users\/1"}],"replies":[{"embeddable":true,"href":"https:\/\/moniteur.ovh\/index.php\/wp-json\/wp\/v2\/comments?post=1105"}],"version-history":[{"count":1,"href":"https:\/\/moniteur.ovh\/index.php\/wp-json\/wp\/v2\/pages\/1105\/revisions"}],"predecessor-version":[{"id":1106,"href":"https:\/\/moniteur.ovh\/index.php\/wp-json\/wp\/v2\/pages\/1105\/revisions\/1106"}],"wp:attachment":[{"href":"https:\/\/moniteur.ovh\/index.php\/wp-json\/wp\/v2\/media?parent=1105"}],"curies":[{"name":"wp","href":"https:\/\/api.w.org\/{rel}","templated":true}]}}