{"id":1098,"date":"2021-03-04T16:16:48","date_gmt":"2021-03-04T15:16:48","guid":{"rendered":"http:\/\/moniteur.ovh\/?page_id=1098"},"modified":"2021-03-04T16:16:48","modified_gmt":"2021-03-04T15:16:48","slug":"conseil-municipal-du-20-mai-2019","status":"publish","type":"page","link":"https:\/\/moniteur.ovh\/index.php\/conseil-municipal-du-20-mai-2019\/","title":{"rendered":"Conseil municipal du 20 mai 2019"},"content":{"rendered":"\n<div class=\"wp-block-image\"><figure class=\"alignleft\"><img src=\"http:\/\/lafabriquecitoyennedupaysdelor.com\/wp-content\/uploads\/2019\/05\/P1410910-300x169.jpg\" alt=\"\" class=\"wp-image-7155\"\/><\/figure><\/div>\n\n\n\n<p>Daniel Bourguet, conseiller municipal : <em>\u00ab\u00a0Le maire nous demande de mettre gratuitement \u00e0 disposition de l&rsquo;Or am\u00e9nagement pour la Font de Mauguio 10 hectares de terrains que nous avons achet\u00e9 il y a quelques mois \u00e0 peine \u00e0 ce m\u00eame l&rsquo;Or am\u00e9nagement.<\/em><\/p>\n\n\n\n<p><em>Ces 600 000 euros sont une fois de plus sortis de la poche du contribuable Melgorien au profit du projet immobilier de la Font de Mauguio. Ceci s&rsquo;ajoute \u00e0 tant d&rsquo;autres d\u00e9penses depuis plus de dix ans et le maire continue \u00e0 dire que ce projet s&rsquo;autofinance et ne co\u00fbte rien au contribuable Melgorien\u00a0\u00bb. <\/em>A \u00e9couter l&rsquo;int\u00e9gralit\u00e9 de son intervention ci-dessous.<\/p>\n\n\n\n<figure class=\"wp-block-audio\"><audio controls src=\"http:\/\/lafabriquecitoyennedupaysdelor.com\/wp-content\/uploads\/2019\/05\/Font-de-MAuguio-terrains-co\u00fbtent-cher.mp3\"><\/audio><\/figure>\n\n\n\n<p>Cession de la gestion du Foyer des Aiguerelles \u00e0 la Croix rouge fran\u00e7aise dans le cadre d&rsquo;un vaste projet m\u00e9dico-social avec cession de patrimoine. Intervention du Maire de Mauguio Carnon :<\/p>\n\n\n\n<figure class=\"wp-block-audio\"><audio controls src=\"http:\/\/lafabriquecitoyennedupaysdelor.com\/wp-content\/uploads\/2019\/05\/20-mai-ehpad-Bourrel.mp3\"><\/audio><\/figure>\n\n\n\n<p>Intervention de la conseill\u00e8re municipale de la Fabrique Citoyenne Simone Gr\u00e8s \u00e0 propos de la cession du patrimoine :<\/p>\n\n\n\n<figure class=\"wp-block-audio\"><audio controls src=\"http:\/\/lafabriquecitoyennedupaysdelor.com\/wp-content\/uploads\/2019\/05\/Intervention-Simone-Gr\u00e8s-sur-Ehpad-20-mai.mp3\"><\/audio><\/figure>\n\n\n\n<p>Font de Mauguio, des parkings pr\u00e9caires pour 750 logements. Une intervention de Daniel Bourguet conseiller municipal et conseiller d&rsquo;agglo :<\/p>\n\n\n\n<figure class=\"wp-block-audio\"><audio controls src=\"http:\/\/lafabriquecitoyennedupaysdelor.com\/wp-content\/uploads\/2019\/05\/Parkings-Daniel-20-mai.mp3\"><\/audio><\/figure>\n\n\n\n<p>Implantation d&rsquo;une antenne relais \u00e0 Mauguio. Intervention de Daniel Bourguet conseiller municipal et conseiller d&rsquo;agglo :<\/p>\n\n\n\n<p><!--[if lt IE 9]><script>document.createElement('audio');<\/script><![endif]-->\n<audio class=\"wp-audio-shortcode\" id=\"audio-1098-1\" preload=\"none\" style=\"width: 100%;\" controls=\"controls\"><source type=\"audio\/mpeg\" src=\"http:\/\/lafabriquecitoyennedupaysdelor.com\/wp-content\/uploads\/2019\/05\/Antenne-relais-Daniel-20-mai.mp3?_=1\" \/><a href=\"http:\/\/lafabriquecitoyennedupaysdelor.com\/wp-content\/uploads\/2019\/05\/Antenne-relais-Daniel-20-mai.mp3\">http:\/\/lafabriquecitoyennedupaysdelor.com\/wp-content\/uploads\/2019\/05\/Antenne-relais-Daniel-20-mai.mp3<\/a><\/audio><br>Int\u00e9gralit\u00e9 du conseil municipal<\/p>\n\n\n\n<figure class=\"wp-block-audio\"><audio controls src=\"http:\/\/lafabriquecitoyennedupaysdelor.com\/wp-content\/uploads\/2019\/05\/Conseil municipal du 20 mai 2019.MP3\"><\/audio><\/figure>\n","protected":false},"excerpt":{"rendered":"<p>Daniel Bourguet, conseiller municipal : \u00ab\u00a0Le maire nous demande de mettre gratuitement \u00e0 disposition de l&rsquo;Or am\u00e9nagement pour la Font de Mauguio 10 hectares de terrains que nous avons achet\u00e9 il y a quelques mois \u00e0 peine \u00e0 ce m\u00eame&hellip;<\/p>\n<p class=\"more-link-p\"><a class=\"more-link\" href=\"https:\/\/moniteur.ovh\/index.php\/conseil-municipal-du-20-mai-2019\/\">Read more &rarr;<\/a><\/p>\n","protected":false},"author":1,"featured_media":0,"parent":0,"menu_order":0,"comment_status":"closed","ping_status":"closed","template":"","meta":[],"_links":{"self":[{"href":"https:\/\/moniteur.ovh\/index.php\/wp-json\/wp\/v2\/pages\/1098"}],"collection":[{"href":"https:\/\/moniteur.ovh\/index.php\/wp-json\/wp\/v2\/pages"}],"about":[{"href":"https:\/\/moniteur.ovh\/index.php\/wp-json\/wp\/v2\/types\/page"}],"author":[{"embeddable":true,"href":"https:\/\/moniteur.ovh\/index.php\/wp-json\/wp\/v2\/users\/1"}],"replies":[{"embeddable":true,"href":"https:\/\/moniteur.ovh\/index.php\/wp-json\/wp\/v2\/comments?post=1098"}],"version-history":[{"count":1,"href":"https:\/\/moniteur.ovh\/index.php\/wp-json\/wp\/v2\/pages\/1098\/revisions"}],"predecessor-version":[{"id":1099,"href":"https:\/\/moniteur.ovh\/index.php\/wp-json\/wp\/v2\/pages\/1098\/revisions\/1099"}],"wp:attachment":[{"href":"https:\/\/moniteur.ovh\/index.php\/wp-json\/wp\/v2\/media?parent=1098"}],"curies":[{"name":"wp","href":"https:\/\/api.w.org\/{rel}","templated":true}]}}