{"id":1094,"date":"2021-03-04T16:12:09","date_gmt":"2021-03-04T15:12:09","guid":{"rendered":"http:\/\/moniteur.ovh\/?page_id=1094"},"modified":"2021-03-04T17:17:19","modified_gmt":"2021-03-04T16:17:19","slug":"conseil-municipal-du-7-octobre-2019-un-maire-arrogant","status":"publish","type":"page","link":"https:\/\/moniteur.ovh\/index.php\/conseil-municipal-du-7-octobre-2019-un-maire-arrogant\/","title":{"rendered":"Conseil municipal du 7 octobre 2019"},"content":{"rendered":"\n<div class=\"wp-block-image\"><figure class=\"alignleft\"><img src=\"http:\/\/lafabriquecitoyennedupaysdelor.com\/wp-content\/uploads\/2019\/10\/P1420828-1024x575.jpg\" alt=\"\" class=\"wp-image-7270\"\/><\/figure><\/div>\n\n\n\n<p><br>Au conseil municipal qui vient de se tenir \u00e0 Carnon lundi 7 octobre, le maire de Mauguio est ouvertement parti en campagne \u00e9lectorale. Pas de la plus brillante fa\u00e7on. Qu\u2019on en juge.<br>Examen du point 21. Objet : nouvelle capitainerie de Carnon &#8211; \u00ab autorisation du d\u00e9p\u00f4t du permis de d\u00e9molir et de construire \u00bb.<br>Daniel Bourguet demande au maire de surseoir \u00e0 ce vote au motif qu\u2019il a re\u00e7u des usagers du port une p\u00e9tition (9 pages de signatures) demandant des pr\u00e9cisions sur ce projet. R\u00e9ponse stup\u00e9fiante du maire de Mauguio <em>\u00ab vous n\u2019avez pas de bateau, vous ne faites pas parti des amodiataires du port (\u2026) vous \u00eates le porte-parole d\u2019une revendication que vous relayez, vous n\u2019avez pas la l\u00e9gitimit\u00e9 pour le faire \u00bb<\/em>. (\u00c8couter l\u2019enregistrement ci-apr\u00e8s)<\/p>\n\n\n\n<figure class=\"wp-block-audio\"><audio controls src=\"http:\/\/lafabriquecitoyennedupaysdelor.com\/wp-content\/uploads\/2019\/10\/Bourguet pas de l\u00e9gitimit\u00e9 2.mp3\"><\/audio><\/figure>\n\n\n\n<p>Ainsi, pour le maire, un \u00e9lu du peuple n\u2019est pas l\u00e9gitime \u00e0 relayer en conseil municipal la parole de citoyens qui s\u2019adressent \u00e0 lui ! Pire, le maire indique clairement que l\u2019ill\u00e9gitimit\u00e9 de Daniel Bourguet tient au fait qu\u2019il <em>\u00ab ne poss\u00e8de pas de bateau \u00bb<\/em> et <em>\u00ab n\u2019est pas amodiataire du port \u00bb<\/em>. Doit-on en d\u00e9duire que le maire, qui lui, intervient, est propri\u00e9taire d\u2019un bateau amarr\u00e9 dans le port de Carnon ? Et qu\u2019il en va de m\u00eame pour tous les conseillers municipaux de la majorit\u00e9 qui participent au vote ?<br>A plusieurs reprises, le maire, au cours du conseil, a revendiqu\u00e9 \u00eatre \u00ab l\u00e9galiste \u00bb. A part qu\u2019il a fait afficher un permis de d\u00e9molir sur la capitainerie, plusieurs jours avant qu\u2019il soit vot\u00e9 en conseil municipal. On fait mieux en mati\u00e8re de respect de la l\u00e9galit\u00e9. D\u2019autant que, si le maire a reconnu l\u2019avoir affich\u00e9 \u00ab par erreur \u00bb, il s\u2019est bien gard\u00e9 de reconna\u00eetre avoir sign\u00e9 ill\u00e9galement ce permis de d\u00e9molir ! <em>(Permis n\u00b0PD 03415419A0018 sign\u00e9 le 23 septembre, 15 jours avant le vote du conseil municipal l\u2019autorisant \u00e0 le faire)<\/em>.<\/p>\n\n\n\n<p>\u00c8couter l&rsquo;enregistrement ci-dessous :<\/p>\n\n\n\n<figure class=\"wp-block-audio\"><audio controls src=\"http:\/\/lafabriquecitoyennedupaysdelor.com\/wp-content\/uploads\/2019\/10\/Bourguet permis de construire d\u00e9j\u00e0 affich\u00e9.mp3\"><\/audio><\/figure>\n\n\n\n<p>Daniel Bourguet \u00e9tant per\u00e7u comme son concurrent dans la campagne des municipales, le maire a poursuivi sans vergogne, en plein conseil municipal, ses attaques ad personam pour esquiver le d\u00e9bat sur le fond. Cette fois-ci, c\u2019est le lieu d\u2019habitation de Daniel Bourguet qui le disqualifie, aux yeux du maire, pour contester le b\u00e9tonnage des terres agricoles de la Font de Mauguio : <em>\u00ab Monsieur, Bourguet vous \u00eates mal plac\u00e9 pour critiquer l\u2019extension possible d\u2019une ville (\u2026) Vous qui vivez dans un endroit qui, aujourd\u2019hui, est en zone bien rouge et qui ne b\u00e9n\u00e9ficierait pas d\u2019un droit \u00e0 s\u2019installer\u00bb<\/em>. Ainsi donc pour le maire la l\u00e9gitimit\u00e9 d\u2019un conseiller municipal \u00e0 s\u2019exprimer sur la Font de Mauguio tient \u00e0 son lieu de r\u00e9sidence et non \u00e0 sa repr\u00e9sentativit\u00e9 d\u2019\u00e9lu du peuple. Une vision pour le moins curieuse de la d\u00e9mocratie. Sauf \u00e0 consid\u00e9rer le conseil municipal comme une tribune \u00e9lectorale utilis\u00e9e pour attaquer ses concurrents. Ce dont, ce lundi 7 octobre, le maire de Mauguio, en course pour sa r\u00e9\u00e9lection, ne s\u2019est pas priv\u00e9.<\/p>\n\n\n\n<p>\u00c8couter l\u2019enregistrement ci-dessous :<\/p>\n\n\n\n<figure class=\"wp-block-audio\"><audio controls src=\"http:\/\/lafabriquecitoyennedupaysdelor.com\/wp-content\/uploads\/2019\/10\/Bourguet habite en zone rouge.mp3\"><\/audio><\/figure>\n\n\n\n<p><em>(Incidemment, bien que cela ne concerne en rien le conseil municipal, quelqu&rsquo;un pourrait-il susurrer \u00e0 l\u2019oreille de notre maire qu\u2019aucune loi n\u2019interdit d\u2019habiter en zone rouge et que de surcro\u00eet, lorsque le conseiller municipal Daniel Bourguet a achet\u00e9 sa maison il y a trente ans, le zonage n\u2019existait pas).<\/em><\/p>\n\n\n\n<p>INT\u00c8GRALIT\u00c8 DE l&rsquo;ENREGISTREMENT DU CONSEIL MUNICIPAL<\/p>\n\n\n\n<figure class=\"wp-block-audio\"><audio controls src=\"http:\/\/lafabriquecitoyennedupaysdelor.com\/wp-content\/uploads\/2019\/10\/Conseil municipal 7 novembre amplifie 2 2019.mp3\"><\/audio><\/figure>\n","protected":false},"excerpt":{"rendered":"<p>Au conseil municipal qui vient de se tenir \u00e0 Carnon lundi 7 octobre, le maire de Mauguio est ouvertement parti en campagne \u00e9lectorale. Pas de la plus brillante fa\u00e7on. Qu\u2019on en juge.Examen du point 21. Objet : nouvelle capitainerie de&hellip;<\/p>\n<p class=\"more-link-p\"><a class=\"more-link\" href=\"https:\/\/moniteur.ovh\/index.php\/conseil-municipal-du-7-octobre-2019-un-maire-arrogant\/\">Read more &rarr;<\/a><\/p>\n","protected":false},"author":1,"featured_media":0,"parent":0,"menu_order":0,"comment_status":"closed","ping_status":"closed","template":"","meta":[],"_links":{"self":[{"href":"https:\/\/moniteur.ovh\/index.php\/wp-json\/wp\/v2\/pages\/1094"}],"collection":[{"href":"https:\/\/moniteur.ovh\/index.php\/wp-json\/wp\/v2\/pages"}],"about":[{"href":"https:\/\/moniteur.ovh\/index.php\/wp-json\/wp\/v2\/types\/page"}],"author":[{"embeddable":true,"href":"https:\/\/moniteur.ovh\/index.php\/wp-json\/wp\/v2\/users\/1"}],"replies":[{"embeddable":true,"href":"https:\/\/moniteur.ovh\/index.php\/wp-json\/wp\/v2\/comments?post=1094"}],"version-history":[{"count":2,"href":"https:\/\/moniteur.ovh\/index.php\/wp-json\/wp\/v2\/pages\/1094\/revisions"}],"predecessor-version":[{"id":1137,"href":"https:\/\/moniteur.ovh\/index.php\/wp-json\/wp\/v2\/pages\/1094\/revisions\/1137"}],"wp:attachment":[{"href":"https:\/\/moniteur.ovh\/index.php\/wp-json\/wp\/v2\/media?parent=1094"}],"curies":[{"name":"wp","href":"https:\/\/api.w.org\/{rel}","templated":true}]}}